{"id":8588,"date":"2025-06-06T21:35:19","date_gmt":"2025-06-06T19:35:19","guid":{"rendered":"https:\/\/weinhundert.styleinc.eu\/produkt\/boogie-blanc\/"},"modified":"2025-10-10T11:00:40","modified_gmt":"2025-10-10T09:00:40","slug":"boogie-blanc","status":"publish","type":"product","link":"https:\/\/weinhundert.styleinc.eu\/da\/produkt\/boogie-blanc\/","title":{"rendered":"Boogie Blanc"},"content":{"rendered":"<p>Letbenet, frisk, funky &#8211; denne vin bringer sommeren ind i dit glas.<br \/>\nBacchus m\u00f8der M\u00fcller-Thurgau, og sammen skaber de en aromatisk rytme, der straks giver dig lyst til mere. Dansende aromaer af citrus, gr\u00f8nne \u00e6bler og et strejf af muskatn\u00f8d i n\u00e6sen &#8211; livlig, saftig og charmerende legesyg i munden. En vin som en sommerdag: ubekymret, munter og altid lidt i bev\u00e6gelse.  <\/p>\n<p>Perfekt til en sundowner p\u00e5 altanen, en picnic i parken eller bare som en forfriskning mellem m\u00e5ltiderne.<br \/>\nUanset om det er alene eller som ledsager til lette retter &#8211; denne vin er altid perfekt, s\u00e5 l\u00e6nge solen skinner (og nogle gange ogs\u00e5 n\u00e5r den ikke g\u00f8r det).<\/p>\n","protected":false},"excerpt":{"rendered":"<p>Letbenet, frisk, funky. Bacchus m\u00f8der M\u00fcller-Thurgau. En aromatisk dans p\u00e5 tungen. Den perfekte sommervin.   <\/p>\n","protected":false},"featured_media":10816,"comment_status":"open","ping_status":"closed","template":"","meta":{"_acf_changed":false,"_et_pb_use_builder":"","_et_pb_old_content":"","_et_gb_content_width":"","inline_featured_image":false,"_price":"9.90","_stock":"97","_tribe_ticket_header":"","_tribe_default_ticket_provider":"","_ticket_start_date":"","_ticket_end_date":"","_tribe_ticket_show_description":"","_tribe_ticket_show_not_going":false,"_tribe_ticket_use_global_stock":"","_tribe_ticket_global_stock_level":"","_global_stock_mode":"","_global_stock_cap":"","_tribe_rsvp_for_event":"","_tribe_ticket_going_count":"","_tribe_ticket_not_going_count":"","_tribe_tickets_list":"[]","_tribe_ticket_has_attendee_info_fields":false},"product_brand":[],"product_cat":[36],"product_tag":[66,63,67,62],"class_list":{"0":"post-8588","1":"product","2":"type-product","3":"status-publish","4":"has-post-thumbnail","6":"product_cat-hausweine","7":"product_tag-boogie-da","8":"product_tag-husets-vin","9":"product_tag-hvidvin","10":"product_tag-vin-hundrede","11":"product_shipping_class-forsendelse-af-vinprodukter","13":"first","14":"instock","15":"taxable","16":"shipping-taxable","17":"purchasable","18":"product-type-simple"},"acf":[],"_links":{"self":[{"href":"https:\/\/weinhundert.styleinc.eu\/da\/wp-json\/wp\/v2\/product\/8588","targetHints":{"allow":["GET"]}}],"collection":[{"href":"https:\/\/weinhundert.styleinc.eu\/da\/wp-json\/wp\/v2\/product"}],"about":[{"href":"https:\/\/weinhundert.styleinc.eu\/da\/wp-json\/wp\/v2\/types\/product"}],"replies":[{"embeddable":true,"href":"https:\/\/weinhundert.styleinc.eu\/da\/wp-json\/wp\/v2\/comments?post=8588"}],"wp:featuredmedia":[{"embeddable":true,"href":"https:\/\/weinhundert.styleinc.eu\/da\/wp-json\/wp\/v2\/media\/10816"}],"wp:attachment":[{"href":"https:\/\/weinhundert.styleinc.eu\/da\/wp-json\/wp\/v2\/media?parent=8588"}],"wp:term":[{"taxonomy":"product_brand","embeddable":true,"href":"https:\/\/weinhundert.styleinc.eu\/da\/wp-json\/wp\/v2\/product_brand?post=8588"},{"taxonomy":"product_cat","embeddable":true,"href":"https:\/\/weinhundert.styleinc.eu\/da\/wp-json\/wp\/v2\/product_cat?post=8588"},{"taxonomy":"product_tag","embeddable":true,"href":"https:\/\/weinhundert.styleinc.eu\/da\/wp-json\/wp\/v2\/product_tag?post=8588"}],"curies":[{"name":"wp","href":"https:\/\/api.w.org\/{rel}","templated":true}]}}