{"id":8587,"date":"2025-06-12T13:18:34","date_gmt":"2025-06-12T11:18:34","guid":{"rendered":"https:\/\/weinhundert.styleinc.eu\/produkt\/rough-burgundy\/"},"modified":"2025-10-10T10:59:41","modified_gmt":"2025-10-10T08:59:41","slug":"rough-burgundy","status":"publish","type":"product","link":"https:\/\/weinhundert.styleinc.eu\/da\/produkt\/rough-burgundy\/","title":{"rendered":"Rough Burgundy"},"content":{"rendered":"<p>Frisk, salt, umiskendelig &#8211; denne vin bringer Nords\u00f8en ind i dit glas.<br \/>\nCitrusfriskhed m\u00f8der spr\u00f8dt \u00e6ble med et strejf af havluft, der minder om barske kyster, stive briser og saltspr\u00f8jt. Ingen dikkedarer, ingen chichi &#8211; bare en klar kant, ligefrem stil og autentisk karakter. <\/p>\n<p>En vin til alle dem, der foretr\u00e6kker vinden i h\u00e5ret frem for en paraply i glasset.<br \/>\nRen, nordisk, \u00e6rlig &#8211; perfekt til fisk, skaldyr eller bare til at koble af med om aftenen. Drikkes k\u00f8ligt som en sensommerbrise. <\/p>\n","protected":false},"excerpt":{"rendered":"<p>Frisk, salt, umiskendelig. Citrus og \u00e6ble m\u00f8der nordisk havluft for alle dem, der elsker klare kanter og \u00e6gte karakter. <\/p>\n","protected":false},"featured_media":10814,"comment_status":"open","ping_status":"closed","template":"","meta":{"_acf_changed":false,"_et_pb_use_builder":"","_et_pb_old_content":"","_et_gb_content_width":"","inline_featured_image":false,"_price":"9.90","_stock":"103","_tribe_ticket_header":"","_tribe_default_ticket_provider":"","_ticket_start_date":"","_ticket_end_date":"","_tribe_ticket_show_description":"","_tribe_ticket_show_not_going":false,"_tribe_ticket_use_global_stock":"","_tribe_ticket_global_stock_level":"","_global_stock_mode":"","_global_stock_cap":"","_tribe_rsvp_for_event":"","_tribe_ticket_going_count":"","_tribe_ticket_not_going_count":"","_tribe_tickets_list":"[]","_tribe_ticket_has_attendee_info_fields":false},"product_brand":[],"product_cat":[36],"product_tag":[64,63,65,62],"class_list":{"0":"post-8587","1":"product","2":"type-product","3":"status-publish","4":"has-post-thumbnail","6":"product_cat-hausweine","7":"product_tag-bourgogne","8":"product_tag-husets-vin","9":"product_tag-roedvin","10":"product_tag-vin-hundrede","11":"product_shipping_class-forsendelse-af-vinprodukter","13":"first","14":"instock","15":"taxable","16":"shipping-taxable","17":"purchasable","18":"product-type-simple"},"acf":[],"_links":{"self":[{"href":"https:\/\/weinhundert.styleinc.eu\/da\/wp-json\/wp\/v2\/product\/8587","targetHints":{"allow":["GET"]}}],"collection":[{"href":"https:\/\/weinhundert.styleinc.eu\/da\/wp-json\/wp\/v2\/product"}],"about":[{"href":"https:\/\/weinhundert.styleinc.eu\/da\/wp-json\/wp\/v2\/types\/product"}],"replies":[{"embeddable":true,"href":"https:\/\/weinhundert.styleinc.eu\/da\/wp-json\/wp\/v2\/comments?post=8587"}],"wp:featuredmedia":[{"embeddable":true,"href":"https:\/\/weinhundert.styleinc.eu\/da\/wp-json\/wp\/v2\/media\/10814"}],"wp:attachment":[{"href":"https:\/\/weinhundert.styleinc.eu\/da\/wp-json\/wp\/v2\/media?parent=8587"}],"wp:term":[{"taxonomy":"product_brand","embeddable":true,"href":"https:\/\/weinhundert.styleinc.eu\/da\/wp-json\/wp\/v2\/product_brand?post=8587"},{"taxonomy":"product_cat","embeddable":true,"href":"https:\/\/weinhundert.styleinc.eu\/da\/wp-json\/wp\/v2\/product_cat?post=8587"},{"taxonomy":"product_tag","embeddable":true,"href":"https:\/\/weinhundert.styleinc.eu\/da\/wp-json\/wp\/v2\/product_tag?post=8587"}],"curies":[{"name":"wp","href":"https:\/\/api.w.org\/{rel}","templated":true}]}}