{"id":14053,"date":"2026-03-05T19:45:37","date_gmt":"2026-03-05T18:45:37","guid":{"rendered":"https:\/\/weinhundert.styleinc.eu\/?post_type=product&#038;p=14053"},"modified":"2026-03-10T21:32:06","modified_gmt":"2026-03-10T20:32:06","slug":"gut-hermannsberg-fine-riesling-feinherb-2023-150-l","status":"publish","type":"product","link":"https:\/\/weinhundert.styleinc.eu\/da\/produkt\/gut-hermannsberg-fine-riesling-feinherb-2023-150-l\/","title":{"rendered":"Gut Hermannsberg FINE Riesling feinherb 2023 1,50 l"},"content":{"rendered":"<p>Dieser Riesling aus der Nahe zeigt dir, warum die Region f\u00fcr frische, lebendige Wei\u00dfweine bekannt ist. Mit 11% Alkohol sitzt er perfekt im leichten Bereich und bringt eine angenehme S\u00fc\u00dfe mit, die nicht aufdringlich wirkt \u2013 das ist die feinherbe Art, die zwischen trocken und lieblich den goldenen Weg geht. Im Glas findest du fruchtige Noten und eine sch\u00f6ne Frische, die sofort Lust auf mehr macht. Passt hervorragend zu leichten Gerichten wie H\u00e4hnchensalat, Fisch oder w\u00fcrzigen Nudelgerichten.<\/p>\n","protected":false},"excerpt":{"rendered":"<p>Fruchtiger Riesling aus der Nahe mit angenehmer S\u00fc\u00dfe und erfrischender Eleganz \u2013 der perfekte Sommerwein.<\/p>\n","protected":false},"featured_media":14054,"comment_status":"open","ping_status":"closed","template":"","meta":{"_acf_changed":false,"_et_pb_use_builder":"","_et_pb_old_content":"","_et_gb_content_width":"","inline_featured_image":false,"_price":"24.90","_stock":"-1","_tribe_ticket_header":"","_tribe_default_ticket_provider":"","_ticket_start_date":"","_ticket_end_date":"","_tribe_ticket_show_description":"","_tribe_ticket_show_not_going":false,"_tribe_ticket_use_global_stock":"","_tribe_ticket_global_stock_level":"","_global_stock_mode":"","_global_stock_cap":"","_tribe_rsvp_for_event":"","_tribe_ticket_going_count":"","_tribe_ticket_not_going_count":"","_tribe_tickets_list":"[]","_tribe_ticket_has_attendee_info_fields":false},"product_brand":[],"product_cat":[120],"product_tag":[],"class_list":{"0":"post-14053","1":"product","2":"type-product","3":"status-publish","4":"has-post-thumbnail","6":"product_cat-weisswein","8":"first","9":"outofstock","10":"taxable","11":"shipping-taxable","12":"purchasable","13":"product-type-simple"},"acf":[],"_links":{"self":[{"href":"https:\/\/weinhundert.styleinc.eu\/da\/wp-json\/wp\/v2\/product\/14053","targetHints":{"allow":["GET"]}}],"collection":[{"href":"https:\/\/weinhundert.styleinc.eu\/da\/wp-json\/wp\/v2\/product"}],"about":[{"href":"https:\/\/weinhundert.styleinc.eu\/da\/wp-json\/wp\/v2\/types\/product"}],"replies":[{"embeddable":true,"href":"https:\/\/weinhundert.styleinc.eu\/da\/wp-json\/wp\/v2\/comments?post=14053"}],"wp:featuredmedia":[{"embeddable":true,"href":"https:\/\/weinhundert.styleinc.eu\/da\/wp-json\/wp\/v2\/media\/14054"}],"wp:attachment":[{"href":"https:\/\/weinhundert.styleinc.eu\/da\/wp-json\/wp\/v2\/media?parent=14053"}],"wp:term":[{"taxonomy":"product_brand","embeddable":true,"href":"https:\/\/weinhundert.styleinc.eu\/da\/wp-json\/wp\/v2\/product_brand?post=14053"},{"taxonomy":"product_cat","embeddable":true,"href":"https:\/\/weinhundert.styleinc.eu\/da\/wp-json\/wp\/v2\/product_cat?post=14053"},{"taxonomy":"product_tag","embeddable":true,"href":"https:\/\/weinhundert.styleinc.eu\/da\/wp-json\/wp\/v2\/product_tag?post=14053"}],"curies":[{"name":"wp","href":"https:\/\/api.w.org\/{rel}","templated":true}]}}