{"id":14038,"date":"2026-03-05T19:45:25","date_gmt":"2026-03-05T18:45:25","guid":{"rendered":"https:\/\/weinhundert.styleinc.eu\/?post_type=product&#038;p=14038"},"modified":"2026-03-10T21:32:03","modified_gmt":"2026-03-10T20:32:03","slug":"gut-hermannsberg-kupfergrube-reserve-gg-2018-300-l","status":"publish","type":"product","link":"https:\/\/weinhundert.styleinc.eu\/da\/produkt\/gut-hermannsberg-kupfergrube-reserve-gg-2018-300-l\/","title":{"rendered":"Gut Hermannsberg Kupfergrube Reserve GG 2018 3,00 l"},"content":{"rendered":"<p>Dieser Riesling aus der Kupfergrube zeigt dir, warum die Nahe eine untersch\u00e4tzte Weinregion ist. Das Gut Hermannsberg hat hier einen echten Charakter-Wein geschaffen: mineralisch, pr\u00e4zise und mit dieser feinen S\u00e4ure, die den Mund zum Leben erweckt. Der 2018er hat gereift wie ein guter Freund \u2013 noch frisch und lebendig, aber auch nachdenklicher geworden. Kombinier ihn mit Fisch, Meeresfr\u00fcchten oder auch mal zu w\u00fcrzigen Gerichten \u2013 dieser Wein ist flexibel und freundlich zugleich.<\/p>\n","protected":false},"excerpt":{"rendered":"<p>Mineralischer Riesling-Klassiker aus der Nahe mit Substanz und feiner S\u00e4ure. Ein Wein zum Genie\u00dfen und Kombinieren.<\/p>\n","protected":false},"featured_media":14039,"comment_status":"open","ping_status":"closed","template":"","meta":{"_acf_changed":false,"_et_pb_use_builder":"","_et_pb_old_content":"","_et_gb_content_width":"","inline_featured_image":false,"_price":"369.00","_stock":"-1","_tribe_ticket_header":"","_tribe_default_ticket_provider":"","_ticket_start_date":"","_ticket_end_date":"","_tribe_ticket_show_description":"","_tribe_ticket_show_not_going":false,"_tribe_ticket_use_global_stock":"","_tribe_ticket_global_stock_level":"","_global_stock_mode":"","_global_stock_cap":"","_tribe_rsvp_for_event":"","_tribe_ticket_going_count":"","_tribe_ticket_not_going_count":"","_tribe_tickets_list":"[]","_tribe_ticket_has_attendee_info_fields":false},"product_brand":[],"product_cat":[120],"product_tag":[],"class_list":{"0":"post-14038","1":"product","2":"type-product","3":"status-publish","4":"has-post-thumbnail","6":"product_cat-weisswein","8":"first","9":"outofstock","10":"taxable","11":"shipping-taxable","12":"purchasable","13":"product-type-simple"},"acf":[],"_links":{"self":[{"href":"https:\/\/weinhundert.styleinc.eu\/da\/wp-json\/wp\/v2\/product\/14038","targetHints":{"allow":["GET"]}}],"collection":[{"href":"https:\/\/weinhundert.styleinc.eu\/da\/wp-json\/wp\/v2\/product"}],"about":[{"href":"https:\/\/weinhundert.styleinc.eu\/da\/wp-json\/wp\/v2\/types\/product"}],"replies":[{"embeddable":true,"href":"https:\/\/weinhundert.styleinc.eu\/da\/wp-json\/wp\/v2\/comments?post=14038"}],"wp:featuredmedia":[{"embeddable":true,"href":"https:\/\/weinhundert.styleinc.eu\/da\/wp-json\/wp\/v2\/media\/14039"}],"wp:attachment":[{"href":"https:\/\/weinhundert.styleinc.eu\/da\/wp-json\/wp\/v2\/media?parent=14038"}],"wp:term":[{"taxonomy":"product_brand","embeddable":true,"href":"https:\/\/weinhundert.styleinc.eu\/da\/wp-json\/wp\/v2\/product_brand?post=14038"},{"taxonomy":"product_cat","embeddable":true,"href":"https:\/\/weinhundert.styleinc.eu\/da\/wp-json\/wp\/v2\/product_cat?post=14038"},{"taxonomy":"product_tag","embeddable":true,"href":"https:\/\/weinhundert.styleinc.eu\/da\/wp-json\/wp\/v2\/product_tag?post=14038"}],"curies":[{"name":"wp","href":"https:\/\/api.w.org\/{rel}","templated":true}]}}