{"id":14008,"date":"2026-03-05T19:45:04","date_gmt":"2026-03-05T18:45:04","guid":{"rendered":"https:\/\/weinhundert.styleinc.eu\/produkt\/gut-hermannsberg-kupfergrube-versteigerungsekt-2016-075-l\/"},"modified":"2026-03-10T21:31:57","modified_gmt":"2026-03-10T20:31:57","slug":"gut-hermannsberg-kupfergrube-versteigerungsekt-2016-075-l","status":"publish","type":"product","link":"https:\/\/weinhundert.styleinc.eu\/da\/produkt\/gut-hermannsberg-kupfergrube-versteigerungsekt-2016-075-l\/","title":{"rendered":"Gut Hermannsberg Kupfergrube Versteigerungsekt 2016 0,75 l"},"content":{"rendered":"<p>Dieser Sekt aus der legend\u00e4ren Kupfergrube der Nahe bringt dir Riesling-Finesse in die Flasche, ohne dabei zu viel Tamtam zu machen. Mit seinen zw\u00f6lf Prozent sitzt er angenehm leicht im Glas und spr\u00fcdelt mit feiner Perlage vor sich hin \u2013 frisch, mineralisch und mit dieser typischen Nase nach gr\u00fcnen \u00c4pfeln und Zitrusbl\u00fcten. Das Besondere: Dieser 2016er wurde bei einer Versteigerung ausgew\u00e4hlt, was dir zeigt, dass hier jemand mit Ahnung seine Hand im Spiel hatte. Perfekt zu Austern, frischen Fischgerichten oder einfach nur zum Ansto\u00dfen auf bessere Tage!<\/p>\n","protected":false},"excerpt":{"rendered":"<p>Mineralistischer Riesling-Sekt aus der Kupfergrube-Lage der Nahe \u2013 fein, lebendig und f\u00fcr jeden Anlass bereit.<\/p>\n","protected":false},"featured_media":14009,"comment_status":"open","ping_status":"closed","template":"","meta":{"_acf_changed":false,"_et_pb_use_builder":"","_et_pb_old_content":"","_et_gb_content_width":"","inline_featured_image":false,"_price":"109.00","_stock":"18","_tribe_ticket_header":"","_tribe_default_ticket_provider":"","_ticket_start_date":"","_ticket_end_date":"","_tribe_ticket_show_description":"","_tribe_ticket_show_not_going":false,"_tribe_ticket_use_global_stock":"","_tribe_ticket_global_stock_level":"","_global_stock_mode":"","_global_stock_cap":"","_tribe_rsvp_for_event":"","_tribe_ticket_going_count":"","_tribe_ticket_not_going_count":"","_tribe_tickets_list":"[]","_tribe_ticket_has_attendee_info_fields":false},"product_brand":[],"product_cat":[136],"product_tag":[],"class_list":{"0":"post-14008","1":"product","2":"type-product","3":"status-publish","4":"has-post-thumbnail","6":"product_cat-schaumwein","8":"first","9":"instock","10":"taxable","11":"shipping-taxable","12":"purchasable","13":"product-type-simple"},"acf":[],"_links":{"self":[{"href":"https:\/\/weinhundert.styleinc.eu\/da\/wp-json\/wp\/v2\/product\/14008","targetHints":{"allow":["GET"]}}],"collection":[{"href":"https:\/\/weinhundert.styleinc.eu\/da\/wp-json\/wp\/v2\/product"}],"about":[{"href":"https:\/\/weinhundert.styleinc.eu\/da\/wp-json\/wp\/v2\/types\/product"}],"replies":[{"embeddable":true,"href":"https:\/\/weinhundert.styleinc.eu\/da\/wp-json\/wp\/v2\/comments?post=14008"}],"wp:featuredmedia":[{"embeddable":true,"href":"https:\/\/weinhundert.styleinc.eu\/da\/wp-json\/wp\/v2\/media\/14009"}],"wp:attachment":[{"href":"https:\/\/weinhundert.styleinc.eu\/da\/wp-json\/wp\/v2\/media?parent=14008"}],"wp:term":[{"taxonomy":"product_brand","embeddable":true,"href":"https:\/\/weinhundert.styleinc.eu\/da\/wp-json\/wp\/v2\/product_brand?post=14008"},{"taxonomy":"product_cat","embeddable":true,"href":"https:\/\/weinhundert.styleinc.eu\/da\/wp-json\/wp\/v2\/product_cat?post=14008"},{"taxonomy":"product_tag","embeddable":true,"href":"https:\/\/weinhundert.styleinc.eu\/da\/wp-json\/wp\/v2\/product_tag?post=14008"}],"curies":[{"name":"wp","href":"https:\/\/api.w.org\/{rel}","templated":true}]}}