{"id":14002,"date":"2026-03-05T19:44:57","date_gmt":"2026-03-05T18:44:57","guid":{"rendered":"https:\/\/weinhundert.styleinc.eu\/?post_type=product&#038;p=14002"},"modified":"2026-03-10T21:31:56","modified_gmt":"2026-03-10T20:31:56","slug":"gut-hermannsberg-rotenberg-gg-2022-150-l","status":"publish","type":"product","link":"https:\/\/weinhundert.styleinc.eu\/da\/produkt\/gut-hermannsberg-rotenberg-gg-2022-150-l\/","title":{"rendered":"Gut Hermannsberg Rotenberg GG 2022 1,50 l"},"content":{"rendered":"<p>Dieser Rotenberg GG aus der Nahe bringt dir echte Riesling-Kraft ins Glas \u2013 frisch, mineralisch und mit genau der richtigen S\u00e4ure, die den Gaumen lebendig h\u00e4lt. Der 2022er zeigt, dass Qualit\u00e4t aus dieser Region nicht leise sein muss: Da sind wei\u00dfe Bl\u00fcten, etwas Steinobst und eine salzige Note, die dich immer wieder zur\u00fcck zum Glas treibt. Mit 11,5 % Alkohol sitzt er im perfekten Sweet Spot und passt herrlich zu cremiger Pasta mit Kr\u00e4utern, gegrilltem Fisch oder auch zu Sushi.<\/p>\n","protected":false},"excerpt":{"rendered":"<p>Kraftvoller Riesling aus der Nahe mit mineralischer Frische und perfektem Trinkfluss \u2013 absolut vielseitig.<\/p>\n","protected":false},"featured_media":14003,"comment_status":"open","ping_status":"closed","template":"","meta":{"_acf_changed":false,"_et_pb_use_builder":"","_et_pb_old_content":"","_et_gb_content_width":"","inline_featured_image":false,"_price":"80.00","_stock":"-1","_tribe_ticket_header":"","_tribe_default_ticket_provider":"","_ticket_start_date":"","_ticket_end_date":"","_tribe_ticket_show_description":"","_tribe_ticket_show_not_going":false,"_tribe_ticket_use_global_stock":"","_tribe_ticket_global_stock_level":"","_global_stock_mode":"","_global_stock_cap":"","_tribe_rsvp_for_event":"","_tribe_ticket_going_count":"","_tribe_ticket_not_going_count":"","_tribe_tickets_list":"[]","_tribe_ticket_has_attendee_info_fields":false},"product_brand":[],"product_cat":[120],"product_tag":[],"class_list":{"0":"post-14002","1":"product","2":"type-product","3":"status-publish","4":"has-post-thumbnail","6":"product_cat-weisswein","8":"first","9":"outofstock","10":"taxable","11":"shipping-taxable","12":"purchasable","13":"product-type-simple"},"acf":[],"_links":{"self":[{"href":"https:\/\/weinhundert.styleinc.eu\/da\/wp-json\/wp\/v2\/product\/14002","targetHints":{"allow":["GET"]}}],"collection":[{"href":"https:\/\/weinhundert.styleinc.eu\/da\/wp-json\/wp\/v2\/product"}],"about":[{"href":"https:\/\/weinhundert.styleinc.eu\/da\/wp-json\/wp\/v2\/types\/product"}],"replies":[{"embeddable":true,"href":"https:\/\/weinhundert.styleinc.eu\/da\/wp-json\/wp\/v2\/comments?post=14002"}],"wp:featuredmedia":[{"embeddable":true,"href":"https:\/\/weinhundert.styleinc.eu\/da\/wp-json\/wp\/v2\/media\/14003"}],"wp:attachment":[{"href":"https:\/\/weinhundert.styleinc.eu\/da\/wp-json\/wp\/v2\/media?parent=14002"}],"wp:term":[{"taxonomy":"product_brand","embeddable":true,"href":"https:\/\/weinhundert.styleinc.eu\/da\/wp-json\/wp\/v2\/product_brand?post=14002"},{"taxonomy":"product_cat","embeddable":true,"href":"https:\/\/weinhundert.styleinc.eu\/da\/wp-json\/wp\/v2\/product_cat?post=14002"},{"taxonomy":"product_tag","embeddable":true,"href":"https:\/\/weinhundert.styleinc.eu\/da\/wp-json\/wp\/v2\/product_tag?post=14002"}],"curies":[{"name":"wp","href":"https:\/\/api.w.org\/{rel}","templated":true}]}}