{"id":13990,"date":"2026-03-05T19:44:40","date_gmt":"2026-03-05T18:44:40","guid":{"rendered":"https:\/\/weinhundert.styleinc.eu\/produkt\/gut-hermannsberg-vom-schiefer-2021-075-l\/"},"modified":"2026-03-10T21:31:52","modified_gmt":"2026-03-10T20:31:52","slug":"gut-hermannsberg-vom-schiefer-2021-075-l","status":"publish","type":"product","link":"https:\/\/weinhundert.styleinc.eu\/da\/produkt\/gut-hermannsberg-vom-schiefer-2021-075-l\/","title":{"rendered":"Gut Hermannsberg Vom Schiefer 2021 0,75 l"},"content":{"rendered":"<p>Dieser Riesling vom Schiefer zeigt dir, was die Nahe wirklich draufhat: mineralisch, pr\u00e4sent und ohne viel Umschweife. Der 2021er hat eine sch\u00f6ne Frische im Glas, die S\u00e4ure sitzt perfekt und verleiht dem Wein einen unglaublich interessanten Charakter \u2013 hier schmeckst du wirklich den Untergrund. Mit 12,5% Alkohol bleibt er leicht trinkbar und macht einfach Spa\u00df. Probier ihn zu Fisch, Meeresfr\u00fcchten oder auch zu einer guten Pasta mit wei\u00dfem Pesto.<\/p>\n","protected":false},"excerpt":{"rendered":"<p>Mineralischer Riesling aus der Nahe mit echter Pers\u00f6nlichkeit und erfrischender S\u00e4ure \u2013 bodenst\u00e4ndig und zugleich spannend.<\/p>\n","protected":false},"featured_media":13991,"comment_status":"open","ping_status":"closed","template":"","meta":{"_acf_changed":false,"_et_pb_use_builder":"","_et_pb_old_content":"","_et_gb_content_width":"","inline_featured_image":false,"_price":"17.90","_stock":"18","_tribe_ticket_header":"","_tribe_default_ticket_provider":"","_ticket_start_date":"","_ticket_end_date":"","_tribe_ticket_show_description":"","_tribe_ticket_show_not_going":false,"_tribe_ticket_use_global_stock":"","_tribe_ticket_global_stock_level":"","_global_stock_mode":"","_global_stock_cap":"","_tribe_rsvp_for_event":"","_tribe_ticket_going_count":"","_tribe_ticket_not_going_count":"","_tribe_tickets_list":"[]","_tribe_ticket_has_attendee_info_fields":false},"product_brand":[],"product_cat":[120],"product_tag":[],"class_list":{"0":"post-13990","1":"product","2":"type-product","3":"status-publish","4":"has-post-thumbnail","6":"product_cat-weisswein","8":"first","9":"instock","10":"taxable","11":"shipping-taxable","12":"purchasable","13":"product-type-simple"},"acf":[],"_links":{"self":[{"href":"https:\/\/weinhundert.styleinc.eu\/da\/wp-json\/wp\/v2\/product\/13990","targetHints":{"allow":["GET"]}}],"collection":[{"href":"https:\/\/weinhundert.styleinc.eu\/da\/wp-json\/wp\/v2\/product"}],"about":[{"href":"https:\/\/weinhundert.styleinc.eu\/da\/wp-json\/wp\/v2\/types\/product"}],"replies":[{"embeddable":true,"href":"https:\/\/weinhundert.styleinc.eu\/da\/wp-json\/wp\/v2\/comments?post=13990"}],"wp:featuredmedia":[{"embeddable":true,"href":"https:\/\/weinhundert.styleinc.eu\/da\/wp-json\/wp\/v2\/media\/13991"}],"wp:attachment":[{"href":"https:\/\/weinhundert.styleinc.eu\/da\/wp-json\/wp\/v2\/media?parent=13990"}],"wp:term":[{"taxonomy":"product_brand","embeddable":true,"href":"https:\/\/weinhundert.styleinc.eu\/da\/wp-json\/wp\/v2\/product_brand?post=13990"},{"taxonomy":"product_cat","embeddable":true,"href":"https:\/\/weinhundert.styleinc.eu\/da\/wp-json\/wp\/v2\/product_cat?post=13990"},{"taxonomy":"product_tag","embeddable":true,"href":"https:\/\/weinhundert.styleinc.eu\/da\/wp-json\/wp\/v2\/product_tag?post=13990"}],"curies":[{"name":"wp","href":"https:\/\/api.w.org\/{rel}","templated":true}]}}