{"id":13981,"date":"2026-03-05T19:44:21","date_gmt":"2026-03-05T18:44:21","guid":{"rendered":"https:\/\/weinhundert.styleinc.eu\/produkt\/gut-hermannsberg-reserve-gg-2017-075-l\/"},"modified":"2026-03-10T21:31:49","modified_gmt":"2026-03-10T20:31:49","slug":"gut-hermannsberg-reserve-gg-2017-075-l","status":"publish","type":"product","link":"https:\/\/weinhundert.styleinc.eu\/da\/produkt\/gut-hermannsberg-reserve-gg-2017-075-l\/","title":{"rendered":"Gut Hermannsberg Reserve GG 2017 0,75 l"},"content":{"rendered":"<p>Dieser Riesling aus der Nahe zeigt dir, warum die Region f\u00fcr gro\u00dfartige Wei\u00dfweine steht. Der 2017er Jahrgang bringt eine frische Mineralit\u00e4t mit sich, die die schiefrigen B\u00f6den des Anbaugebiets perfekt widerspiegelt \u2013 w\u00fcrzig, lebhaft und mit einer angenehmen S\u00e4ure, die den Wein zum Trinken reizt. Gut Hermannsberg hat hier einen Wein geschaffen, der selbstbewusst sein Terroir zeigt und dabei absolut alltagstauglich bleibt. Passt hervorragend zu Fisch, Meeresfr\u00fcchten oder auch zu leichten Pasta-Gerichten.<\/p>\n","protected":false},"excerpt":{"rendered":"<p>Mineralischer Nahe-Riesling mit Charakter. Frisch, w\u00fcrzig und absolut zeitgem\u00e4\u00df.<\/p>\n","protected":false},"featured_media":13982,"comment_status":"open","ping_status":"closed","template":"","meta":{"_acf_changed":false,"_et_pb_use_builder":"","_et_pb_old_content":"","_et_gb_content_width":"","inline_featured_image":false,"_price":"49.90","_stock":"27","_tribe_ticket_header":"","_tribe_default_ticket_provider":"","_ticket_start_date":"","_ticket_end_date":"","_tribe_ticket_show_description":"","_tribe_ticket_show_not_going":false,"_tribe_ticket_use_global_stock":"","_tribe_ticket_global_stock_level":"","_global_stock_mode":"","_global_stock_cap":"","_tribe_rsvp_for_event":"","_tribe_ticket_going_count":"","_tribe_ticket_not_going_count":"","_tribe_tickets_list":"[]","_tribe_ticket_has_attendee_info_fields":false},"product_brand":[],"product_cat":[120],"product_tag":[],"class_list":{"0":"post-13981","1":"product","2":"type-product","3":"status-publish","4":"has-post-thumbnail","6":"product_cat-weisswein","8":"first","9":"instock","10":"taxable","11":"shipping-taxable","12":"purchasable","13":"product-type-simple"},"acf":[],"_links":{"self":[{"href":"https:\/\/weinhundert.styleinc.eu\/da\/wp-json\/wp\/v2\/product\/13981","targetHints":{"allow":["GET"]}}],"collection":[{"href":"https:\/\/weinhundert.styleinc.eu\/da\/wp-json\/wp\/v2\/product"}],"about":[{"href":"https:\/\/weinhundert.styleinc.eu\/da\/wp-json\/wp\/v2\/types\/product"}],"replies":[{"embeddable":true,"href":"https:\/\/weinhundert.styleinc.eu\/da\/wp-json\/wp\/v2\/comments?post=13981"}],"wp:featuredmedia":[{"embeddable":true,"href":"https:\/\/weinhundert.styleinc.eu\/da\/wp-json\/wp\/v2\/media\/13982"}],"wp:attachment":[{"href":"https:\/\/weinhundert.styleinc.eu\/da\/wp-json\/wp\/v2\/media?parent=13981"}],"wp:term":[{"taxonomy":"product_brand","embeddable":true,"href":"https:\/\/weinhundert.styleinc.eu\/da\/wp-json\/wp\/v2\/product_brand?post=13981"},{"taxonomy":"product_cat","embeddable":true,"href":"https:\/\/weinhundert.styleinc.eu\/da\/wp-json\/wp\/v2\/product_cat?post=13981"},{"taxonomy":"product_tag","embeddable":true,"href":"https:\/\/weinhundert.styleinc.eu\/da\/wp-json\/wp\/v2\/product_tag?post=13981"}],"curies":[{"name":"wp","href":"https:\/\/api.w.org\/{rel}","templated":true}]}}