{"id":13978,"date":"2026-03-05T19:44:16","date_gmt":"2026-03-05T18:44:16","guid":{"rendered":"https:\/\/weinhundert.styleinc.eu\/produkt\/gut-hermannsberg-kupfergrube-reserve-gg-2017-075-l\/"},"modified":"2026-03-10T21:31:48","modified_gmt":"2026-03-10T20:31:48","slug":"gut-hermannsberg-kupfergrube-reserve-gg-2017-075-l","status":"publish","type":"product","link":"https:\/\/weinhundert.styleinc.eu\/da\/produkt\/gut-hermannsberg-kupfergrube-reserve-gg-2017-075-l\/","title":{"rendered":"Gut Hermannsberg Kupfergrube Reserve GG 2017 0,75 l"},"content":{"rendered":"<p>Dieser Riesling aus Deutschlands Kupfergrube-Lagen ist ein echtes Charakterst\u00fcck \u2013 mineralisch, frisch und mit einer wunderbaren Tiefe, die dich \u00fcberraschen wird. Die Reserve zeigt, was in diesem Weingut steckt: pr\u00e4zise Frucht, feines Spiel mit S\u00e4ure und eine nat\u00fcrliche Kraft, die einfach Spa\u00df macht. Jahrg\u00e4nge wie 2017 reifen \u00fcbrigens fantastisch, sodass du hier noch Jahre Freude dran hast. Perfekt zu Fisch, feinen Gem\u00fcsegerichten oder auch einfach pur am Abend.<\/p>\n","protected":false},"excerpt":{"rendered":"<p>Mineralischer Riesling aus der Nahe mit Tiefgang. Reserve-Qualit\u00e4t, die reift und begeistert.<\/p>\n","protected":false},"featured_media":13979,"comment_status":"open","ping_status":"closed","template":"","meta":{"_acf_changed":false,"_et_pb_use_builder":"","_et_pb_old_content":"","_et_gb_content_width":"","inline_featured_image":false,"_price":"64.90","_stock":"36","_tribe_ticket_header":"","_tribe_default_ticket_provider":"","_ticket_start_date":"","_ticket_end_date":"","_tribe_ticket_show_description":"","_tribe_ticket_show_not_going":false,"_tribe_ticket_use_global_stock":"","_tribe_ticket_global_stock_level":"","_global_stock_mode":"","_global_stock_cap":"","_tribe_rsvp_for_event":"","_tribe_ticket_going_count":"","_tribe_ticket_not_going_count":"","_tribe_tickets_list":"[]","_tribe_ticket_has_attendee_info_fields":false},"product_brand":[],"product_cat":[120],"product_tag":[],"class_list":{"0":"post-13978","1":"product","2":"type-product","3":"status-publish","4":"has-post-thumbnail","6":"product_cat-weisswein","8":"first","9":"instock","10":"taxable","11":"shipping-taxable","12":"purchasable","13":"product-type-simple"},"acf":[],"_links":{"self":[{"href":"https:\/\/weinhundert.styleinc.eu\/da\/wp-json\/wp\/v2\/product\/13978","targetHints":{"allow":["GET"]}}],"collection":[{"href":"https:\/\/weinhundert.styleinc.eu\/da\/wp-json\/wp\/v2\/product"}],"about":[{"href":"https:\/\/weinhundert.styleinc.eu\/da\/wp-json\/wp\/v2\/types\/product"}],"replies":[{"embeddable":true,"href":"https:\/\/weinhundert.styleinc.eu\/da\/wp-json\/wp\/v2\/comments?post=13978"}],"wp:featuredmedia":[{"embeddable":true,"href":"https:\/\/weinhundert.styleinc.eu\/da\/wp-json\/wp\/v2\/media\/13979"}],"wp:attachment":[{"href":"https:\/\/weinhundert.styleinc.eu\/da\/wp-json\/wp\/v2\/media?parent=13978"}],"wp:term":[{"taxonomy":"product_brand","embeddable":true,"href":"https:\/\/weinhundert.styleinc.eu\/da\/wp-json\/wp\/v2\/product_brand?post=13978"},{"taxonomy":"product_cat","embeddable":true,"href":"https:\/\/weinhundert.styleinc.eu\/da\/wp-json\/wp\/v2\/product_cat?post=13978"},{"taxonomy":"product_tag","embeddable":true,"href":"https:\/\/weinhundert.styleinc.eu\/da\/wp-json\/wp\/v2\/product_tag?post=13978"}],"curies":[{"name":"wp","href":"https:\/\/api.w.org\/{rel}","templated":true}]}}