{"id":13966,"date":"2026-03-05T19:43:50","date_gmt":"2026-03-05T18:43:50","guid":{"rendered":"https:\/\/weinhundert.styleinc.eu\/produkt\/gut-hermannsberg-just-riesling-2023-075-l\/"},"modified":"2026-03-10T21:31:44","modified_gmt":"2026-03-10T20:31:44","slug":"gut-hermannsberg-just-riesling-2023-075-l","status":"publish","type":"product","link":"https:\/\/weinhundert.styleinc.eu\/da\/produkt\/gut-hermannsberg-just-riesling-2023-075-l\/","title":{"rendered":"Gut Hermannsberg Just Riesling 2023 0,75 l"},"content":{"rendered":"<p>Dieser Riesling aus der Nahe zeigt dir, wie unkompliziert gro\u00dfe Weine sein k\u00f6nnen. Mit nur 11,5% Alkohol sitzt er leicht im Glas und bringt frische Noten von gr\u00fcnem Apfel und Zitrusbl\u00fcte mit sich \u2013 perfekt f\u00fcr jeden Tag. Der 2023er hat eine sch\u00f6ne Balance zwischen fruchtiger Saftigkeit und subtiler Mineralit\u00e4t, die die Herkunft aus dem traditionsreichen Gut Hermannsberg erahnen l\u00e4sst. Probier ihn zur Pasta, zu Fisch oder einfach nur zwischendurch.<\/p>\n","protected":false},"excerpt":{"rendered":"<p>Frischer Nahe-Riesling mit Apfel und Zitrus \u2013 leicht, erfrischend und direkt zu trinken.<\/p>\n","protected":false},"featured_media":13967,"comment_status":"open","ping_status":"closed","template":"","meta":{"_acf_changed":false,"_et_pb_use_builder":"","_et_pb_old_content":"","_et_gb_content_width":"","inline_featured_image":false,"_price":"9.49","_stock":"258","_tribe_ticket_header":"","_tribe_default_ticket_provider":"","_ticket_start_date":"","_ticket_end_date":"","_tribe_ticket_show_description":"","_tribe_ticket_show_not_going":false,"_tribe_ticket_use_global_stock":"","_tribe_ticket_global_stock_level":"","_global_stock_mode":"","_global_stock_cap":"","_tribe_rsvp_for_event":"","_tribe_ticket_going_count":"","_tribe_ticket_not_going_count":"","_tribe_tickets_list":"[]","_tribe_ticket_has_attendee_info_fields":false},"product_brand":[],"product_cat":[120],"product_tag":[],"class_list":{"0":"post-13966","1":"product","2":"type-product","3":"status-publish","4":"has-post-thumbnail","6":"product_cat-weisswein","8":"first","9":"instock","10":"taxable","11":"shipping-taxable","12":"purchasable","13":"product-type-simple"},"acf":[],"_links":{"self":[{"href":"https:\/\/weinhundert.styleinc.eu\/da\/wp-json\/wp\/v2\/product\/13966","targetHints":{"allow":["GET"]}}],"collection":[{"href":"https:\/\/weinhundert.styleinc.eu\/da\/wp-json\/wp\/v2\/product"}],"about":[{"href":"https:\/\/weinhundert.styleinc.eu\/da\/wp-json\/wp\/v2\/types\/product"}],"replies":[{"embeddable":true,"href":"https:\/\/weinhundert.styleinc.eu\/da\/wp-json\/wp\/v2\/comments?post=13966"}],"wp:featuredmedia":[{"embeddable":true,"href":"https:\/\/weinhundert.styleinc.eu\/da\/wp-json\/wp\/v2\/media\/13967"}],"wp:attachment":[{"href":"https:\/\/weinhundert.styleinc.eu\/da\/wp-json\/wp\/v2\/media?parent=13966"}],"wp:term":[{"taxonomy":"product_brand","embeddable":true,"href":"https:\/\/weinhundert.styleinc.eu\/da\/wp-json\/wp\/v2\/product_brand?post=13966"},{"taxonomy":"product_cat","embeddable":true,"href":"https:\/\/weinhundert.styleinc.eu\/da\/wp-json\/wp\/v2\/product_cat?post=13966"},{"taxonomy":"product_tag","embeddable":true,"href":"https:\/\/weinhundert.styleinc.eu\/da\/wp-json\/wp\/v2\/product_tag?post=13966"}],"curies":[{"name":"wp","href":"https:\/\/api.w.org\/{rel}","templated":true}]}}