{"id":13903,"date":"2026-03-05T19:41:25","date_gmt":"2026-03-05T18:41:25","guid":{"rendered":"https:\/\/weinhundert.styleinc.eu\/?post_type=product&#038;p=13903"},"modified":"2026-03-10T21:31:02","modified_gmt":"2026-03-10T20:31:02","slug":"biserno-lodovico-2013-075-l","status":"publish","type":"product","link":"https:\/\/weinhundert.styleinc.eu\/da\/produkt\/biserno-lodovico-2013-075-l\/","title":{"rendered":"Biserno Lodovico 2013 0,75 l"},"content":{"rendered":"<p>Hier kommt ein echter Toskana-Klassiker, der zeigt, warum die italienische Westk\u00fcste so gro\u00dfartig ist: Der Lodovico verbindet Petit Verdot, Cabernet Franc und Merlot zu einer kraftvollen Mischung, die richtig Charakter hat. Mit seinen roten Fr\u00fcchten, feinen Gew\u00fcrznoten und dem kernigen K\u00f6rper ist das kein zahmer Wein \u2013 er packt an und beeindruckt ohne Umschweife. Der Jahrgang 2013 hat wunderbar gereift und bringt jetzt die Balance, f\u00fcr die Biserno bekannt ist. Passt hervorragend zu gegrilltem Rind, w\u00fcrzigen Pasta-Gerichten oder reifem K\u00e4se.<\/p>\n","protected":false},"excerpt":{"rendered":"<p>Kraftvoller Toskaner mit Saft und Struktur. Bordeaux-Trauben aus dem Biserno-Kult.<\/p>\n","protected":false},"featured_media":13904,"comment_status":"open","ping_status":"closed","template":"","meta":{"_acf_changed":false,"_et_pb_use_builder":"","_et_pb_old_content":"","_et_gb_content_width":"","inline_featured_image":false,"_price":"389.00","_stock":"-1","_tribe_ticket_header":"","_tribe_default_ticket_provider":"","_ticket_start_date":"","_ticket_end_date":"","_tribe_ticket_show_description":"","_tribe_ticket_show_not_going":false,"_tribe_ticket_use_global_stock":"","_tribe_ticket_global_stock_level":"","_global_stock_mode":"","_global_stock_cap":"","_tribe_rsvp_for_event":"","_tribe_ticket_going_count":"","_tribe_ticket_not_going_count":"","_tribe_tickets_list":"[]","_tribe_ticket_has_attendee_info_fields":false},"product_brand":[],"product_cat":[119],"product_tag":[],"class_list":{"0":"post-13903","1":"product","2":"type-product","3":"status-publish","4":"has-post-thumbnail","6":"product_cat-rotwein","8":"first","9":"outofstock","10":"taxable","11":"shipping-taxable","12":"purchasable","13":"product-type-simple"},"acf":[],"_links":{"self":[{"href":"https:\/\/weinhundert.styleinc.eu\/da\/wp-json\/wp\/v2\/product\/13903","targetHints":{"allow":["GET"]}}],"collection":[{"href":"https:\/\/weinhundert.styleinc.eu\/da\/wp-json\/wp\/v2\/product"}],"about":[{"href":"https:\/\/weinhundert.styleinc.eu\/da\/wp-json\/wp\/v2\/types\/product"}],"replies":[{"embeddable":true,"href":"https:\/\/weinhundert.styleinc.eu\/da\/wp-json\/wp\/v2\/comments?post=13903"}],"wp:featuredmedia":[{"embeddable":true,"href":"https:\/\/weinhundert.styleinc.eu\/da\/wp-json\/wp\/v2\/media\/13904"}],"wp:attachment":[{"href":"https:\/\/weinhundert.styleinc.eu\/da\/wp-json\/wp\/v2\/media?parent=13903"}],"wp:term":[{"taxonomy":"product_brand","embeddable":true,"href":"https:\/\/weinhundert.styleinc.eu\/da\/wp-json\/wp\/v2\/product_brand?post=13903"},{"taxonomy":"product_cat","embeddable":true,"href":"https:\/\/weinhundert.styleinc.eu\/da\/wp-json\/wp\/v2\/product_cat?post=13903"},{"taxonomy":"product_tag","embeddable":true,"href":"https:\/\/weinhundert.styleinc.eu\/da\/wp-json\/wp\/v2\/product_tag?post=13903"}],"curies":[{"name":"wp","href":"https:\/\/api.w.org\/{rel}","templated":true}]}}