{"id":13876,"date":"2026-03-05T19:40:56","date_gmt":"2026-03-05T18:40:56","guid":{"rendered":"https:\/\/weinhundert.styleinc.eu\/?post_type=product&#038;p=13876"},"modified":"2026-03-10T21:30:55","modified_gmt":"2026-03-10T20:30:55","slug":"penfolds-grange-bin-95-2004-075-l","status":"publish","type":"product","link":"https:\/\/weinhundert.styleinc.eu\/da\/produkt\/penfolds-grange-bin-95-2004-075-l\/","title":{"rendered":"Penfolds Grange BIN 95 2004 0,75 l"},"content":{"rendered":"<p>Der Grange 2004 ist ein absoluter Klassiker aus dem Hause Penfolds und zeigt, warum dieser Wein weltweit Ma\u00dfst\u00e4be setzt. Diese Shiraz-Cabernet-Cuv\u00e9e besticht mit kr\u00e4ftigen dunklen Fr\u00fcchten, w\u00fcrzigen Noten und einer beeindruckenden Struktur, die auch nach zwei Jahrzehnten noch Kraft und Tiefe ausstrahlt. Der 2004er Jahrgang hat wunderbar reifen d\u00fcrfen und bietet jetzt genau das richtige Fenster zum Genie\u00dfen \u2013 reif, aber noch lange nicht am Ende. Das ist dein Wein f\u00fcr besondere Momente, wenn es um echte australische Wein-Leidenschaft geht. Perfekt zu gegrilltem Rind, kr\u00e4ftigem K\u00e4se oder Wildgerichten.<\/p>\n","protected":false},"excerpt":{"rendered":"<p>Legend\u00e4rer Aussie-Klassiker mit Reife und W\u00fcrze. Ein Wein f\u00fcr Momente, die z\u00e4hlen.<\/p>\n","protected":false},"featured_media":13877,"comment_status":"open","ping_status":"closed","template":"","meta":{"_acf_changed":false,"_et_pb_use_builder":"","_et_pb_old_content":"","_et_gb_content_width":"","inline_featured_image":false,"_price":"499.00","_stock":"-1","_tribe_ticket_header":"","_tribe_default_ticket_provider":"","_ticket_start_date":"","_ticket_end_date":"","_tribe_ticket_show_description":"","_tribe_ticket_show_not_going":false,"_tribe_ticket_use_global_stock":"","_tribe_ticket_global_stock_level":"","_global_stock_mode":"","_global_stock_cap":"","_tribe_rsvp_for_event":"","_tribe_ticket_going_count":"","_tribe_ticket_not_going_count":"","_tribe_tickets_list":"[]","_tribe_ticket_has_attendee_info_fields":false},"product_brand":[],"product_cat":[119],"product_tag":[],"class_list":{"0":"post-13876","1":"product","2":"type-product","3":"status-publish","4":"has-post-thumbnail","6":"product_cat-rotwein","8":"first","9":"outofstock","10":"taxable","11":"shipping-taxable","12":"purchasable","13":"product-type-simple"},"acf":[],"_links":{"self":[{"href":"https:\/\/weinhundert.styleinc.eu\/da\/wp-json\/wp\/v2\/product\/13876","targetHints":{"allow":["GET"]}}],"collection":[{"href":"https:\/\/weinhundert.styleinc.eu\/da\/wp-json\/wp\/v2\/product"}],"about":[{"href":"https:\/\/weinhundert.styleinc.eu\/da\/wp-json\/wp\/v2\/types\/product"}],"replies":[{"embeddable":true,"href":"https:\/\/weinhundert.styleinc.eu\/da\/wp-json\/wp\/v2\/comments?post=13876"}],"wp:featuredmedia":[{"embeddable":true,"href":"https:\/\/weinhundert.styleinc.eu\/da\/wp-json\/wp\/v2\/media\/13877"}],"wp:attachment":[{"href":"https:\/\/weinhundert.styleinc.eu\/da\/wp-json\/wp\/v2\/media?parent=13876"}],"wp:term":[{"taxonomy":"product_brand","embeddable":true,"href":"https:\/\/weinhundert.styleinc.eu\/da\/wp-json\/wp\/v2\/product_brand?post=13876"},{"taxonomy":"product_cat","embeddable":true,"href":"https:\/\/weinhundert.styleinc.eu\/da\/wp-json\/wp\/v2\/product_cat?post=13876"},{"taxonomy":"product_tag","embeddable":true,"href":"https:\/\/weinhundert.styleinc.eu\/da\/wp-json\/wp\/v2\/product_tag?post=13876"}],"curies":[{"name":"wp","href":"https:\/\/api.w.org\/{rel}","templated":true}]}}