{"id":13858,"date":"2026-03-05T19:40:15","date_gmt":"2026-03-05T18:40:15","guid":{"rendered":"https:\/\/weinhundert.styleinc.eu\/?post_type=product&#038;p=13858"},"modified":"2026-03-10T21:30:43","modified_gmt":"2026-03-10T20:30:43","slug":"honig-bartolucci-cabernet-sauvignon-2014-075-l","status":"publish","type":"product","link":"https:\/\/weinhundert.styleinc.eu\/da\/produkt\/honig-bartolucci-cabernet-sauvignon-2014-075-l\/","title":{"rendered":"Honig Bartolucci Cabernet Sauvignon 2014 0,75 l"},"content":{"rendered":"<p>Dieser Cabernet Sauvignon aus Napa Valley zeigt dir, warum amerikanische Rotweine so viele Fans haben \u2013 volle Frucht, saftig und direkt zug\u00e4nglich. Die 2014er vom Honig Winery bringt dunkle Beeren, ein Hauch Graphit und eine angenehme W\u00e4rmung mit. Nicht zu schwer, nicht zu leicht, einfach ein Wein, der Spa\u00df macht und nach mehr Glas fragt. Probier ihn zu gegrilltem Rind, saftigen Burgern oder auch zu intensiveren K\u00e4sesorten \u2013 da wird&#8217;s richtig gem\u00fctlich.<\/p>\n","protected":false},"excerpt":{"rendered":"<p>Napa Valley Cabernet mit dunkler Fruchtnote und beachtlicher Trinkfreude. Vollmundig, charmant, unkompliziert.<\/p>\n","protected":false},"featured_media":13859,"comment_status":"open","ping_status":"closed","template":"","meta":{"_acf_changed":false,"_et_pb_use_builder":"","_et_pb_old_content":"","_et_gb_content_width":"","inline_featured_image":false,"_price":"99.90","_stock":"-1","_tribe_ticket_header":"","_tribe_default_ticket_provider":"","_ticket_start_date":"","_ticket_end_date":"","_tribe_ticket_show_description":"","_tribe_ticket_show_not_going":false,"_tribe_ticket_use_global_stock":"","_tribe_ticket_global_stock_level":"","_global_stock_mode":"","_global_stock_cap":"","_tribe_rsvp_for_event":"","_tribe_ticket_going_count":"","_tribe_ticket_not_going_count":"","_tribe_tickets_list":"[]","_tribe_ticket_has_attendee_info_fields":false},"product_brand":[],"product_cat":[120],"product_tag":[],"class_list":{"0":"post-13858","1":"product","2":"type-product","3":"status-publish","4":"has-post-thumbnail","6":"product_cat-weisswein","8":"first","9":"outofstock","10":"taxable","11":"shipping-taxable","12":"purchasable","13":"product-type-simple"},"acf":[],"_links":{"self":[{"href":"https:\/\/weinhundert.styleinc.eu\/da\/wp-json\/wp\/v2\/product\/13858","targetHints":{"allow":["GET"]}}],"collection":[{"href":"https:\/\/weinhundert.styleinc.eu\/da\/wp-json\/wp\/v2\/product"}],"about":[{"href":"https:\/\/weinhundert.styleinc.eu\/da\/wp-json\/wp\/v2\/types\/product"}],"replies":[{"embeddable":true,"href":"https:\/\/weinhundert.styleinc.eu\/da\/wp-json\/wp\/v2\/comments?post=13858"}],"wp:featuredmedia":[{"embeddable":true,"href":"https:\/\/weinhundert.styleinc.eu\/da\/wp-json\/wp\/v2\/media\/13859"}],"wp:attachment":[{"href":"https:\/\/weinhundert.styleinc.eu\/da\/wp-json\/wp\/v2\/media?parent=13858"}],"wp:term":[{"taxonomy":"product_brand","embeddable":true,"href":"https:\/\/weinhundert.styleinc.eu\/da\/wp-json\/wp\/v2\/product_brand?post=13858"},{"taxonomy":"product_cat","embeddable":true,"href":"https:\/\/weinhundert.styleinc.eu\/da\/wp-json\/wp\/v2\/product_cat?post=13858"},{"taxonomy":"product_tag","embeddable":true,"href":"https:\/\/weinhundert.styleinc.eu\/da\/wp-json\/wp\/v2\/product_tag?post=13858"}],"curies":[{"name":"wp","href":"https:\/\/api.w.org\/{rel}","templated":true}]}}