{"id":13837,"date":"2026-03-05T19:39:56","date_gmt":"2026-03-05T18:39:56","guid":{"rendered":"https:\/\/weinhundert.styleinc.eu\/produkt\/torres-gran-vina-sol-2018-075-l\/"},"modified":"2026-03-10T21:30:36","modified_gmt":"2026-03-10T20:30:36","slug":"torres-gran-vina-sol-2018-075-l","status":"publish","type":"product","link":"https:\/\/weinhundert.styleinc.eu\/da\/produkt\/torres-gran-vina-sol-2018-075-l\/","title":{"rendered":"Torres Gran Vina Sol 2018 0,75 l"},"content":{"rendered":"<p>Dieser Chardonnay aus dem spanischen Penedes zeigt dir, dass Spanien auch beim wei\u00dfen Gold \u00fcberzeugt. Der Torres Gran Vina Sol 2018 bringt dir eine sch\u00f6ne Balance aus Frische und Reife auf den Tisch \u2013 mit gelben Fruchtaromen, die sich mit feinen Holznoten paaren und ein angenehmes Mundgef\u00fchl hinterlassen. Das ist ein Wein, der perfekt zu Fisch, Meeresfr\u00fcchten oder auch zu w\u00fcrzigen Nudelgerichten passt und dabei ganz unkompliziert schmeckt.<\/p>\n","protected":false},"excerpt":{"rendered":"<p>Torres-Klassiker mit Charakter: Frischer Chardonnay aus Spanien mit Fruchtnoten und gelungener Holzbehandlung.<\/p>\n","protected":false},"featured_media":13838,"comment_status":"open","ping_status":"closed","template":"","meta":{"_acf_changed":false,"_et_pb_use_builder":"","_et_pb_old_content":"","_et_gb_content_width":"","inline_featured_image":false,"_price":"7.49","_stock":"82","_tribe_ticket_header":"","_tribe_default_ticket_provider":"","_ticket_start_date":"","_ticket_end_date":"","_tribe_ticket_show_description":"","_tribe_ticket_show_not_going":false,"_tribe_ticket_use_global_stock":"","_tribe_ticket_global_stock_level":"","_global_stock_mode":"","_global_stock_cap":"","_tribe_rsvp_for_event":"","_tribe_ticket_going_count":"","_tribe_ticket_not_going_count":"","_tribe_tickets_list":"[]","_tribe_ticket_has_attendee_info_fields":false},"product_brand":[],"product_cat":[120],"product_tag":[],"class_list":{"0":"post-13837","1":"product","2":"type-product","3":"status-publish","4":"has-post-thumbnail","6":"product_cat-weisswein","8":"first","9":"instock","10":"taxable","11":"shipping-taxable","12":"purchasable","13":"product-type-simple"},"acf":[],"_links":{"self":[{"href":"https:\/\/weinhundert.styleinc.eu\/da\/wp-json\/wp\/v2\/product\/13837","targetHints":{"allow":["GET"]}}],"collection":[{"href":"https:\/\/weinhundert.styleinc.eu\/da\/wp-json\/wp\/v2\/product"}],"about":[{"href":"https:\/\/weinhundert.styleinc.eu\/da\/wp-json\/wp\/v2\/types\/product"}],"replies":[{"embeddable":true,"href":"https:\/\/weinhundert.styleinc.eu\/da\/wp-json\/wp\/v2\/comments?post=13837"}],"wp:featuredmedia":[{"embeddable":true,"href":"https:\/\/weinhundert.styleinc.eu\/da\/wp-json\/wp\/v2\/media\/13838"}],"wp:attachment":[{"href":"https:\/\/weinhundert.styleinc.eu\/da\/wp-json\/wp\/v2\/media?parent=13837"}],"wp:term":[{"taxonomy":"product_brand","embeddable":true,"href":"https:\/\/weinhundert.styleinc.eu\/da\/wp-json\/wp\/v2\/product_brand?post=13837"},{"taxonomy":"product_cat","embeddable":true,"href":"https:\/\/weinhundert.styleinc.eu\/da\/wp-json\/wp\/v2\/product_cat?post=13837"},{"taxonomy":"product_tag","embeddable":true,"href":"https:\/\/weinhundert.styleinc.eu\/da\/wp-json\/wp\/v2\/product_tag?post=13837"}],"curies":[{"name":"wp","href":"https:\/\/api.w.org\/{rel}","templated":true}]}}