{"id":13828,"date":"2026-03-05T19:39:37","date_gmt":"2026-03-05T18:39:37","guid":{"rendered":"https:\/\/weinhundert.styleinc.eu\/?post_type=product&#038;p=13828"},"modified":"2026-03-10T21:30:32","modified_gmt":"2026-03-10T20:30:32","slug":"guado-al-tasso-2017-075-l","status":"publish","type":"product","link":"https:\/\/weinhundert.styleinc.eu\/da\/produkt\/guado-al-tasso-2017-075-l\/","title":{"rendered":"Guado al Tasso 2017 0,75 l"},"content":{"rendered":"<p>Dieser toskanische Rotwein aus dem Hause Antinori zeigt dir, warum die Italiener es verstehen, Cabernet Franc, Merlot und Cabernet Sauvignon zu einem echten Volltreffer zu kombinieren. Der 2017er \u00fcberzeugt mit schwarzen Fr\u00fcchten, feinen Kr\u00e4uternoten und einer kraftvollen, aber nie aufdringlichen Art, die einfach Spa\u00df macht. Das ist kein Wein zum Knobeln, sondern zum Genie\u00dfen \u2013 ob allein oder mit Freunden. Probier ihn zu Roastbeef, gegrillten Fleischspie\u00dfen oder kr\u00e4ftiger Pasta Bolognese.<\/p>\n","protected":false},"excerpt":{"rendered":"<p>Kraftvoller Toskaner mit Schwarzkirsche und Kr\u00e4utern \u2013 unkompliziert und absolut lecker zum Essen.<\/p>\n","protected":false},"featured_media":13829,"comment_status":"open","ping_status":"closed","template":"","meta":{"_acf_changed":false,"_et_pb_use_builder":"","_et_pb_old_content":"","_et_gb_content_width":"","inline_featured_image":false,"_price":"115.00","_stock":"-1","_tribe_ticket_header":"","_tribe_default_ticket_provider":"","_ticket_start_date":"","_ticket_end_date":"","_tribe_ticket_show_description":"","_tribe_ticket_show_not_going":false,"_tribe_ticket_use_global_stock":"","_tribe_ticket_global_stock_level":"","_global_stock_mode":"","_global_stock_cap":"","_tribe_rsvp_for_event":"","_tribe_ticket_going_count":"","_tribe_ticket_not_going_count":"","_tribe_tickets_list":"[]","_tribe_ticket_has_attendee_info_fields":false},"product_brand":[],"product_cat":[119],"product_tag":[],"class_list":{"0":"post-13828","1":"product","2":"type-product","3":"status-publish","4":"has-post-thumbnail","6":"product_cat-rotwein","8":"first","9":"outofstock","10":"taxable","11":"shipping-taxable","12":"purchasable","13":"product-type-simple"},"acf":[],"_links":{"self":[{"href":"https:\/\/weinhundert.styleinc.eu\/da\/wp-json\/wp\/v2\/product\/13828","targetHints":{"allow":["GET"]}}],"collection":[{"href":"https:\/\/weinhundert.styleinc.eu\/da\/wp-json\/wp\/v2\/product"}],"about":[{"href":"https:\/\/weinhundert.styleinc.eu\/da\/wp-json\/wp\/v2\/types\/product"}],"replies":[{"embeddable":true,"href":"https:\/\/weinhundert.styleinc.eu\/da\/wp-json\/wp\/v2\/comments?post=13828"}],"wp:featuredmedia":[{"embeddable":true,"href":"https:\/\/weinhundert.styleinc.eu\/da\/wp-json\/wp\/v2\/media\/13829"}],"wp:attachment":[{"href":"https:\/\/weinhundert.styleinc.eu\/da\/wp-json\/wp\/v2\/media?parent=13828"}],"wp:term":[{"taxonomy":"product_brand","embeddable":true,"href":"https:\/\/weinhundert.styleinc.eu\/da\/wp-json\/wp\/v2\/product_brand?post=13828"},{"taxonomy":"product_cat","embeddable":true,"href":"https:\/\/weinhundert.styleinc.eu\/da\/wp-json\/wp\/v2\/product_cat?post=13828"},{"taxonomy":"product_tag","embeddable":true,"href":"https:\/\/weinhundert.styleinc.eu\/da\/wp-json\/wp\/v2\/product_tag?post=13828"}],"curies":[{"name":"wp","href":"https:\/\/api.w.org\/{rel}","templated":true}]}}