{"id":13825,"date":"2026-03-05T19:39:35","date_gmt":"2026-03-05T18:39:35","guid":{"rendered":"https:\/\/weinhundert.styleinc.eu\/?post_type=product&#038;p=13825"},"modified":"2026-03-10T21:30:31","modified_gmt":"2026-03-10T20:30:31","slug":"guado-al-tasso-scalabrone-2019-075-l","status":"publish","type":"product","link":"https:\/\/weinhundert.styleinc.eu\/da\/produkt\/guado-al-tasso-scalabrone-2019-075-l\/","title":{"rendered":"Guado al Tasso Scalabrone 2019 0,75 l"},"content":{"rendered":"<p>Dieser Ros\u00e9 aus der Toskana zeigt dir, dass italienische Sommerweine richtig Charakter haben k\u00f6nnen. Der Scalabrone vereint Cabernet Sauvignon, Syrah und Merlot zu einem frischen, mineralischen Wein, der mit feinen Erdbeernoten und einer angenehmen W\u00fcrze punktet. Mit 12,5% Alkohol sitzt er perfekt zwischen leicht und pr\u00e4sent \u2013 ideal f\u00fcr lange Abende mit Freunden. Passt fantastisch zu gegrilltem Gem\u00fcse, hellem Fisch oder italienischen Antipasti.<\/p>\n","protected":false},"excerpt":{"rendered":"<p>Toskanischer Ros\u00e9 mit Biss: mineralisch, frisch und perfekt f\u00fcr laue Sommern\u00e4chte.<\/p>\n","protected":false},"featured_media":13826,"comment_status":"open","ping_status":"closed","template":"","meta":{"_acf_changed":false,"_et_pb_use_builder":"","_et_pb_old_content":"","_et_gb_content_width":"","inline_featured_image":false,"_price":"16.90","_stock":"-30","_tribe_ticket_header":"","_tribe_default_ticket_provider":"","_ticket_start_date":"","_ticket_end_date":"","_tribe_ticket_show_description":"","_tribe_ticket_show_not_going":false,"_tribe_ticket_use_global_stock":"","_tribe_ticket_global_stock_level":"","_global_stock_mode":"","_global_stock_cap":"","_tribe_rsvp_for_event":"","_tribe_ticket_going_count":"","_tribe_ticket_not_going_count":"","_tribe_tickets_list":"[]","_tribe_ticket_has_attendee_info_fields":false},"product_brand":[],"product_cat":[135],"product_tag":[],"class_list":{"0":"post-13825","1":"product","2":"type-product","3":"status-publish","4":"has-post-thumbnail","6":"product_cat-rosewein","8":"first","9":"outofstock","10":"taxable","11":"shipping-taxable","12":"purchasable","13":"product-type-simple"},"acf":[],"_links":{"self":[{"href":"https:\/\/weinhundert.styleinc.eu\/da\/wp-json\/wp\/v2\/product\/13825","targetHints":{"allow":["GET"]}}],"collection":[{"href":"https:\/\/weinhundert.styleinc.eu\/da\/wp-json\/wp\/v2\/product"}],"about":[{"href":"https:\/\/weinhundert.styleinc.eu\/da\/wp-json\/wp\/v2\/types\/product"}],"replies":[{"embeddable":true,"href":"https:\/\/weinhundert.styleinc.eu\/da\/wp-json\/wp\/v2\/comments?post=13825"}],"wp:featuredmedia":[{"embeddable":true,"href":"https:\/\/weinhundert.styleinc.eu\/da\/wp-json\/wp\/v2\/media\/13826"}],"wp:attachment":[{"href":"https:\/\/weinhundert.styleinc.eu\/da\/wp-json\/wp\/v2\/media?parent=13825"}],"wp:term":[{"taxonomy":"product_brand","embeddable":true,"href":"https:\/\/weinhundert.styleinc.eu\/da\/wp-json\/wp\/v2\/product_brand?post=13825"},{"taxonomy":"product_cat","embeddable":true,"href":"https:\/\/weinhundert.styleinc.eu\/da\/wp-json\/wp\/v2\/product_cat?post=13825"},{"taxonomy":"product_tag","embeddable":true,"href":"https:\/\/weinhundert.styleinc.eu\/da\/wp-json\/wp\/v2\/product_tag?post=13825"}],"curies":[{"name":"wp","href":"https:\/\/api.w.org\/{rel}","templated":true}]}}