{"id":13807,"date":"2026-03-05T19:39:19","date_gmt":"2026-03-05T18:39:19","guid":{"rendered":"https:\/\/weinhundert.styleinc.eu\/?post_type=product&#038;p=13807"},"modified":"2026-03-10T21:30:27","modified_gmt":"2026-03-10T20:30:27","slug":"penfolds-grange-bin-95-2011-075-l","status":"publish","type":"product","link":"https:\/\/weinhundert.styleinc.eu\/da\/produkt\/penfolds-grange-bin-95-2011-075-l\/","title":{"rendered":"Penfolds Grange BIN 95 2011 0,75 l"},"content":{"rendered":"<p>Dieser Grange aus 2011 zeigt, warum Penfolds in der Weinwelt so legend\u00e4r ist: tiefe schwarze Fr\u00fcchte treffen auf w\u00fcrzige Noten, dazu kommt eine samtige Struktur, die ohne Wenn und Aber \u00fcberzeugt. Die Mischung aus Shiraz und Cabernet Sauvignon bringt Kraft und Finesse zusammen \u2013 ein Wein, der mit jedem Jahr an Charakter gewinnt. Nach \u00fcber einem Jahrzehnt entwickelt sich jetzt erst richtig sein volles Potenzial. Perfekt zu kr\u00e4ftigen Fleischgerichten, gegrilltem Rind oder intensiven Pasta-Saucen.<\/p>\n","protected":false},"excerpt":{"rendered":"<p>Australischer Klassiker mit Kraft und Finesse. Reife schwarze Fr\u00fcchte, w\u00fcrzig und bestechend gehaltvoll.<\/p>\n","protected":false},"featured_media":13808,"comment_status":"open","ping_status":"closed","template":"","meta":{"_acf_changed":false,"_et_pb_use_builder":"","_et_pb_old_content":"","_et_gb_content_width":"","inline_featured_image":false,"_price":"599.00","_stock":"-1","_tribe_ticket_header":"","_tribe_default_ticket_provider":"","_ticket_start_date":"","_ticket_end_date":"","_tribe_ticket_show_description":"","_tribe_ticket_show_not_going":false,"_tribe_ticket_use_global_stock":"","_tribe_ticket_global_stock_level":"","_global_stock_mode":"","_global_stock_cap":"","_tribe_rsvp_for_event":"","_tribe_ticket_going_count":"","_tribe_ticket_not_going_count":"","_tribe_tickets_list":"[]","_tribe_ticket_has_attendee_info_fields":false},"product_brand":[],"product_cat":[119],"product_tag":[],"class_list":{"0":"post-13807","1":"product","2":"type-product","3":"status-publish","4":"has-post-thumbnail","6":"product_cat-rotwein","8":"first","9":"outofstock","10":"taxable","11":"shipping-taxable","12":"purchasable","13":"product-type-simple"},"acf":[],"_links":{"self":[{"href":"https:\/\/weinhundert.styleinc.eu\/da\/wp-json\/wp\/v2\/product\/13807","targetHints":{"allow":["GET"]}}],"collection":[{"href":"https:\/\/weinhundert.styleinc.eu\/da\/wp-json\/wp\/v2\/product"}],"about":[{"href":"https:\/\/weinhundert.styleinc.eu\/da\/wp-json\/wp\/v2\/types\/product"}],"replies":[{"embeddable":true,"href":"https:\/\/weinhundert.styleinc.eu\/da\/wp-json\/wp\/v2\/comments?post=13807"}],"wp:featuredmedia":[{"embeddable":true,"href":"https:\/\/weinhundert.styleinc.eu\/da\/wp-json\/wp\/v2\/media\/13808"}],"wp:attachment":[{"href":"https:\/\/weinhundert.styleinc.eu\/da\/wp-json\/wp\/v2\/media?parent=13807"}],"wp:term":[{"taxonomy":"product_brand","embeddable":true,"href":"https:\/\/weinhundert.styleinc.eu\/da\/wp-json\/wp\/v2\/product_brand?post=13807"},{"taxonomy":"product_cat","embeddable":true,"href":"https:\/\/weinhundert.styleinc.eu\/da\/wp-json\/wp\/v2\/product_cat?post=13807"},{"taxonomy":"product_tag","embeddable":true,"href":"https:\/\/weinhundert.styleinc.eu\/da\/wp-json\/wp\/v2\/product_tag?post=13807"}],"curies":[{"name":"wp","href":"https:\/\/api.w.org\/{rel}","templated":true}]}}