{"id":13798,"date":"2026-03-05T19:39:12","date_gmt":"2026-03-05T18:39:12","guid":{"rendered":"https:\/\/weinhundert.styleinc.eu\/?post_type=product&#038;p=13798"},"modified":"2026-03-10T21:30:24","modified_gmt":"2026-03-10T20:30:24","slug":"allesverloren-tinta-barocca-2017-075-l","status":"publish","type":"product","link":"https:\/\/weinhundert.styleinc.eu\/da\/produkt\/allesverloren-tinta-barocca-2017-075-l\/","title":{"rendered":"Allesverloren Tinta Barocca 2017 0,75 l"},"content":{"rendered":"<p>Dieser S\u00fcdafrikaner aus dem Swartland zeigt dir, was die Tinta Barocca wirklich draufhat \u2013 kraftvoll, w\u00fcrzig und mit einer nat\u00fcrlichen Tiefe, die dich sofort packt. Der 2017er Jahrgang bringt dunkle Beeren, Pfeffer und ein Hauch Kr\u00e4uter ins Glas, dabei bleibt er mit 14,5 % Alkohol absolut trinkbar und nicht zu schwer. Das Allesverloren Wine Estate hat hier einen echten Charakter-Wein geschaffen, der perfekt zu grilliertem Fleisch, w\u00fcrzigen Eint\u00f6pfen oder kr\u00e4ftigen K\u00e4sesorten passt.<\/p>\n","protected":false},"excerpt":{"rendered":"<p>Kr\u00e4ftiger S\u00fcdafrikaner mit w\u00fcrzigem Charakter \u2013 Tinta Barocca wie sie sein soll.<\/p>\n","protected":false},"featured_media":13799,"comment_status":"open","ping_status":"closed","template":"","meta":{"_acf_changed":false,"_et_pb_use_builder":"","_et_pb_old_content":"","_et_gb_content_width":"","inline_featured_image":false,"_price":"9.99","_stock":"-1","_tribe_ticket_header":"","_tribe_default_ticket_provider":"","_ticket_start_date":"","_ticket_end_date":"","_tribe_ticket_show_description":"","_tribe_ticket_show_not_going":false,"_tribe_ticket_use_global_stock":"","_tribe_ticket_global_stock_level":"","_global_stock_mode":"","_global_stock_cap":"","_tribe_rsvp_for_event":"","_tribe_ticket_going_count":"","_tribe_ticket_not_going_count":"","_tribe_tickets_list":"[]","_tribe_ticket_has_attendee_info_fields":false},"product_brand":[],"product_cat":[119],"product_tag":[],"class_list":{"0":"post-13798","1":"product","2":"type-product","3":"status-publish","4":"has-post-thumbnail","6":"product_cat-rotwein","8":"first","9":"outofstock","10":"taxable","11":"shipping-taxable","12":"purchasable","13":"product-type-simple"},"acf":[],"_links":{"self":[{"href":"https:\/\/weinhundert.styleinc.eu\/da\/wp-json\/wp\/v2\/product\/13798","targetHints":{"allow":["GET"]}}],"collection":[{"href":"https:\/\/weinhundert.styleinc.eu\/da\/wp-json\/wp\/v2\/product"}],"about":[{"href":"https:\/\/weinhundert.styleinc.eu\/da\/wp-json\/wp\/v2\/types\/product"}],"replies":[{"embeddable":true,"href":"https:\/\/weinhundert.styleinc.eu\/da\/wp-json\/wp\/v2\/comments?post=13798"}],"wp:featuredmedia":[{"embeddable":true,"href":"https:\/\/weinhundert.styleinc.eu\/da\/wp-json\/wp\/v2\/media\/13799"}],"wp:attachment":[{"href":"https:\/\/weinhundert.styleinc.eu\/da\/wp-json\/wp\/v2\/media?parent=13798"}],"wp:term":[{"taxonomy":"product_brand","embeddable":true,"href":"https:\/\/weinhundert.styleinc.eu\/da\/wp-json\/wp\/v2\/product_brand?post=13798"},{"taxonomy":"product_cat","embeddable":true,"href":"https:\/\/weinhundert.styleinc.eu\/da\/wp-json\/wp\/v2\/product_cat?post=13798"},{"taxonomy":"product_tag","embeddable":true,"href":"https:\/\/weinhundert.styleinc.eu\/da\/wp-json\/wp\/v2\/product_tag?post=13798"}],"curies":[{"name":"wp","href":"https:\/\/api.w.org\/{rel}","templated":true}]}}