{"id":13786,"date":"2026-03-05T19:38:58","date_gmt":"2026-03-05T18:38:58","guid":{"rendered":"https:\/\/weinhundert.styleinc.eu\/?post_type=product&#038;p=13786"},"modified":"2026-03-10T21:30:21","modified_gmt":"2026-03-10T20:30:21","slug":"f-x-pichler-riseling-reserve-m-2016-075-l","status":"publish","type":"product","link":"https:\/\/weinhundert.styleinc.eu\/da\/produkt\/f-x-pichler-riseling-reserve-m-2016-075-l\/","title":{"rendered":"F.X. Pichler Riseling Reserve M 2016 0,75 l"},"content":{"rendered":"<p>Beschreibung: Ein Wei\u00dfwein. Ein Ros\u00e9. Ein Burgunder. Ein Wein, der sich frei spricht von Farbe und sich nicht schubladisieren l\u00e4sst. Farben- und aromenfroh, fern von grau, steigt die Graue Freyheit, wie eine morgendliche D\u00e4mmerung aus dem Nebel auf&#8230;<br \/>\nLand: \u00d6sterreich<br \/>\nRegion: Wachau<br \/>\nGr\u00f6\u00dfe: 0,75 l<\/p>\n","protected":false},"excerpt":{"rendered":"<p>Beschreibung: Ein Wei\u00dfwein. Ein Ros\u00e9. Ein Burgunder. Ein Wein, der sich frei spricht von Farbe und sich nicht schubladisieren l\u00e4sst. Farben- und aromenfroh, fern von grau, steigt die Graue Freyheit, [&hellip;]<\/p>\n","protected":false},"featured_media":13787,"comment_status":"open","ping_status":"closed","template":"","meta":{"_acf_changed":false,"_et_pb_use_builder":"","_et_pb_old_content":"","_et_gb_content_width":"","inline_featured_image":false,"_price":"28.00","_stock":"-1","_tribe_ticket_header":"","_tribe_default_ticket_provider":"","_ticket_start_date":"","_ticket_end_date":"","_tribe_ticket_show_description":"","_tribe_ticket_show_not_going":false,"_tribe_ticket_use_global_stock":"","_tribe_ticket_global_stock_level":"","_global_stock_mode":"","_global_stock_cap":"","_tribe_rsvp_for_event":"","_tribe_ticket_going_count":"","_tribe_ticket_not_going_count":"","_tribe_tickets_list":"[]","_tribe_ticket_has_attendee_info_fields":false},"product_brand":[],"product_cat":[120],"product_tag":[],"class_list":{"0":"post-13786","1":"product","2":"type-product","3":"status-publish","4":"has-post-thumbnail","6":"product_cat-weisswein","8":"first","9":"outofstock","10":"taxable","11":"shipping-taxable","12":"purchasable","13":"product-type-simple"},"acf":[],"_links":{"self":[{"href":"https:\/\/weinhundert.styleinc.eu\/da\/wp-json\/wp\/v2\/product\/13786","targetHints":{"allow":["GET"]}}],"collection":[{"href":"https:\/\/weinhundert.styleinc.eu\/da\/wp-json\/wp\/v2\/product"}],"about":[{"href":"https:\/\/weinhundert.styleinc.eu\/da\/wp-json\/wp\/v2\/types\/product"}],"replies":[{"embeddable":true,"href":"https:\/\/weinhundert.styleinc.eu\/da\/wp-json\/wp\/v2\/comments?post=13786"}],"wp:featuredmedia":[{"embeddable":true,"href":"https:\/\/weinhundert.styleinc.eu\/da\/wp-json\/wp\/v2\/media\/13787"}],"wp:attachment":[{"href":"https:\/\/weinhundert.styleinc.eu\/da\/wp-json\/wp\/v2\/media?parent=13786"}],"wp:term":[{"taxonomy":"product_brand","embeddable":true,"href":"https:\/\/weinhundert.styleinc.eu\/da\/wp-json\/wp\/v2\/product_brand?post=13786"},{"taxonomy":"product_cat","embeddable":true,"href":"https:\/\/weinhundert.styleinc.eu\/da\/wp-json\/wp\/v2\/product_cat?post=13786"},{"taxonomy":"product_tag","embeddable":true,"href":"https:\/\/weinhundert.styleinc.eu\/da\/wp-json\/wp\/v2\/product_tag?post=13786"}],"curies":[{"name":"wp","href":"https:\/\/api.w.org\/{rel}","templated":true}]}}