{"id":13777,"date":"2026-03-05T19:38:52","date_gmt":"2026-03-05T18:38:52","guid":{"rendered":"https:\/\/weinhundert.styleinc.eu\/?post_type=product&#038;p=13777"},"modified":"2026-03-10T21:30:19","modified_gmt":"2026-03-10T20:30:19","slug":"f-x-pichler-riesling-m-reserve-075-l","status":"publish","type":"product","link":"https:\/\/weinhundert.styleinc.eu\/da\/produkt\/f-x-pichler-riesling-m-reserve-075-l\/","title":{"rendered":"F.X.Pichler Riesling M Reserve  0,75 l"},"content":{"rendered":"<p>Hier kommt ein Riesling, der zeigt, warum die Wachau weltweit f\u00fcr ihre Wei\u00dfweine ber\u00fchmt ist. Der M Reserve von F.X. Pichler hat Kraft und Finesse zugleich \u2013 mineralisch, mit feiner S\u00e4ure und einer beeindruckenden Tiefe, die dich mit jedem Schluck \u00fcberrascht. Das ist kein sch\u00fcchterner Wein, sondern ein selbstbewusster Charakter, der sich geschmacklich entfaltet. Perfekt zu Fisch mit cremigen Saucen, Meeresfr\u00fcchten oder auch zu w\u00fcrzigen Gem\u00fcsegebilden.<\/p>\n","protected":false},"excerpt":{"rendered":"<p>Mineralischer Riesling-Star aus der Wachau mit Kraft und feiner S\u00e4ure \u2013 ein voller Charakter im Glas.<\/p>\n","protected":false},"featured_media":13778,"comment_status":"open","ping_status":"closed","template":"","meta":{"_acf_changed":false,"_et_pb_use_builder":"","_et_pb_old_content":"","_et_gb_content_width":"","inline_featured_image":false,"_price":"79.90","_stock":"-1","_tribe_ticket_header":"","_tribe_default_ticket_provider":"","_ticket_start_date":"","_ticket_end_date":"","_tribe_ticket_show_description":"","_tribe_ticket_show_not_going":false,"_tribe_ticket_use_global_stock":"","_tribe_ticket_global_stock_level":"","_global_stock_mode":"","_global_stock_cap":"","_tribe_rsvp_for_event":"","_tribe_ticket_going_count":"","_tribe_ticket_not_going_count":"","_tribe_tickets_list":"[]","_tribe_ticket_has_attendee_info_fields":false},"product_brand":[],"product_cat":[120],"product_tag":[],"class_list":{"0":"post-13777","1":"product","2":"type-product","3":"status-publish","4":"has-post-thumbnail","6":"product_cat-weisswein","8":"first","9":"outofstock","10":"taxable","11":"shipping-taxable","12":"purchasable","13":"product-type-simple"},"acf":[],"_links":{"self":[{"href":"https:\/\/weinhundert.styleinc.eu\/da\/wp-json\/wp\/v2\/product\/13777","targetHints":{"allow":["GET"]}}],"collection":[{"href":"https:\/\/weinhundert.styleinc.eu\/da\/wp-json\/wp\/v2\/product"}],"about":[{"href":"https:\/\/weinhundert.styleinc.eu\/da\/wp-json\/wp\/v2\/types\/product"}],"replies":[{"embeddable":true,"href":"https:\/\/weinhundert.styleinc.eu\/da\/wp-json\/wp\/v2\/comments?post=13777"}],"wp:featuredmedia":[{"embeddable":true,"href":"https:\/\/weinhundert.styleinc.eu\/da\/wp-json\/wp\/v2\/media\/13778"}],"wp:attachment":[{"href":"https:\/\/weinhundert.styleinc.eu\/da\/wp-json\/wp\/v2\/media?parent=13777"}],"wp:term":[{"taxonomy":"product_brand","embeddable":true,"href":"https:\/\/weinhundert.styleinc.eu\/da\/wp-json\/wp\/v2\/product_brand?post=13777"},{"taxonomy":"product_cat","embeddable":true,"href":"https:\/\/weinhundert.styleinc.eu\/da\/wp-json\/wp\/v2\/product_cat?post=13777"},{"taxonomy":"product_tag","embeddable":true,"href":"https:\/\/weinhundert.styleinc.eu\/da\/wp-json\/wp\/v2\/product_tag?post=13777"}],"curies":[{"name":"wp","href":"https:\/\/api.w.org\/{rel}","templated":true}]}}