{"id":13753,"date":"2026-03-05T19:38:33","date_gmt":"2026-03-05T18:38:33","guid":{"rendered":"https:\/\/weinhundert.styleinc.eu\/?post_type=product&#038;p=13753"},"modified":"2026-03-10T21:30:13","modified_gmt":"2026-03-10T20:30:13","slug":"f-x-pichler-gruener-veltliner-loibner-steinertal-2012-075-l","status":"publish","type":"product","link":"https:\/\/weinhundert.styleinc.eu\/da\/produkt\/f-x-pichler-gruener-veltliner-loibner-steinertal-2012-075-l\/","title":{"rendered":"F.X. Pichler Gr\u00fcner Veltliner Loibner Steinertal 2012 0,75 l"},"content":{"rendered":"<p>Hier kommt ein Gr\u00fcner Veltliner, der zeigt, warum die Wachau f\u00fcr diese Rebsorte legend\u00e4r ist. Der Loibner Steinertal von F.X. Pichler besticht mit mineralischer Frische und einer feinen Fruchtigkeit, die sich wie ein Echo durch den Gaumen zieht \u2013 Zitrusaromen treffen auf subtile Steinobst-Noten. Mit seinen 13 Prozent Alkohol sitzt dieser 2012er perfekt im Gleichgewicht und trinkt sich \u00fcberraschend lebendig, obwohl er schon einige Jahre auf dem Buckel hat. Das ideale Begleiter-Glas zu deinem n\u00e4chsten Fischgericht oder zu frischen Meeresfr\u00fcchten.<\/p>\n","protected":false},"excerpt":{"rendered":"<p>Mineralischer Wachau-Klassiker mit Zitrus und feiner Reife. Perfekt zu Fisch und Meeresfr\u00fcchten.<\/p>\n","protected":false},"featured_media":13754,"comment_status":"open","ping_status":"closed","template":"","meta":{"_acf_changed":false,"_et_pb_use_builder":"","_et_pb_old_content":"","_et_gb_content_width":"","inline_featured_image":false,"_price":"39.90","_stock":"-1","_tribe_ticket_header":"","_tribe_default_ticket_provider":"","_ticket_start_date":"","_ticket_end_date":"","_tribe_ticket_show_description":"","_tribe_ticket_show_not_going":false,"_tribe_ticket_use_global_stock":"","_tribe_ticket_global_stock_level":"","_global_stock_mode":"","_global_stock_cap":"","_tribe_rsvp_for_event":"","_tribe_ticket_going_count":"","_tribe_ticket_not_going_count":"","_tribe_tickets_list":"[]","_tribe_ticket_has_attendee_info_fields":false},"product_brand":[],"product_cat":[120],"product_tag":[],"class_list":{"0":"post-13753","1":"product","2":"type-product","3":"status-publish","4":"has-post-thumbnail","6":"product_cat-weisswein","8":"first","9":"outofstock","10":"taxable","11":"shipping-taxable","12":"purchasable","13":"product-type-simple"},"acf":[],"_links":{"self":[{"href":"https:\/\/weinhundert.styleinc.eu\/da\/wp-json\/wp\/v2\/product\/13753","targetHints":{"allow":["GET"]}}],"collection":[{"href":"https:\/\/weinhundert.styleinc.eu\/da\/wp-json\/wp\/v2\/product"}],"about":[{"href":"https:\/\/weinhundert.styleinc.eu\/da\/wp-json\/wp\/v2\/types\/product"}],"replies":[{"embeddable":true,"href":"https:\/\/weinhundert.styleinc.eu\/da\/wp-json\/wp\/v2\/comments?post=13753"}],"wp:featuredmedia":[{"embeddable":true,"href":"https:\/\/weinhundert.styleinc.eu\/da\/wp-json\/wp\/v2\/media\/13754"}],"wp:attachment":[{"href":"https:\/\/weinhundert.styleinc.eu\/da\/wp-json\/wp\/v2\/media?parent=13753"}],"wp:term":[{"taxonomy":"product_brand","embeddable":true,"href":"https:\/\/weinhundert.styleinc.eu\/da\/wp-json\/wp\/v2\/product_brand?post=13753"},{"taxonomy":"product_cat","embeddable":true,"href":"https:\/\/weinhundert.styleinc.eu\/da\/wp-json\/wp\/v2\/product_cat?post=13753"},{"taxonomy":"product_tag","embeddable":true,"href":"https:\/\/weinhundert.styleinc.eu\/da\/wp-json\/wp\/v2\/product_tag?post=13753"}],"curies":[{"name":"wp","href":"https:\/\/api.w.org\/{rel}","templated":true}]}}