{"id":13747,"date":"2026-03-05T19:38:30","date_gmt":"2026-03-05T18:38:30","guid":{"rendered":"https:\/\/weinhundert.styleinc.eu\/?post_type=product&#038;p=13747"},"modified":"2026-03-10T21:30:11","modified_gmt":"2026-03-10T20:30:11","slug":"f-x-pichler-gruener-veltliner-loibner-klostersatz-2012-075-l","status":"publish","type":"product","link":"https:\/\/weinhundert.styleinc.eu\/da\/produkt\/f-x-pichler-gruener-veltliner-loibner-klostersatz-2012-075-l\/","title":{"rendered":"F.X. Pichler Gr\u00fcner Veltliner Loibner Klostersatz 2012 0,75 l"},"content":{"rendered":"<p>Dieser Gr\u00fcner Veltliner aus der legend\u00e4ren Wachau zeigt dir, warum F.X. Pichler l\u00e4ngst Kult-Status hat. Der 2012er Loibner Klostersatz bringt intensive Noten von gr\u00fcnem Apfel und Zitronenschale mit sich, dazu ein w\u00fcrziges Mineralspiel, das dich sofort fesselt. Mit seinem frischen Charakter und der perfekten Balance zwischen S\u00e4ure und Frucht sitzt er einfach richtig \u2013 nicht zu schwer, nicht zu leicht. Probier ihn zu Fisch, Meeresfr\u00fcchten oder cremigen Pasta-Gerichten.<\/p>\n","protected":false},"excerpt":{"rendered":"<p>Wachau-Klassiker mit intensiver Mineralit\u00e4t und frischer Frucht. Ein Gr\u00fcner Veltliner mit echtem Charakter.<\/p>\n","protected":false},"featured_media":13748,"comment_status":"open","ping_status":"closed","template":"","meta":{"_acf_changed":false,"_et_pb_use_builder":"","_et_pb_old_content":"","_et_gb_content_width":"","inline_featured_image":false,"_price":"18.99","_stock":"-1","_tribe_ticket_header":"","_tribe_default_ticket_provider":"","_ticket_start_date":"","_ticket_end_date":"","_tribe_ticket_show_description":"","_tribe_ticket_show_not_going":false,"_tribe_ticket_use_global_stock":"","_tribe_ticket_global_stock_level":"","_global_stock_mode":"","_global_stock_cap":"","_tribe_rsvp_for_event":"","_tribe_ticket_going_count":"","_tribe_ticket_not_going_count":"","_tribe_tickets_list":"[]","_tribe_ticket_has_attendee_info_fields":false},"product_brand":[],"product_cat":[120],"product_tag":[],"class_list":{"0":"post-13747","1":"product","2":"type-product","3":"status-publish","4":"has-post-thumbnail","6":"product_cat-weisswein","8":"first","9":"outofstock","10":"taxable","11":"shipping-taxable","12":"purchasable","13":"product-type-simple"},"acf":[],"_links":{"self":[{"href":"https:\/\/weinhundert.styleinc.eu\/da\/wp-json\/wp\/v2\/product\/13747","targetHints":{"allow":["GET"]}}],"collection":[{"href":"https:\/\/weinhundert.styleinc.eu\/da\/wp-json\/wp\/v2\/product"}],"about":[{"href":"https:\/\/weinhundert.styleinc.eu\/da\/wp-json\/wp\/v2\/types\/product"}],"replies":[{"embeddable":true,"href":"https:\/\/weinhundert.styleinc.eu\/da\/wp-json\/wp\/v2\/comments?post=13747"}],"wp:featuredmedia":[{"embeddable":true,"href":"https:\/\/weinhundert.styleinc.eu\/da\/wp-json\/wp\/v2\/media\/13748"}],"wp:attachment":[{"href":"https:\/\/weinhundert.styleinc.eu\/da\/wp-json\/wp\/v2\/media?parent=13747"}],"wp:term":[{"taxonomy":"product_brand","embeddable":true,"href":"https:\/\/weinhundert.styleinc.eu\/da\/wp-json\/wp\/v2\/product_brand?post=13747"},{"taxonomy":"product_cat","embeddable":true,"href":"https:\/\/weinhundert.styleinc.eu\/da\/wp-json\/wp\/v2\/product_cat?post=13747"},{"taxonomy":"product_tag","embeddable":true,"href":"https:\/\/weinhundert.styleinc.eu\/da\/wp-json\/wp\/v2\/product_tag?post=13747"}],"curies":[{"name":"wp","href":"https:\/\/api.w.org\/{rel}","templated":true}]}}