{"id":13729,"date":"2026-03-05T19:38:15","date_gmt":"2026-03-05T18:38:15","guid":{"rendered":"https:\/\/weinhundert.styleinc.eu\/?post_type=product&#038;p=13729"},"modified":"2026-03-10T21:30:07","modified_gmt":"2026-03-10T20:30:07","slug":"terlan-porphyr-2018-075-l","status":"publish","type":"product","link":"https:\/\/weinhundert.styleinc.eu\/da\/produkt\/terlan-porphyr-2018-075-l\/","title":{"rendered":"Terlan Porphyr  2018 0,75 l"},"content":{"rendered":"<p>Der Porphyr aus dem Hause Terlan zeigt dir, was die S\u00fcdtiroler Lagrein-Rebe wirklich drauf hat. Dieser 2018er bringt kr\u00e4ftige dunkle Fr\u00fcchte, w\u00fcrzige Noten und eine angenehme Struktur mit sich \u2013 ohne dabei zu schwer zu werden. Mit 14,5 Prozent Alkohol sitzt er perfekt im Gleichgewicht und schmeckt nach ehrlicher Handwerkskunst aus den Bergen. Probier ihn zu Pasta mit Wildrag\u00f9 oder zu kr\u00e4ftiger Grillkost.<\/p>\n","protected":false},"excerpt":{"rendered":"<p>S\u00fcdtirols Lagrein mit Charakter: w\u00fcrzig, fruchtig und im besten Sinne unpr\u00e4tenti\u00f6s. Das ist Rotwein wie es sein soll.<\/p>\n","protected":false},"featured_media":13730,"comment_status":"open","ping_status":"closed","template":"","meta":{"_acf_changed":false,"_et_pb_use_builder":"","_et_pb_old_content":"","_et_gb_content_width":"","inline_featured_image":false,"_price":"42.90","_stock":"-1","_tribe_ticket_header":"","_tribe_default_ticket_provider":"","_ticket_start_date":"","_ticket_end_date":"","_tribe_ticket_show_description":"","_tribe_ticket_show_not_going":false,"_tribe_ticket_use_global_stock":"","_tribe_ticket_global_stock_level":"","_global_stock_mode":"","_global_stock_cap":"","_tribe_rsvp_for_event":"","_tribe_ticket_going_count":"","_tribe_ticket_not_going_count":"","_tribe_tickets_list":"[]","_tribe_ticket_has_attendee_info_fields":false},"product_brand":[],"product_cat":[119],"product_tag":[],"class_list":{"0":"post-13729","1":"product","2":"type-product","3":"status-publish","4":"has-post-thumbnail","6":"product_cat-rotwein","8":"first","9":"outofstock","10":"taxable","11":"shipping-taxable","12":"purchasable","13":"product-type-simple"},"acf":[],"_links":{"self":[{"href":"https:\/\/weinhundert.styleinc.eu\/da\/wp-json\/wp\/v2\/product\/13729","targetHints":{"allow":["GET"]}}],"collection":[{"href":"https:\/\/weinhundert.styleinc.eu\/da\/wp-json\/wp\/v2\/product"}],"about":[{"href":"https:\/\/weinhundert.styleinc.eu\/da\/wp-json\/wp\/v2\/types\/product"}],"replies":[{"embeddable":true,"href":"https:\/\/weinhundert.styleinc.eu\/da\/wp-json\/wp\/v2\/comments?post=13729"}],"wp:featuredmedia":[{"embeddable":true,"href":"https:\/\/weinhundert.styleinc.eu\/da\/wp-json\/wp\/v2\/media\/13730"}],"wp:attachment":[{"href":"https:\/\/weinhundert.styleinc.eu\/da\/wp-json\/wp\/v2\/media?parent=13729"}],"wp:term":[{"taxonomy":"product_brand","embeddable":true,"href":"https:\/\/weinhundert.styleinc.eu\/da\/wp-json\/wp\/v2\/product_brand?post=13729"},{"taxonomy":"product_cat","embeddable":true,"href":"https:\/\/weinhundert.styleinc.eu\/da\/wp-json\/wp\/v2\/product_cat?post=13729"},{"taxonomy":"product_tag","embeddable":true,"href":"https:\/\/weinhundert.styleinc.eu\/da\/wp-json\/wp\/v2\/product_tag?post=13729"}],"curies":[{"name":"wp","href":"https:\/\/api.w.org\/{rel}","templated":true}]}}