{"id":13690,"date":"2026-03-05T19:36:16","date_gmt":"2026-03-05T18:36:16","guid":{"rendered":"https:\/\/weinhundert.styleinc.eu\/?post_type=product&#038;p=13690"},"modified":"2026-03-10T21:29:24","modified_gmt":"2026-03-10T20:29:24","slug":"moet-chandon-rose-ice-075-l","status":"publish","type":"product","link":"https:\/\/weinhundert.styleinc.eu\/da\/produkt\/moet-chandon-rose-ice-075-l\/","title":{"rendered":"Moet &amp; Chandon Ros\u00e9 Ice  0,75 l"},"content":{"rendered":"<p>Dieser Champagner ist wie eine Party im Glas \u2013 frisch, fruchtig und verdammt verf\u00fchrerisch. Der Ros\u00e9 Ice \u00fcberzeugt mit seiner spritzigen S\u00e4ure, die perfekt von roten Beeren und einer feinen Cremigkeit abgel\u00f6st wird. Moet &amp; Chandon hat hier einen Schaumwein geschaffen, der einfach Spa\u00df macht und keine gro\u00dfen Gedanken verlangt. Ob pur im Cocktail oder beim Aperitif mit Freunden \u2013 diese Flasche bringt sofort gute Laune. Ideal zu Erdbeeren mit Mascarpone oder leichten H\u00e4ppchen.<\/p>\n","protected":false},"excerpt":{"rendered":"<p>Frischer Champagner-Ros\u00e9 mit verspielter Frucht. Die perfekte Party-Flasche f\u00fcr lockere Momente.<\/p>\n","protected":false},"featured_media":13691,"comment_status":"open","ping_status":"closed","template":"","meta":{"_acf_changed":false,"_et_pb_use_builder":"","_et_pb_old_content":"","_et_gb_content_width":"","inline_featured_image":false,"_price":"56.90","_stock":"-1","_tribe_ticket_header":"","_tribe_default_ticket_provider":"","_ticket_start_date":"","_ticket_end_date":"","_tribe_ticket_show_description":"","_tribe_ticket_show_not_going":false,"_tribe_ticket_use_global_stock":"","_tribe_ticket_global_stock_level":"","_global_stock_mode":"","_global_stock_cap":"","_tribe_rsvp_for_event":"","_tribe_ticket_going_count":"","_tribe_ticket_not_going_count":"","_tribe_tickets_list":"[]","_tribe_ticket_has_attendee_info_fields":false},"product_brand":[],"product_cat":[136],"product_tag":[],"class_list":{"0":"post-13690","1":"product","2":"type-product","3":"status-publish","4":"has-post-thumbnail","6":"product_cat-schaumwein","8":"first","9":"outofstock","10":"taxable","11":"shipping-taxable","12":"purchasable","13":"product-type-simple"},"acf":[],"_links":{"self":[{"href":"https:\/\/weinhundert.styleinc.eu\/da\/wp-json\/wp\/v2\/product\/13690","targetHints":{"allow":["GET"]}}],"collection":[{"href":"https:\/\/weinhundert.styleinc.eu\/da\/wp-json\/wp\/v2\/product"}],"about":[{"href":"https:\/\/weinhundert.styleinc.eu\/da\/wp-json\/wp\/v2\/types\/product"}],"replies":[{"embeddable":true,"href":"https:\/\/weinhundert.styleinc.eu\/da\/wp-json\/wp\/v2\/comments?post=13690"}],"wp:featuredmedia":[{"embeddable":true,"href":"https:\/\/weinhundert.styleinc.eu\/da\/wp-json\/wp\/v2\/media\/13691"}],"wp:attachment":[{"href":"https:\/\/weinhundert.styleinc.eu\/da\/wp-json\/wp\/v2\/media?parent=13690"}],"wp:term":[{"taxonomy":"product_brand","embeddable":true,"href":"https:\/\/weinhundert.styleinc.eu\/da\/wp-json\/wp\/v2\/product_brand?post=13690"},{"taxonomy":"product_cat","embeddable":true,"href":"https:\/\/weinhundert.styleinc.eu\/da\/wp-json\/wp\/v2\/product_cat?post=13690"},{"taxonomy":"product_tag","embeddable":true,"href":"https:\/\/weinhundert.styleinc.eu\/da\/wp-json\/wp\/v2\/product_tag?post=13690"}],"curies":[{"name":"wp","href":"https:\/\/api.w.org\/{rel}","templated":true}]}}