{"id":13684,"date":"2026-03-05T19:36:11","date_gmt":"2026-03-05T18:36:11","guid":{"rendered":"https:\/\/weinhundert.styleinc.eu\/?post_type=product&#038;p=13684"},"modified":"2026-03-10T21:29:23","modified_gmt":"2026-03-10T20:29:23","slug":"caymus-special-selection-2015-150-l","status":"publish","type":"product","link":"https:\/\/weinhundert.styleinc.eu\/da\/produkt\/caymus-special-selection-2015-150-l\/","title":{"rendered":"Caymus Special Selection 2015 1,50 l"},"content":{"rendered":"<p>Dieser Caymus Cabernet aus dem legend\u00e4ren Napa Valley zeigt dir, warum amerikanische Rotweine so verdammt lecker sein k\u00f6nnen. Mit kr\u00e4ftigen Schwarzkirsch- und Pflaumennoten, einem Hauch von Vanille und feinem W\u00fcrzwerk im Hintergrund, schmeckt jeder Schluck nach kalifornischer Weinkunst. Der 2015er hat die richtige Struktur und Gewicht, ohne dabei plump zu wirken \u2013 einfach ein Wein, der Lust auf mehr macht. Perfekt zu saftigen Steaks, dunklem Fleisch oder auch zu gehaltvollen Eint\u00f6pfen.<\/p>\n","protected":false},"excerpt":{"rendered":"<p>Napa-Valley-Klassiker mit Kraft und Frische. Schwarzkirsche, Vanille, vollmundiges Spiel.<\/p>\n","protected":false},"featured_media":13685,"comment_status":"open","ping_status":"closed","template":"","meta":{"_acf_changed":false,"_et_pb_use_builder":"","_et_pb_old_content":"","_et_gb_content_width":"","inline_featured_image":false,"_price":"399.90","_stock":"-1","_tribe_ticket_header":"","_tribe_default_ticket_provider":"","_ticket_start_date":"","_ticket_end_date":"","_tribe_ticket_show_description":"","_tribe_ticket_show_not_going":false,"_tribe_ticket_use_global_stock":"","_tribe_ticket_global_stock_level":"","_global_stock_mode":"","_global_stock_cap":"","_tribe_rsvp_for_event":"","_tribe_ticket_going_count":"","_tribe_ticket_not_going_count":"","_tribe_tickets_list":"[]","_tribe_ticket_has_attendee_info_fields":false},"product_brand":[],"product_cat":[119],"product_tag":[],"class_list":{"0":"post-13684","1":"product","2":"type-product","3":"status-publish","4":"has-post-thumbnail","6":"product_cat-rotwein","8":"first","9":"outofstock","10":"taxable","11":"shipping-taxable","12":"purchasable","13":"product-type-simple"},"acf":[],"_links":{"self":[{"href":"https:\/\/weinhundert.styleinc.eu\/da\/wp-json\/wp\/v2\/product\/13684","targetHints":{"allow":["GET"]}}],"collection":[{"href":"https:\/\/weinhundert.styleinc.eu\/da\/wp-json\/wp\/v2\/product"}],"about":[{"href":"https:\/\/weinhundert.styleinc.eu\/da\/wp-json\/wp\/v2\/types\/product"}],"replies":[{"embeddable":true,"href":"https:\/\/weinhundert.styleinc.eu\/da\/wp-json\/wp\/v2\/comments?post=13684"}],"wp:featuredmedia":[{"embeddable":true,"href":"https:\/\/weinhundert.styleinc.eu\/da\/wp-json\/wp\/v2\/media\/13685"}],"wp:attachment":[{"href":"https:\/\/weinhundert.styleinc.eu\/da\/wp-json\/wp\/v2\/media?parent=13684"}],"wp:term":[{"taxonomy":"product_brand","embeddable":true,"href":"https:\/\/weinhundert.styleinc.eu\/da\/wp-json\/wp\/v2\/product_brand?post=13684"},{"taxonomy":"product_cat","embeddable":true,"href":"https:\/\/weinhundert.styleinc.eu\/da\/wp-json\/wp\/v2\/product_cat?post=13684"},{"taxonomy":"product_tag","embeddable":true,"href":"https:\/\/weinhundert.styleinc.eu\/da\/wp-json\/wp\/v2\/product_tag?post=13684"}],"curies":[{"name":"wp","href":"https:\/\/api.w.org\/{rel}","templated":true}]}}