{"id":13660,"date":"2026-03-05T19:35:16","date_gmt":"2026-03-05T18:35:16","guid":{"rendered":"https:\/\/weinhundert.styleinc.eu\/produkt\/domaine-de-torraccia-rose-2018-075-l\/"},"modified":"2026-03-10T21:29:08","modified_gmt":"2026-03-10T20:29:08","slug":"domaine-de-torraccia-rose-2018-075-l","status":"publish","type":"product","link":"https:\/\/weinhundert.styleinc.eu\/da\/produkt\/domaine-de-torraccia-rose-2018-075-l\/","title":{"rendered":"Domaine de Torraccia Ros\u00e9 2018 0,75 l"},"content":{"rendered":"<p>Dieser Ros\u00e9 aus Korsika bringt die ganze mediterrane Leichtigkeit auf den Tisch \u2013 nicht zu s\u00fc\u00df, nicht zu d\u00fcnn, einfach nur ehrlich. Die Mischung aus Niellucciu, Sciaccarellu, Grenache und Cinsault verleiht dem Wein eine beeindruckende Frische mit feinen roten Fruchtaromen und einem mineralischen Hauch der Insel. Mit 12,5 Prozent sitzt er perfekt im Gleichgewicht und schmeckt besonders an warmen Tagen mit gegrilltem Fisch oder einem frischen Salat einfach k\u00f6stlich.<\/p>\n","protected":false},"excerpt":{"rendered":"<p>Frischer korsischer Ros\u00e9 mit mediterranem Charakter \u2013 pur, unversch\u00e4mt lecker und herrlich unkompliziert.<\/p>\n","protected":false},"featured_media":13661,"comment_status":"open","ping_status":"closed","template":"","meta":{"_acf_changed":false,"_et_pb_use_builder":"","_et_pb_old_content":"","_et_gb_content_width":"","inline_featured_image":false,"_price":"9.99","_stock":"148","_tribe_ticket_header":"","_tribe_default_ticket_provider":"","_ticket_start_date":"","_ticket_end_date":"","_tribe_ticket_show_description":"","_tribe_ticket_show_not_going":false,"_tribe_ticket_use_global_stock":"","_tribe_ticket_global_stock_level":"","_global_stock_mode":"","_global_stock_cap":"","_tribe_rsvp_for_event":"","_tribe_ticket_going_count":"","_tribe_ticket_not_going_count":"","_tribe_tickets_list":"[]","_tribe_ticket_has_attendee_info_fields":false},"product_brand":[],"product_cat":[135],"product_tag":[],"class_list":{"0":"post-13660","1":"product","2":"type-product","3":"status-publish","4":"has-post-thumbnail","6":"product_cat-rosewein","8":"first","9":"instock","10":"taxable","11":"shipping-taxable","12":"purchasable","13":"product-type-simple"},"acf":[],"_links":{"self":[{"href":"https:\/\/weinhundert.styleinc.eu\/da\/wp-json\/wp\/v2\/product\/13660","targetHints":{"allow":["GET"]}}],"collection":[{"href":"https:\/\/weinhundert.styleinc.eu\/da\/wp-json\/wp\/v2\/product"}],"about":[{"href":"https:\/\/weinhundert.styleinc.eu\/da\/wp-json\/wp\/v2\/types\/product"}],"replies":[{"embeddable":true,"href":"https:\/\/weinhundert.styleinc.eu\/da\/wp-json\/wp\/v2\/comments?post=13660"}],"wp:featuredmedia":[{"embeddable":true,"href":"https:\/\/weinhundert.styleinc.eu\/da\/wp-json\/wp\/v2\/media\/13661"}],"wp:attachment":[{"href":"https:\/\/weinhundert.styleinc.eu\/da\/wp-json\/wp\/v2\/media?parent=13660"}],"wp:term":[{"taxonomy":"product_brand","embeddable":true,"href":"https:\/\/weinhundert.styleinc.eu\/da\/wp-json\/wp\/v2\/product_brand?post=13660"},{"taxonomy":"product_cat","embeddable":true,"href":"https:\/\/weinhundert.styleinc.eu\/da\/wp-json\/wp\/v2\/product_cat?post=13660"},{"taxonomy":"product_tag","embeddable":true,"href":"https:\/\/weinhundert.styleinc.eu\/da\/wp-json\/wp\/v2\/product_tag?post=13660"}],"curies":[{"name":"wp","href":"https:\/\/api.w.org\/{rel}","templated":true}]}}