{"id":13654,"date":"2026-03-05T19:35:09","date_gmt":"2026-03-05T18:35:09","guid":{"rendered":"https:\/\/weinhundert.styleinc.eu\/?post_type=product&#038;p=13654"},"modified":"2026-03-10T21:29:07","modified_gmt":"2026-03-10T20:29:07","slug":"duckhorn-decoy-cabernet-sauvignon-2016-075-l","status":"publish","type":"product","link":"https:\/\/weinhundert.styleinc.eu\/da\/produkt\/duckhorn-decoy-cabernet-sauvignon-2016-075-l\/","title":{"rendered":"Duckhorn Decoy Cabernet Sauvignon 2016 0,75 l"},"content":{"rendered":"<p>Dieser Cabernet aus Napa Valley zeigt, warum Kalifornien Rotweinfreunde weltweit in seinen Bann zieht. Mit reifer Kirsche, dunklen Beeren und einem Hauch Minze am Gaumen bietet der Decoy eine unkomplizierte, aber richtig leckere Power ohne dabei aufdringlich zu wirken. Der 2016er sitzt perfekt zwischen Fruchtbombe und Struktur \u2013 einfach ehrlich und rundum genie\u00dfbar. Passt gro\u00dfartig zu saftigen Steaks, gegrilltem Fleisch oder auch zu w\u00fcrzigen Burger-Varianten.<\/p>\n","protected":false},"excerpt":{"rendered":"<p>Napa Valley Cabernet mit reifer Frucht und sch\u00f6nem Grip \u2013 unkompliziert lecker und echte Trinkfreude.<\/p>\n","protected":false},"featured_media":13655,"comment_status":"open","ping_status":"closed","template":"","meta":{"_acf_changed":false,"_et_pb_use_builder":"","_et_pb_old_content":"","_et_gb_content_width":"","inline_featured_image":false,"_price":"27.90","_stock":"-1","_tribe_ticket_header":"","_tribe_default_ticket_provider":"","_ticket_start_date":"","_ticket_end_date":"","_tribe_ticket_show_description":"","_tribe_ticket_show_not_going":false,"_tribe_ticket_use_global_stock":"","_tribe_ticket_global_stock_level":"","_global_stock_mode":"","_global_stock_cap":"","_tribe_rsvp_for_event":"","_tribe_ticket_going_count":"","_tribe_ticket_not_going_count":"","_tribe_tickets_list":"[]","_tribe_ticket_has_attendee_info_fields":false},"product_brand":[],"product_cat":[119],"product_tag":[],"class_list":{"0":"post-13654","1":"product","2":"type-product","3":"status-publish","4":"has-post-thumbnail","6":"product_cat-rotwein","8":"first","9":"outofstock","10":"taxable","11":"shipping-taxable","12":"purchasable","13":"product-type-simple"},"acf":[],"_links":{"self":[{"href":"https:\/\/weinhundert.styleinc.eu\/da\/wp-json\/wp\/v2\/product\/13654","targetHints":{"allow":["GET"]}}],"collection":[{"href":"https:\/\/weinhundert.styleinc.eu\/da\/wp-json\/wp\/v2\/product"}],"about":[{"href":"https:\/\/weinhundert.styleinc.eu\/da\/wp-json\/wp\/v2\/types\/product"}],"replies":[{"embeddable":true,"href":"https:\/\/weinhundert.styleinc.eu\/da\/wp-json\/wp\/v2\/comments?post=13654"}],"wp:featuredmedia":[{"embeddable":true,"href":"https:\/\/weinhundert.styleinc.eu\/da\/wp-json\/wp\/v2\/media\/13655"}],"wp:attachment":[{"href":"https:\/\/weinhundert.styleinc.eu\/da\/wp-json\/wp\/v2\/media?parent=13654"}],"wp:term":[{"taxonomy":"product_brand","embeddable":true,"href":"https:\/\/weinhundert.styleinc.eu\/da\/wp-json\/wp\/v2\/product_brand?post=13654"},{"taxonomy":"product_cat","embeddable":true,"href":"https:\/\/weinhundert.styleinc.eu\/da\/wp-json\/wp\/v2\/product_cat?post=13654"},{"taxonomy":"product_tag","embeddable":true,"href":"https:\/\/weinhundert.styleinc.eu\/da\/wp-json\/wp\/v2\/product_tag?post=13654"}],"curies":[{"name":"wp","href":"https:\/\/api.w.org\/{rel}","templated":true}]}}