{"id":13639,"date":"2026-03-05T19:34:47","date_gmt":"2026-03-05T18:34:47","guid":{"rendered":"https:\/\/weinhundert.styleinc.eu\/?post_type=product&#038;p=13639"},"modified":"2026-03-10T21:29:01","modified_gmt":"2026-03-10T20:29:01","slug":"masi-serego-alighieri-vaio-armaron-amarone-2012-075-l","status":"publish","type":"product","link":"https:\/\/weinhundert.styleinc.eu\/da\/produkt\/masi-serego-alighieri-vaio-armaron-amarone-2012-075-l\/","title":{"rendered":"Masi Serego Alighieri Vaio Armaron Amarone 2012 0,75 l"},"content":{"rendered":"<p>Dieser Amarone aus dem Hause Masi zeigt dir, warum italienische Rotweine so s\u00fcchtig machen k\u00f6nnen. Die getrockneten Trauben bringen intensive Kirsch- und Pflaumennoten mit sich, unterlegt von w\u00fcrzigen Ankl\u00e4ngen, die beim Trinken richtig Lust auf mehr machen. Mit seinen 15,5 Prozent sitzt er kraftvoll im Glas, bleibt aber nie aufdringlich \u2013 eher ein selbstbewusster Typ, der wei\u00df, was er will. Lass ihn zu w\u00fcrzigen Braten, reifem K\u00e4se oder auch zu dunkler Schokolade ankommen.<\/p>\n","protected":false},"excerpt":{"rendered":"<p>Intensiver Amarone mit Kirsche, Pflaume und w\u00fcrzigen Noten. Ein kraftvoller Italiener f\u00fcr ernsthafte Genie\u00dfer.<\/p>\n","protected":false},"featured_media":13640,"comment_status":"open","ping_status":"closed","template":"","meta":{"_acf_changed":false,"_et_pb_use_builder":"","_et_pb_old_content":"","_et_gb_content_width":"","inline_featured_image":false,"_price":"59.90","_stock":"-1","_tribe_ticket_header":"","_tribe_default_ticket_provider":"","_ticket_start_date":"","_ticket_end_date":"","_tribe_ticket_show_description":"","_tribe_ticket_show_not_going":false,"_tribe_ticket_use_global_stock":"","_tribe_ticket_global_stock_level":"","_global_stock_mode":"","_global_stock_cap":"","_tribe_rsvp_for_event":"","_tribe_ticket_going_count":"","_tribe_ticket_not_going_count":"","_tribe_tickets_list":"[]","_tribe_ticket_has_attendee_info_fields":false},"product_brand":[],"product_cat":[119],"product_tag":[],"class_list":{"0":"post-13639","1":"product","2":"type-product","3":"status-publish","4":"has-post-thumbnail","6":"product_cat-rotwein","8":"first","9":"outofstock","10":"taxable","11":"shipping-taxable","12":"purchasable","13":"product-type-simple"},"acf":[],"_links":{"self":[{"href":"https:\/\/weinhundert.styleinc.eu\/da\/wp-json\/wp\/v2\/product\/13639","targetHints":{"allow":["GET"]}}],"collection":[{"href":"https:\/\/weinhundert.styleinc.eu\/da\/wp-json\/wp\/v2\/product"}],"about":[{"href":"https:\/\/weinhundert.styleinc.eu\/da\/wp-json\/wp\/v2\/types\/product"}],"replies":[{"embeddable":true,"href":"https:\/\/weinhundert.styleinc.eu\/da\/wp-json\/wp\/v2\/comments?post=13639"}],"wp:featuredmedia":[{"embeddable":true,"href":"https:\/\/weinhundert.styleinc.eu\/da\/wp-json\/wp\/v2\/media\/13640"}],"wp:attachment":[{"href":"https:\/\/weinhundert.styleinc.eu\/da\/wp-json\/wp\/v2\/media?parent=13639"}],"wp:term":[{"taxonomy":"product_brand","embeddable":true,"href":"https:\/\/weinhundert.styleinc.eu\/da\/wp-json\/wp\/v2\/product_brand?post=13639"},{"taxonomy":"product_cat","embeddable":true,"href":"https:\/\/weinhundert.styleinc.eu\/da\/wp-json\/wp\/v2\/product_cat?post=13639"},{"taxonomy":"product_tag","embeddable":true,"href":"https:\/\/weinhundert.styleinc.eu\/da\/wp-json\/wp\/v2\/product_tag?post=13639"}],"curies":[{"name":"wp","href":"https:\/\/api.w.org\/{rel}","templated":true}]}}