{"id":13633,"date":"2026-03-05T19:34:43","date_gmt":"2026-03-05T18:34:43","guid":{"rendered":"https:\/\/weinhundert.styleinc.eu\/?post_type=product&#038;p=13633"},"modified":"2026-03-10T21:29:00","modified_gmt":"2026-03-10T20:29:00","slug":"torres-salmos-2015-075-l","status":"publish","type":"product","link":"https:\/\/weinhundert.styleinc.eu\/da\/produkt\/torres-salmos-2015-075-l\/","title":{"rendered":"Torres Salmos  2015 0,75 l"},"content":{"rendered":"<p>Dieser Priorat aus dem Hause Torres zeigt dir, was die legend\u00e4re spanische Region zu bieten hat: Ein kraftvoller Rotwein aus Garnacha, Cari\u00f1ena und Syrah mit echtem Charakter und Biss. Die Trauben aus den steilen Schieferh\u00e4ngen bringen Mineralit\u00e4t und eine wunderbar intensive Frucht mit sich, die du deutlich schmeckst. Mit seinen 14 % Alkohol sitzt der Wein perfekt im Sattel \u2013 kein \u00fcbergewichtiger Wuchtbrumme, sondern pr\u00e4sent und geschmacksintensiv. Gib ihm eine Chance zu deinem n\u00e4chsten Steak, kr\u00e4ftigen Ragouts oder w\u00fcrzigen Grillplatten!<\/p>\n","protected":false},"excerpt":{"rendered":"<p>Kraftvoller Priorat mit mineralischer Tiefe und intensiver Frucht. Torres auf der H\u00f6he seiner Kunst!<\/p>\n","protected":false},"featured_media":13634,"comment_status":"open","ping_status":"closed","template":"","meta":{"_acf_changed":false,"_et_pb_use_builder":"","_et_pb_old_content":"","_et_gb_content_width":"","inline_featured_image":false,"_price":"19.99","_stock":"-1","_tribe_ticket_header":"","_tribe_default_ticket_provider":"","_ticket_start_date":"","_ticket_end_date":"","_tribe_ticket_show_description":"","_tribe_ticket_show_not_going":false,"_tribe_ticket_use_global_stock":"","_tribe_ticket_global_stock_level":"","_global_stock_mode":"","_global_stock_cap":"","_tribe_rsvp_for_event":"","_tribe_ticket_going_count":"","_tribe_ticket_not_going_count":"","_tribe_tickets_list":"[]","_tribe_ticket_has_attendee_info_fields":false},"product_brand":[],"product_cat":[119],"product_tag":[],"class_list":{"0":"post-13633","1":"product","2":"type-product","3":"status-publish","4":"has-post-thumbnail","6":"product_cat-rotwein","8":"first","9":"outofstock","10":"taxable","11":"shipping-taxable","12":"purchasable","13":"product-type-simple"},"acf":[],"_links":{"self":[{"href":"https:\/\/weinhundert.styleinc.eu\/da\/wp-json\/wp\/v2\/product\/13633","targetHints":{"allow":["GET"]}}],"collection":[{"href":"https:\/\/weinhundert.styleinc.eu\/da\/wp-json\/wp\/v2\/product"}],"about":[{"href":"https:\/\/weinhundert.styleinc.eu\/da\/wp-json\/wp\/v2\/types\/product"}],"replies":[{"embeddable":true,"href":"https:\/\/weinhundert.styleinc.eu\/da\/wp-json\/wp\/v2\/comments?post=13633"}],"wp:featuredmedia":[{"embeddable":true,"href":"https:\/\/weinhundert.styleinc.eu\/da\/wp-json\/wp\/v2\/media\/13634"}],"wp:attachment":[{"href":"https:\/\/weinhundert.styleinc.eu\/da\/wp-json\/wp\/v2\/media?parent=13633"}],"wp:term":[{"taxonomy":"product_brand","embeddable":true,"href":"https:\/\/weinhundert.styleinc.eu\/da\/wp-json\/wp\/v2\/product_brand?post=13633"},{"taxonomy":"product_cat","embeddable":true,"href":"https:\/\/weinhundert.styleinc.eu\/da\/wp-json\/wp\/v2\/product_cat?post=13633"},{"taxonomy":"product_tag","embeddable":true,"href":"https:\/\/weinhundert.styleinc.eu\/da\/wp-json\/wp\/v2\/product_tag?post=13633"}],"curies":[{"name":"wp","href":"https:\/\/api.w.org\/{rel}","templated":true}]}}