{"id":13630,"date":"2026-03-05T19:34:40","date_gmt":"2026-03-05T18:34:40","guid":{"rendered":"https:\/\/weinhundert.styleinc.eu\/?post_type=product&#038;p=13630"},"modified":"2026-03-10T21:28:59","modified_gmt":"2026-03-10T20:28:59","slug":"cune-vina-real-reserva-2014-075-l","status":"publish","type":"product","link":"https:\/\/weinhundert.styleinc.eu\/da\/produkt\/cune-vina-real-reserva-2014-075-l\/","title":{"rendered":"Cune Vina Real Reserva 2014 0,75 l"},"content":{"rendered":"<p>Dieser Rioja Reserva aus dem Hause C.V.N.E. zeigt dir, was zehn Jahre Reife bewirken k\u00f6nnen \u2013 vollmundiger Tempranillo mit w\u00fcrzigen Noten von Granatapfel, dunklen Beeren und einer Prise Leder. Die Cuv\u00e9e aus vier klassischen Rioja-Sorten hat Struktur ohne zu \u00fcberfordern, trinkt sich wunderbar geschmeidig weg und passt perfekt zu Roastbeef, reifem K\u00e4se oder deftigem Wildragout. Ein echter Klassiker, der zeigt, dass Tradition bei CVNE nicht verstaubt wirkt, sondern lebendig ist.<\/p>\n","protected":false},"excerpt":{"rendered":"<p>Zehn Jahre gereifte Rioja-Kraft: Tempranillo-dominiert, w\u00fcrzig-beerig, perfekt zu Wild und Fleisch.<\/p>\n","protected":false},"featured_media":13631,"comment_status":"open","ping_status":"closed","template":"","meta":{"_acf_changed":false,"_et_pb_use_builder":"","_et_pb_old_content":"","_et_gb_content_width":"","inline_featured_image":false,"_price":"10.90","_stock":"-1","_tribe_ticket_header":"","_tribe_default_ticket_provider":"","_ticket_start_date":"","_ticket_end_date":"","_tribe_ticket_show_description":"","_tribe_ticket_show_not_going":false,"_tribe_ticket_use_global_stock":"","_tribe_ticket_global_stock_level":"","_global_stock_mode":"","_global_stock_cap":"","_tribe_rsvp_for_event":"","_tribe_ticket_going_count":"","_tribe_ticket_not_going_count":"","_tribe_tickets_list":"[]","_tribe_ticket_has_attendee_info_fields":false},"product_brand":[],"product_cat":[119],"product_tag":[],"class_list":{"0":"post-13630","1":"product","2":"type-product","3":"status-publish","4":"has-post-thumbnail","6":"product_cat-rotwein","8":"first","9":"outofstock","10":"taxable","11":"shipping-taxable","12":"purchasable","13":"product-type-simple"},"acf":[],"_links":{"self":[{"href":"https:\/\/weinhundert.styleinc.eu\/da\/wp-json\/wp\/v2\/product\/13630","targetHints":{"allow":["GET"]}}],"collection":[{"href":"https:\/\/weinhundert.styleinc.eu\/da\/wp-json\/wp\/v2\/product"}],"about":[{"href":"https:\/\/weinhundert.styleinc.eu\/da\/wp-json\/wp\/v2\/types\/product"}],"replies":[{"embeddable":true,"href":"https:\/\/weinhundert.styleinc.eu\/da\/wp-json\/wp\/v2\/comments?post=13630"}],"wp:featuredmedia":[{"embeddable":true,"href":"https:\/\/weinhundert.styleinc.eu\/da\/wp-json\/wp\/v2\/media\/13631"}],"wp:attachment":[{"href":"https:\/\/weinhundert.styleinc.eu\/da\/wp-json\/wp\/v2\/media?parent=13630"}],"wp:term":[{"taxonomy":"product_brand","embeddable":true,"href":"https:\/\/weinhundert.styleinc.eu\/da\/wp-json\/wp\/v2\/product_brand?post=13630"},{"taxonomy":"product_cat","embeddable":true,"href":"https:\/\/weinhundert.styleinc.eu\/da\/wp-json\/wp\/v2\/product_cat?post=13630"},{"taxonomy":"product_tag","embeddable":true,"href":"https:\/\/weinhundert.styleinc.eu\/da\/wp-json\/wp\/v2\/product_tag?post=13630"}],"curies":[{"name":"wp","href":"https:\/\/api.w.org\/{rel}","templated":true}]}}