{"id":13612,"date":"2026-03-05T19:34:27","date_gmt":"2026-03-05T18:34:27","guid":{"rendered":"https:\/\/weinhundert.styleinc.eu\/?post_type=product&#038;p=13612"},"modified":"2026-03-10T21:28:55","modified_gmt":"2026-03-10T20:28:55","slug":"joseph-phelps-insignia-2015-075-l","status":"publish","type":"product","link":"https:\/\/weinhundert.styleinc.eu\/da\/produkt\/joseph-phelps-insignia-2015-075-l\/","title":{"rendered":"Joseph Phelps Insignia  2015 0,75 l"},"content":{"rendered":"<p>Dieser Rotwein aus Napa Valley zeigt, warum Joseph Phelps zu den Top-Adressen Kaliforniens geh\u00f6rt. Die Cuv\u00e9e aus Cabernet Sauvignon, Petit Verdot, Malbec und Cabernet Franc bringt kraftvolle Schwarzbeerennoten mit feinen Kr\u00e4utern und einer mineralischen Tiefe, die dich sofort in ihren Bann zieht. Mit 14,5% Alkohol sitzt er perfekt im Sattel \u2013 pr\u00e4sent ohne zu \u00fcberfahren. Der 2015er Jahrgang ist absolut reif zum Genie\u00dfen und passt hervorragend zu gegrilltem Steak, w\u00fcrzigen Lammeint\u00f6pfen oder cremigen K\u00e4sevariationen.<\/p>\n","protected":false},"excerpt":{"rendered":"<p>Kalifornische Topform: Kraftvoller Bordeaux-Blend aus Napa Valley mit Tiefgang und Trinkfluss.<\/p>\n","protected":false},"featured_media":13613,"comment_status":"open","ping_status":"closed","template":"","meta":{"_acf_changed":false,"_et_pb_use_builder":"","_et_pb_old_content":"","_et_gb_content_width":"","inline_featured_image":false,"_price":"249.00","_stock":"-1","_tribe_ticket_header":"","_tribe_default_ticket_provider":"","_ticket_start_date":"","_ticket_end_date":"","_tribe_ticket_show_description":"","_tribe_ticket_show_not_going":false,"_tribe_ticket_use_global_stock":"","_tribe_ticket_global_stock_level":"","_global_stock_mode":"","_global_stock_cap":"","_tribe_rsvp_for_event":"","_tribe_ticket_going_count":"","_tribe_ticket_not_going_count":"","_tribe_tickets_list":"[]","_tribe_ticket_has_attendee_info_fields":false},"product_brand":[],"product_cat":[119],"product_tag":[],"class_list":{"0":"post-13612","1":"product","2":"type-product","3":"status-publish","4":"has-post-thumbnail","6":"product_cat-rotwein","8":"first","9":"outofstock","10":"taxable","11":"shipping-taxable","12":"purchasable","13":"product-type-simple"},"acf":[],"_links":{"self":[{"href":"https:\/\/weinhundert.styleinc.eu\/da\/wp-json\/wp\/v2\/product\/13612","targetHints":{"allow":["GET"]}}],"collection":[{"href":"https:\/\/weinhundert.styleinc.eu\/da\/wp-json\/wp\/v2\/product"}],"about":[{"href":"https:\/\/weinhundert.styleinc.eu\/da\/wp-json\/wp\/v2\/types\/product"}],"replies":[{"embeddable":true,"href":"https:\/\/weinhundert.styleinc.eu\/da\/wp-json\/wp\/v2\/comments?post=13612"}],"wp:featuredmedia":[{"embeddable":true,"href":"https:\/\/weinhundert.styleinc.eu\/da\/wp-json\/wp\/v2\/media\/13613"}],"wp:attachment":[{"href":"https:\/\/weinhundert.styleinc.eu\/da\/wp-json\/wp\/v2\/media?parent=13612"}],"wp:term":[{"taxonomy":"product_brand","embeddable":true,"href":"https:\/\/weinhundert.styleinc.eu\/da\/wp-json\/wp\/v2\/product_brand?post=13612"},{"taxonomy":"product_cat","embeddable":true,"href":"https:\/\/weinhundert.styleinc.eu\/da\/wp-json\/wp\/v2\/product_cat?post=13612"},{"taxonomy":"product_tag","embeddable":true,"href":"https:\/\/weinhundert.styleinc.eu\/da\/wp-json\/wp\/v2\/product_tag?post=13612"}],"curies":[{"name":"wp","href":"https:\/\/api.w.org\/{rel}","templated":true}]}}