{"id":13594,"date":"2026-03-05T19:33:53","date_gmt":"2026-03-05T18:33:53","guid":{"rendered":"https:\/\/weinhundert.styleinc.eu\/?post_type=product&#038;p=13594"},"modified":"2026-03-10T21:28:46","modified_gmt":"2026-03-10T20:28:46","slug":"penfolds-grange-bin-95-2012-075-l","status":"publish","type":"product","link":"https:\/\/weinhundert.styleinc.eu\/da\/produkt\/penfolds-grange-bin-95-2012-075-l\/","title":{"rendered":"Penfolds Grange BIN 95 2012 0,75 l"},"content":{"rendered":"<p>Dieser Penfolds Grange aus dem Jahr 2012 ist ein absoluter Klassiker aus Australien, der zeigt, warum das Weingut weltweit so respektiert wird. Die Mischung aus Shiraz und Cabernet Sauvignon bringt dir intensive dunkle Fr\u00fcchte, w\u00fcrzige Noten und eine beeindruckende Struktur ins Glas \u2013 ohne dabei zu schwer zu wirken. Nach \u00fcber einem Jahrzehnt hat der Wein wunderbar reifen k\u00f6nnen und entwickelt jetzt erst richtig sein volles Potenzial. Genie\u00dfe ihn zu kr\u00e4ftigem Fleisch, gegrilltem Rindersteaks oder auch zu w\u00fcrzigen Speisen.<\/p>\n","protected":false},"excerpt":{"rendered":"<p>Australischer Klassiker mit Tiefgang: Shiraz-Cabernet-Mix mit intensiven Fr\u00fcchten und w\u00fcrziger Kraft.<\/p>\n","protected":false},"featured_media":13595,"comment_status":"open","ping_status":"closed","template":"","meta":{"_acf_changed":false,"_et_pb_use_builder":"","_et_pb_old_content":"","_et_gb_content_width":"","inline_featured_image":false,"_price":"599.00","_stock":"-1","_tribe_ticket_header":"","_tribe_default_ticket_provider":"","_ticket_start_date":"","_ticket_end_date":"","_tribe_ticket_show_description":"","_tribe_ticket_show_not_going":false,"_tribe_ticket_use_global_stock":"","_tribe_ticket_global_stock_level":"","_global_stock_mode":"","_global_stock_cap":"","_tribe_rsvp_for_event":"","_tribe_ticket_going_count":"","_tribe_ticket_not_going_count":"","_tribe_tickets_list":"[]","_tribe_ticket_has_attendee_info_fields":false},"product_brand":[],"product_cat":[119],"product_tag":[],"class_list":{"0":"post-13594","1":"product","2":"type-product","3":"status-publish","4":"has-post-thumbnail","6":"product_cat-rotwein","8":"first","9":"outofstock","10":"taxable","11":"shipping-taxable","12":"purchasable","13":"product-type-simple"},"acf":[],"_links":{"self":[{"href":"https:\/\/weinhundert.styleinc.eu\/da\/wp-json\/wp\/v2\/product\/13594","targetHints":{"allow":["GET"]}}],"collection":[{"href":"https:\/\/weinhundert.styleinc.eu\/da\/wp-json\/wp\/v2\/product"}],"about":[{"href":"https:\/\/weinhundert.styleinc.eu\/da\/wp-json\/wp\/v2\/types\/product"}],"replies":[{"embeddable":true,"href":"https:\/\/weinhundert.styleinc.eu\/da\/wp-json\/wp\/v2\/comments?post=13594"}],"wp:featuredmedia":[{"embeddable":true,"href":"https:\/\/weinhundert.styleinc.eu\/da\/wp-json\/wp\/v2\/media\/13595"}],"wp:attachment":[{"href":"https:\/\/weinhundert.styleinc.eu\/da\/wp-json\/wp\/v2\/media?parent=13594"}],"wp:term":[{"taxonomy":"product_brand","embeddable":true,"href":"https:\/\/weinhundert.styleinc.eu\/da\/wp-json\/wp\/v2\/product_brand?post=13594"},{"taxonomy":"product_cat","embeddable":true,"href":"https:\/\/weinhundert.styleinc.eu\/da\/wp-json\/wp\/v2\/product_cat?post=13594"},{"taxonomy":"product_tag","embeddable":true,"href":"https:\/\/weinhundert.styleinc.eu\/da\/wp-json\/wp\/v2\/product_tag?post=13594"}],"curies":[{"name":"wp","href":"https:\/\/api.w.org\/{rel}","templated":true}]}}