{"id":13561,"date":"2026-03-05T19:33:14","date_gmt":"2026-03-05T18:33:14","guid":{"rendered":"https:\/\/weinhundert.styleinc.eu\/produkt\/vieille-julienne-les-trois-sources-2012-075-l\/"},"modified":"2026-03-10T21:28:35","modified_gmt":"2026-03-10T20:28:35","slug":"vieille-julienne-les-trois-sources-2012-075-l","status":"publish","type":"product","link":"https:\/\/weinhundert.styleinc.eu\/da\/produkt\/vieille-julienne-les-trois-sources-2012-075-l\/","title":{"rendered":"Vieille Julienne Les Trois Sources 2012 0,75 l"},"content":{"rendered":"<p>Dieser Ch\u00e2teauneuf-du-Pape aus dem Hause Daumen ist ein echtes Kraftpaket aus der s\u00fcdlichen Rhone, das mit Selbstbewusstsein gl\u00e4nzt. Die Cuv\u00e9e aus Grenache, Syrah und begleitenden Sorten bringt dir intensive dunkle Fr\u00fcchte, w\u00fcrzige Noten und eine kernige Struktur ins Glas \u2013 nichts f\u00fcr schwache Nerven. Der 2012er hat \u00fcber die Jahre hinweg an Tiefe gewonnen und zeigt jetzt seine volle Pers\u00f6nlichkeit. Perfekt zu kr\u00e4ftigen Schmorgerichten, gegrilltem Fleisch oder w\u00fcrzigen Eint\u00f6pfen.<\/p>\n","protected":false},"excerpt":{"rendered":"<p>Kraftvoller Ch\u00e2teauneuf-du-Pape mit Wucht und W\u00fcrze. Dunkle Fr\u00fcchte treffen kernige Struktur \u2013 perfekt gereift.<\/p>\n","protected":false},"featured_media":13562,"comment_status":"open","ping_status":"closed","template":"","meta":{"_acf_changed":false,"_et_pb_use_builder":"","_et_pb_old_content":"","_et_gb_content_width":"","inline_featured_image":false,"_price":"57.90","_stock":"3","_tribe_ticket_header":"","_tribe_default_ticket_provider":"","_ticket_start_date":"","_ticket_end_date":"","_tribe_ticket_show_description":"","_tribe_ticket_show_not_going":false,"_tribe_ticket_use_global_stock":"","_tribe_ticket_global_stock_level":"","_global_stock_mode":"","_global_stock_cap":"","_tribe_rsvp_for_event":"","_tribe_ticket_going_count":"","_tribe_ticket_not_going_count":"","_tribe_tickets_list":"[]","_tribe_ticket_has_attendee_info_fields":false},"product_brand":[],"product_cat":[119],"product_tag":[],"class_list":{"0":"post-13561","1":"product","2":"type-product","3":"status-publish","4":"has-post-thumbnail","6":"product_cat-rotwein","8":"first","9":"instock","10":"taxable","11":"shipping-taxable","12":"purchasable","13":"product-type-simple"},"acf":[],"_links":{"self":[{"href":"https:\/\/weinhundert.styleinc.eu\/da\/wp-json\/wp\/v2\/product\/13561","targetHints":{"allow":["GET"]}}],"collection":[{"href":"https:\/\/weinhundert.styleinc.eu\/da\/wp-json\/wp\/v2\/product"}],"about":[{"href":"https:\/\/weinhundert.styleinc.eu\/da\/wp-json\/wp\/v2\/types\/product"}],"replies":[{"embeddable":true,"href":"https:\/\/weinhundert.styleinc.eu\/da\/wp-json\/wp\/v2\/comments?post=13561"}],"wp:featuredmedia":[{"embeddable":true,"href":"https:\/\/weinhundert.styleinc.eu\/da\/wp-json\/wp\/v2\/media\/13562"}],"wp:attachment":[{"href":"https:\/\/weinhundert.styleinc.eu\/da\/wp-json\/wp\/v2\/media?parent=13561"}],"wp:term":[{"taxonomy":"product_brand","embeddable":true,"href":"https:\/\/weinhundert.styleinc.eu\/da\/wp-json\/wp\/v2\/product_brand?post=13561"},{"taxonomy":"product_cat","embeddable":true,"href":"https:\/\/weinhundert.styleinc.eu\/da\/wp-json\/wp\/v2\/product_cat?post=13561"},{"taxonomy":"product_tag","embeddable":true,"href":"https:\/\/weinhundert.styleinc.eu\/da\/wp-json\/wp\/v2\/product_tag?post=13561"}],"curies":[{"name":"wp","href":"https:\/\/api.w.org\/{rel}","templated":true}]}}