{"id":13558,"date":"2026-03-05T19:33:09","date_gmt":"2026-03-05T18:33:09","guid":{"rendered":"https:\/\/weinhundert.styleinc.eu\/produkt\/vieille-julienne-cuvee-reserve-2012-075-l\/"},"modified":"2026-03-10T21:28:35","modified_gmt":"2026-03-10T20:28:35","slug":"vieille-julienne-cuvee-reserve-2012-075-l","status":"publish","type":"product","link":"https:\/\/weinhundert.styleinc.eu\/da\/produkt\/vieille-julienne-cuvee-reserve-2012-075-l\/","title":{"rendered":"Vieille Julienne Cuvee Reserve 2012 0,75 l"},"content":{"rendered":"<p>Dieser 2012er aus der s\u00fcdlichen Rh\u00f4ne zeigt dir, warum Grenache und Syrah zusammen einfach magic sind \u2013 kr\u00e4ftige rote Fr\u00fcchte treffen auf w\u00fcrzige Tiefe und eine Kraft, die nicht zu \u00fcbersehen ist. Mit 16 Prozent Alkohol hat dieser Kerl ordentlich Substanz und Charakter, den du auch Jahre sp\u00e4ter noch gerne trinkst. Das Weingut Vieille Julienne legt hier handwerkliche Qualit\u00e4t auf den Tisch, die du schmeckst. Zu Rinderbraten, kr\u00e4ftigen Eint\u00f6pfen oder auch zum w\u00fcrzigen Couscous passt dieser Wein perfekt \u2013 und er wird dir noch lange gut tun.<\/p>\n","protected":false},"excerpt":{"rendered":"<p>Grenache-Syrah-Power aus der Rh\u00f4ne. Kr\u00e4ftig, w\u00fcrzig, mit reichlich Substanz f\u00fcr Fleischgerichte und lange Lagerung.<\/p>\n","protected":false},"featured_media":13559,"comment_status":"open","ping_status":"closed","template":"","meta":{"_acf_changed":false,"_et_pb_use_builder":"","_et_pb_old_content":"","_et_gb_content_width":"","inline_featured_image":false,"_price":"219.00","_stock":"3","_tribe_ticket_header":"","_tribe_default_ticket_provider":"","_ticket_start_date":"","_ticket_end_date":"","_tribe_ticket_show_description":"","_tribe_ticket_show_not_going":false,"_tribe_ticket_use_global_stock":"","_tribe_ticket_global_stock_level":"","_global_stock_mode":"","_global_stock_cap":"","_tribe_rsvp_for_event":"","_tribe_ticket_going_count":"","_tribe_ticket_not_going_count":"","_tribe_tickets_list":"[]","_tribe_ticket_has_attendee_info_fields":false},"product_brand":[],"product_cat":[119],"product_tag":[],"class_list":{"0":"post-13558","1":"product","2":"type-product","3":"status-publish","4":"has-post-thumbnail","6":"product_cat-rotwein","8":"first","9":"instock","10":"taxable","11":"shipping-taxable","12":"purchasable","13":"product-type-simple"},"acf":[],"_links":{"self":[{"href":"https:\/\/weinhundert.styleinc.eu\/da\/wp-json\/wp\/v2\/product\/13558","targetHints":{"allow":["GET"]}}],"collection":[{"href":"https:\/\/weinhundert.styleinc.eu\/da\/wp-json\/wp\/v2\/product"}],"about":[{"href":"https:\/\/weinhundert.styleinc.eu\/da\/wp-json\/wp\/v2\/types\/product"}],"replies":[{"embeddable":true,"href":"https:\/\/weinhundert.styleinc.eu\/da\/wp-json\/wp\/v2\/comments?post=13558"}],"wp:featuredmedia":[{"embeddable":true,"href":"https:\/\/weinhundert.styleinc.eu\/da\/wp-json\/wp\/v2\/media\/13559"}],"wp:attachment":[{"href":"https:\/\/weinhundert.styleinc.eu\/da\/wp-json\/wp\/v2\/media?parent=13558"}],"wp:term":[{"taxonomy":"product_brand","embeddable":true,"href":"https:\/\/weinhundert.styleinc.eu\/da\/wp-json\/wp\/v2\/product_brand?post=13558"},{"taxonomy":"product_cat","embeddable":true,"href":"https:\/\/weinhundert.styleinc.eu\/da\/wp-json\/wp\/v2\/product_cat?post=13558"},{"taxonomy":"product_tag","embeddable":true,"href":"https:\/\/weinhundert.styleinc.eu\/da\/wp-json\/wp\/v2\/product_tag?post=13558"}],"curies":[{"name":"wp","href":"https:\/\/api.w.org\/{rel}","templated":true}]}}