{"id":13531,"date":"2026-03-05T19:32:33","date_gmt":"2026-03-05T18:32:33","guid":{"rendered":"https:\/\/weinhundert.styleinc.eu\/produkt\/firriato-ribeca-2013-075-l\/"},"modified":"2026-03-10T21:28:27","modified_gmt":"2026-03-10T20:28:27","slug":"firriato-ribeca-2013-075-l","status":"publish","type":"product","link":"https:\/\/weinhundert.styleinc.eu\/da\/produkt\/firriato-ribeca-2013-075-l\/","title":{"rendered":"Firriato Ribeca 2013 0,75 l"},"content":{"rendered":"<p>Dieser sizilianische Rotwein aus der autochthonen Perricone-Traube bringt dir die volle Kraft und W\u00e4rme der Insel ins Glas. Der Firriato Ribeca zeigt sich mit kr\u00e4ftigen dunklen Beerennoten, w\u00fcrzigen Ankl\u00e4ngen und einer gleichzeitig erfrischenden Art, die ihn zu einem echten Sommerbegleiter macht. Die 14,5 Prozent Alkohol sitzen ganz nat\u00fcrlich im Wein und geben ihm Nachdruck, ohne zu \u00fcberw\u00e4ltigen. Perfekt zu gegrilltem Fleisch, w\u00fcrzigen Pasta-Gerichten oder einfach zu guten Freunden auf der Terrasse.<\/p>\n","protected":false},"excerpt":{"rendered":"<p>Sizilianischer Charakter mit Wucht: Perricone-Traube mit w\u00fcrziger Frische und dunkler Beerenkraft.<\/p>\n","protected":false},"featured_media":13532,"comment_status":"open","ping_status":"closed","template":"","meta":{"_acf_changed":false,"_et_pb_use_builder":"","_et_pb_old_content":"","_et_gb_content_width":"","inline_featured_image":false,"_price":"19.99","_stock":"9","_tribe_ticket_header":"","_tribe_default_ticket_provider":"","_ticket_start_date":"","_ticket_end_date":"","_tribe_ticket_show_description":"","_tribe_ticket_show_not_going":false,"_tribe_ticket_use_global_stock":"","_tribe_ticket_global_stock_level":"","_global_stock_mode":"","_global_stock_cap":"","_tribe_rsvp_for_event":"","_tribe_ticket_going_count":"","_tribe_ticket_not_going_count":"","_tribe_tickets_list":"[]","_tribe_ticket_has_attendee_info_fields":false},"product_brand":[],"product_cat":[119],"product_tag":[],"class_list":{"0":"post-13531","1":"product","2":"type-product","3":"status-publish","4":"has-post-thumbnail","6":"product_cat-rotwein","8":"first","9":"instock","10":"taxable","11":"shipping-taxable","12":"purchasable","13":"product-type-simple"},"acf":[],"_links":{"self":[{"href":"https:\/\/weinhundert.styleinc.eu\/da\/wp-json\/wp\/v2\/product\/13531","targetHints":{"allow":["GET"]}}],"collection":[{"href":"https:\/\/weinhundert.styleinc.eu\/da\/wp-json\/wp\/v2\/product"}],"about":[{"href":"https:\/\/weinhundert.styleinc.eu\/da\/wp-json\/wp\/v2\/types\/product"}],"replies":[{"embeddable":true,"href":"https:\/\/weinhundert.styleinc.eu\/da\/wp-json\/wp\/v2\/comments?post=13531"}],"wp:featuredmedia":[{"embeddable":true,"href":"https:\/\/weinhundert.styleinc.eu\/da\/wp-json\/wp\/v2\/media\/13532"}],"wp:attachment":[{"href":"https:\/\/weinhundert.styleinc.eu\/da\/wp-json\/wp\/v2\/media?parent=13531"}],"wp:term":[{"taxonomy":"product_brand","embeddable":true,"href":"https:\/\/weinhundert.styleinc.eu\/da\/wp-json\/wp\/v2\/product_brand?post=13531"},{"taxonomy":"product_cat","embeddable":true,"href":"https:\/\/weinhundert.styleinc.eu\/da\/wp-json\/wp\/v2\/product_cat?post=13531"},{"taxonomy":"product_tag","embeddable":true,"href":"https:\/\/weinhundert.styleinc.eu\/da\/wp-json\/wp\/v2\/product_tag?post=13531"}],"curies":[{"name":"wp","href":"https:\/\/api.w.org\/{rel}","templated":true}]}}