{"id":13392,"date":"2026-03-04T19:54:37","date_gmt":"2026-03-04T18:54:37","guid":{"rendered":"https:\/\/weinhundert.styleinc.eu\/?post_type=product&#038;p=13392"},"modified":"2026-03-10T21:25:38","modified_gmt":"2026-03-10T20:25:38","slug":"borgogno-barolo-fossati-2009-075-l","status":"publish","type":"product","link":"https:\/\/weinhundert.styleinc.eu\/da\/produkt\/borgogno-barolo-fossati-2009-075-l\/","title":{"rendered":"Borgogno Barolo Fossati 2009 0,75 l"},"content":{"rendered":"<p>Dieser Barolo vom Jahrgang 2009 ist ein echtes Schwergewicht aus dem Piemont, das jetzt in seiner vollen Reife ankommt. Die Nebbiolo-Traube zeigt hier ihre ganze Kraft mit intensiven Aromen von dunklen Kirschen, Pflaume und einem Hauch Lakritz \u2013 dazu gesellen sich w\u00fcrzige Noten, die den Gaumen lange besch\u00e4ftigen. Das Tannin-Ger\u00fcst ist kr\u00e4ftig, aber nicht aggressiv, und die S\u00e4ure gibt dem Wein Spannung und Saftigkeit. Perfekt zu kr\u00e4ftigen Fleischgerichten wie Rinderbraten, Wild oder reifen K\u00e4sesorten.<\/p>\n","protected":false},"excerpt":{"rendered":"<p>Piemonteser Power im besten Alter: intensiv, w\u00fcrzig und mit beeindruckendem Nachhall.<\/p>\n","protected":false},"featured_media":13393,"comment_status":"open","ping_status":"closed","template":"","meta":{"_acf_changed":false,"_et_pb_use_builder":"","_et_pb_old_content":"","_et_gb_content_width":"","inline_featured_image":false,"_price":"49.90","_stock":"-1","_tribe_ticket_header":"","_tribe_default_ticket_provider":"","_ticket_start_date":"","_ticket_end_date":"","_tribe_ticket_show_description":"","_tribe_ticket_show_not_going":false,"_tribe_ticket_use_global_stock":"","_tribe_ticket_global_stock_level":"","_global_stock_mode":"","_global_stock_cap":"","_tribe_rsvp_for_event":"","_tribe_ticket_going_count":"","_tribe_ticket_not_going_count":"","_tribe_tickets_list":"[]","_tribe_ticket_has_attendee_info_fields":false},"product_brand":[],"product_cat":[119],"product_tag":[],"class_list":{"0":"post-13392","1":"product","2":"type-product","3":"status-publish","4":"has-post-thumbnail","6":"product_cat-rotwein","8":"first","9":"outofstock","10":"taxable","11":"shipping-taxable","12":"purchasable","13":"product-type-simple"},"acf":[],"_links":{"self":[{"href":"https:\/\/weinhundert.styleinc.eu\/da\/wp-json\/wp\/v2\/product\/13392","targetHints":{"allow":["GET"]}}],"collection":[{"href":"https:\/\/weinhundert.styleinc.eu\/da\/wp-json\/wp\/v2\/product"}],"about":[{"href":"https:\/\/weinhundert.styleinc.eu\/da\/wp-json\/wp\/v2\/types\/product"}],"replies":[{"embeddable":true,"href":"https:\/\/weinhundert.styleinc.eu\/da\/wp-json\/wp\/v2\/comments?post=13392"}],"wp:featuredmedia":[{"embeddable":true,"href":"https:\/\/weinhundert.styleinc.eu\/da\/wp-json\/wp\/v2\/media\/13393"}],"wp:attachment":[{"href":"https:\/\/weinhundert.styleinc.eu\/da\/wp-json\/wp\/v2\/media?parent=13392"}],"wp:term":[{"taxonomy":"product_brand","embeddable":true,"href":"https:\/\/weinhundert.styleinc.eu\/da\/wp-json\/wp\/v2\/product_brand?post=13392"},{"taxonomy":"product_cat","embeddable":true,"href":"https:\/\/weinhundert.styleinc.eu\/da\/wp-json\/wp\/v2\/product_cat?post=13392"},{"taxonomy":"product_tag","embeddable":true,"href":"https:\/\/weinhundert.styleinc.eu\/da\/wp-json\/wp\/v2\/product_tag?post=13392"}],"curies":[{"name":"wp","href":"https:\/\/api.w.org\/{rel}","templated":true}]}}