{"id":13377,"date":"2026-03-04T19:54:29","date_gmt":"2026-03-04T18:54:29","guid":{"rendered":"https:\/\/weinhundert.styleinc.eu\/?post_type=product&#038;p=13377"},"modified":"2026-03-10T21:25:35","modified_gmt":"2026-03-10T20:25:35","slug":"ruffino-riserva-ducale-chianti-classico-2011-075-l","status":"publish","type":"product","link":"https:\/\/weinhundert.styleinc.eu\/da\/produkt\/ruffino-riserva-ducale-chianti-classico-2011-075-l\/","title":{"rendered":"Ruffino Riserva Ducale Chianti Classico 2011 0,75 l"},"content":{"rendered":"<p>Dieser Chianti Classico aus der Toskana zeigt, warum italienische Rotweine einfach zeitlos sind. Der 2011er Riserva Ducale von Ruffino ist gereift und hat eine wunderbare Balance zwischen w\u00fcrzigen Sangiovese-Noten und der Weiche von Merlot und Cabernet Sauvignon entwickelt. Im Glas merkst du sofort, wie viel Charakter dieser Wein hat \u2013 intensive Aromen von dunklen Kirschen, etwas Leder und dezente W\u00fcrzt\u00f6ne. Perfect zum Genie\u00dfen allein oder zu einem sch\u00f6nen Abendessen mit gegrilltem Fleisch, Pasta Bolognese oder w\u00fcrzigen K\u00e4sesorten.<\/p>\n","protected":false},"excerpt":{"rendered":"<p>Reifer Toskana-Klassiker mit Balance und Charakter. Sangiovese mit Soul f\u00fcr jeden Tag.<\/p>\n","protected":false},"featured_media":13378,"comment_status":"open","ping_status":"closed","template":"","meta":{"_acf_changed":false,"_et_pb_use_builder":"","_et_pb_old_content":"","_et_gb_content_width":"","inline_featured_image":false,"_price":"14.49","_stock":"-1","_tribe_ticket_header":"","_tribe_default_ticket_provider":"","_ticket_start_date":"","_ticket_end_date":"","_tribe_ticket_show_description":"","_tribe_ticket_show_not_going":false,"_tribe_ticket_use_global_stock":"","_tribe_ticket_global_stock_level":"","_global_stock_mode":"","_global_stock_cap":"","_tribe_rsvp_for_event":"","_tribe_ticket_going_count":"","_tribe_ticket_not_going_count":"","_tribe_tickets_list":"[]","_tribe_ticket_has_attendee_info_fields":false},"product_brand":[],"product_cat":[119],"product_tag":[],"class_list":{"0":"post-13377","1":"product","2":"type-product","3":"status-publish","4":"has-post-thumbnail","6":"product_cat-rotwein","8":"first","9":"outofstock","10":"taxable","11":"shipping-taxable","12":"purchasable","13":"product-type-simple"},"acf":[],"_links":{"self":[{"href":"https:\/\/weinhundert.styleinc.eu\/da\/wp-json\/wp\/v2\/product\/13377","targetHints":{"allow":["GET"]}}],"collection":[{"href":"https:\/\/weinhundert.styleinc.eu\/da\/wp-json\/wp\/v2\/product"}],"about":[{"href":"https:\/\/weinhundert.styleinc.eu\/da\/wp-json\/wp\/v2\/types\/product"}],"replies":[{"embeddable":true,"href":"https:\/\/weinhundert.styleinc.eu\/da\/wp-json\/wp\/v2\/comments?post=13377"}],"wp:featuredmedia":[{"embeddable":true,"href":"https:\/\/weinhundert.styleinc.eu\/da\/wp-json\/wp\/v2\/media\/13378"}],"wp:attachment":[{"href":"https:\/\/weinhundert.styleinc.eu\/da\/wp-json\/wp\/v2\/media?parent=13377"}],"wp:term":[{"taxonomy":"product_brand","embeddable":true,"href":"https:\/\/weinhundert.styleinc.eu\/da\/wp-json\/wp\/v2\/product_brand?post=13377"},{"taxonomy":"product_cat","embeddable":true,"href":"https:\/\/weinhundert.styleinc.eu\/da\/wp-json\/wp\/v2\/product_cat?post=13377"},{"taxonomy":"product_tag","embeddable":true,"href":"https:\/\/weinhundert.styleinc.eu\/da\/wp-json\/wp\/v2\/product_tag?post=13377"}],"curies":[{"name":"wp","href":"https:\/\/api.w.org\/{rel}","templated":true}]}}