{"id":13350,"date":"2026-03-04T19:53:58","date_gmt":"2026-03-04T18:53:58","guid":{"rendered":"https:\/\/weinhundert.styleinc.eu\/produkt\/scheibel-williams-070-l\/"},"modified":"2026-03-10T21:25:26","modified_gmt":"2026-03-10T20:25:26","slug":"scheibel-williams-070-l","status":"publish","type":"product","link":"https:\/\/weinhundert.styleinc.eu\/da\/produkt\/scheibel-williams-070-l\/","title":{"rendered":"Scheibel Williams 0,70 l"},"content":{"rendered":"<p>Dieser Birnenbrannt aus dem Schwarzwald ist wie fl\u00fcssige Frucht \u2013 intensiv, aromatisch und ohne unn\u00f6tige Umschweife. Die Scheibel Brennerei hat hier echte Handwerkskunst in die Flasche gebracht, mit vollem K\u00f6rper und dem besonderen Kick von 40% Alkohol. Das Aroma ist fruchtig und pr\u00e4sent, perfekt pur als Digestif oder im klassischen Cocktail. Probier ihn zu einem cremigen K\u00e4seboard oder als Digestif nach einem guten Essen \u2013 hier zeigt sich, was in einer guten Birne steckt.<\/p>\n","protected":false},"excerpt":{"rendered":"<p>Intensiver Schwarzw\u00e4lder Birnenbrannt mit Charakter. Pur oder im Cocktail ein Genuss.<\/p>\n","protected":false},"featured_media":13351,"comment_status":"open","ping_status":"closed","template":"","meta":{"_acf_changed":false,"_et_pb_use_builder":"","_et_pb_old_content":"","_et_gb_content_width":"","inline_featured_image":false,"_price":"20.90","_stock":"6","_tribe_ticket_header":"","_tribe_default_ticket_provider":"","_ticket_start_date":"","_ticket_end_date":"","_tribe_ticket_show_description":"","_tribe_ticket_show_not_going":false,"_tribe_ticket_use_global_stock":"","_tribe_ticket_global_stock_level":"","_global_stock_mode":"","_global_stock_cap":"","_tribe_rsvp_for_event":"","_tribe_ticket_going_count":"","_tribe_ticket_not_going_count":"","_tribe_tickets_list":"[]","_tribe_ticket_has_attendee_info_fields":false},"product_brand":[],"product_cat":[134],"product_tag":[],"class_list":{"0":"post-13350","1":"product","2":"type-product","3":"status-publish","4":"has-post-thumbnail","6":"product_cat-spirituosen","8":"first","9":"instock","10":"taxable","11":"shipping-taxable","12":"purchasable","13":"product-type-simple"},"acf":[],"_links":{"self":[{"href":"https:\/\/weinhundert.styleinc.eu\/da\/wp-json\/wp\/v2\/product\/13350","targetHints":{"allow":["GET"]}}],"collection":[{"href":"https:\/\/weinhundert.styleinc.eu\/da\/wp-json\/wp\/v2\/product"}],"about":[{"href":"https:\/\/weinhundert.styleinc.eu\/da\/wp-json\/wp\/v2\/types\/product"}],"replies":[{"embeddable":true,"href":"https:\/\/weinhundert.styleinc.eu\/da\/wp-json\/wp\/v2\/comments?post=13350"}],"wp:featuredmedia":[{"embeddable":true,"href":"https:\/\/weinhundert.styleinc.eu\/da\/wp-json\/wp\/v2\/media\/13351"}],"wp:attachment":[{"href":"https:\/\/weinhundert.styleinc.eu\/da\/wp-json\/wp\/v2\/media?parent=13350"}],"wp:term":[{"taxonomy":"product_brand","embeddable":true,"href":"https:\/\/weinhundert.styleinc.eu\/da\/wp-json\/wp\/v2\/product_brand?post=13350"},{"taxonomy":"product_cat","embeddable":true,"href":"https:\/\/weinhundert.styleinc.eu\/da\/wp-json\/wp\/v2\/product_cat?post=13350"},{"taxonomy":"product_tag","embeddable":true,"href":"https:\/\/weinhundert.styleinc.eu\/da\/wp-json\/wp\/v2\/product_tag?post=13350"}],"curies":[{"name":"wp","href":"https:\/\/api.w.org\/{rel}","templated":true}]}}