{"id":13305,"date":"2026-03-04T19:53:08","date_gmt":"2026-03-04T18:53:08","guid":{"rendered":"https:\/\/weinhundert.styleinc.eu\/?post_type=product&#038;p=13305"},"modified":"2026-03-10T21:25:08","modified_gmt":"2026-03-10T20:25:08","slug":"krug-grande-cuvee-075-l","status":"publish","type":"product","link":"https:\/\/weinhundert.styleinc.eu\/da\/produkt\/krug-grande-cuvee-075-l\/","title":{"rendered":"Krug Grande Cuvee 0,75 l"},"content":{"rendered":"<p>Dieser Champagne from Krug ist wie ein guter Freund, auf den du dich einfach verlassen kannst: zuverl\u00e4ssig, kraftvoll und immer f\u00fcr eine gute Zeit bereit. Die Mischung aus Pinot Noir, Chardonnay und Meunier schafft eine wunderbar fruchtige und lebendige Perlage, die im Mund tanzt. Mit zw\u00f6lf Prozent Alkohol sitzt er perfekt in der Balance und bringt dir eine F\u00fclle an feinen Nuancen \u2013 von fruchtigen Noten bis hin zu leicht w\u00fcrzigen Ankl\u00e4ngen. Zu Champagner-Klassikern wie Austern, Kaviar oder auch einfach zu Hummer und Jakobsmuscheln passt dieser Wein einfach ph\u00e4nomenal.<\/p>\n","protected":false},"excerpt":{"rendered":"<p>Krug Grande Cuv\u00e9e: Franz\u00f6sischer Champagne mit kraftvollem Charakter und feiner Perlage. Perfekt zu Meeresfr\u00fcchten und besonderen Momenten.<\/p>\n","protected":false},"featured_media":13306,"comment_status":"open","ping_status":"closed","template":"","meta":{"_acf_changed":false,"_et_pb_use_builder":"","_et_pb_old_content":"","_et_gb_content_width":"","inline_featured_image":false,"_price":"149.00","_stock":"-1","_tribe_ticket_header":"","_tribe_default_ticket_provider":"","_ticket_start_date":"","_ticket_end_date":"","_tribe_ticket_show_description":"","_tribe_ticket_show_not_going":false,"_tribe_ticket_use_global_stock":"","_tribe_ticket_global_stock_level":"","_global_stock_mode":"","_global_stock_cap":"","_tribe_rsvp_for_event":"","_tribe_ticket_going_count":"","_tribe_ticket_not_going_count":"","_tribe_tickets_list":"[]","_tribe_ticket_has_attendee_info_fields":false},"product_brand":[],"product_cat":[136],"product_tag":[],"class_list":{"0":"post-13305","1":"product","2":"type-product","3":"status-publish","4":"has-post-thumbnail","6":"product_cat-schaumwein","8":"first","9":"outofstock","10":"taxable","11":"shipping-taxable","12":"purchasable","13":"product-type-simple"},"acf":[],"_links":{"self":[{"href":"https:\/\/weinhundert.styleinc.eu\/da\/wp-json\/wp\/v2\/product\/13305","targetHints":{"allow":["GET"]}}],"collection":[{"href":"https:\/\/weinhundert.styleinc.eu\/da\/wp-json\/wp\/v2\/product"}],"about":[{"href":"https:\/\/weinhundert.styleinc.eu\/da\/wp-json\/wp\/v2\/types\/product"}],"replies":[{"embeddable":true,"href":"https:\/\/weinhundert.styleinc.eu\/da\/wp-json\/wp\/v2\/comments?post=13305"}],"wp:featuredmedia":[{"embeddable":true,"href":"https:\/\/weinhundert.styleinc.eu\/da\/wp-json\/wp\/v2\/media\/13306"}],"wp:attachment":[{"href":"https:\/\/weinhundert.styleinc.eu\/da\/wp-json\/wp\/v2\/media?parent=13305"}],"wp:term":[{"taxonomy":"product_brand","embeddable":true,"href":"https:\/\/weinhundert.styleinc.eu\/da\/wp-json\/wp\/v2\/product_brand?post=13305"},{"taxonomy":"product_cat","embeddable":true,"href":"https:\/\/weinhundert.styleinc.eu\/da\/wp-json\/wp\/v2\/product_cat?post=13305"},{"taxonomy":"product_tag","embeddable":true,"href":"https:\/\/weinhundert.styleinc.eu\/da\/wp-json\/wp\/v2\/product_tag?post=13305"}],"curies":[{"name":"wp","href":"https:\/\/api.w.org\/{rel}","templated":true}]}}