{"id":13287,"date":"2026-03-04T19:52:35","date_gmt":"2026-03-04T18:52:35","guid":{"rendered":"https:\/\/weinhundert.styleinc.eu\/?post_type=product&#038;p=13287"},"modified":"2026-03-10T21:24:56","modified_gmt":"2026-03-10T20:24:56","slug":"torres-perpetual-2014-075-l","status":"publish","type":"product","link":"https:\/\/weinhundert.styleinc.eu\/da\/produkt\/torres-perpetual-2014-075-l\/","title":{"rendered":"Torres Perpetual  2014 0,75 l"},"content":{"rendered":"<p>Dieser spanische Rotwein aus dem legend\u00e4ren Priorat bringt dir pure Kraft und Intensit\u00e4t ins Glas \u2013 ohne dabei zu \u00fcbertreiben. Cari\u00f1ena und Garnacha verschmelzen hier zu einem dichten, w\u00fcrzigen Wein mit viel dunklen Fr\u00fcchten und erdigen Noten, der noch heute wunderbar trinkt. Mit 14,5% Alkohol sitzt er perfekt im Saft und hat genug Struktur, um auch noch ein paar Jahre zu reifen. Probiere ihn zu kr\u00e4ftigen Fleischgerichten wie gegrillten Rippchen oder zu einem guten Steak.<\/p>\n","protected":false},"excerpt":{"rendered":"<p>Kr\u00e4ftiger Rotwein aus Priorat mit w\u00fcrziger Tiefe. Perfekt zu Fleisch und BBQ.<\/p>\n","protected":false},"featured_media":13288,"comment_status":"open","ping_status":"closed","template":"","meta":{"_acf_changed":false,"_et_pb_use_builder":"","_et_pb_old_content":"","_et_gb_content_width":"","inline_featured_image":false,"_price":"32.90","_stock":"-1","_tribe_ticket_header":"","_tribe_default_ticket_provider":"","_ticket_start_date":"","_ticket_end_date":"","_tribe_ticket_show_description":"","_tribe_ticket_show_not_going":false,"_tribe_ticket_use_global_stock":"","_tribe_ticket_global_stock_level":"","_global_stock_mode":"","_global_stock_cap":"","_tribe_rsvp_for_event":"","_tribe_ticket_going_count":"","_tribe_ticket_not_going_count":"","_tribe_tickets_list":"[]","_tribe_ticket_has_attendee_info_fields":false},"product_brand":[],"product_cat":[119],"product_tag":[],"class_list":{"0":"post-13287","1":"product","2":"type-product","3":"status-publish","4":"has-post-thumbnail","6":"product_cat-rotwein","8":"first","9":"outofstock","10":"taxable","11":"shipping-taxable","12":"purchasable","13":"product-type-simple"},"acf":[],"_links":{"self":[{"href":"https:\/\/weinhundert.styleinc.eu\/da\/wp-json\/wp\/v2\/product\/13287","targetHints":{"allow":["GET"]}}],"collection":[{"href":"https:\/\/weinhundert.styleinc.eu\/da\/wp-json\/wp\/v2\/product"}],"about":[{"href":"https:\/\/weinhundert.styleinc.eu\/da\/wp-json\/wp\/v2\/types\/product"}],"replies":[{"embeddable":true,"href":"https:\/\/weinhundert.styleinc.eu\/da\/wp-json\/wp\/v2\/comments?post=13287"}],"wp:featuredmedia":[{"embeddable":true,"href":"https:\/\/weinhundert.styleinc.eu\/da\/wp-json\/wp\/v2\/media\/13288"}],"wp:attachment":[{"href":"https:\/\/weinhundert.styleinc.eu\/da\/wp-json\/wp\/v2\/media?parent=13287"}],"wp:term":[{"taxonomy":"product_brand","embeddable":true,"href":"https:\/\/weinhundert.styleinc.eu\/da\/wp-json\/wp\/v2\/product_brand?post=13287"},{"taxonomy":"product_cat","embeddable":true,"href":"https:\/\/weinhundert.styleinc.eu\/da\/wp-json\/wp\/v2\/product_cat?post=13287"},{"taxonomy":"product_tag","embeddable":true,"href":"https:\/\/weinhundert.styleinc.eu\/da\/wp-json\/wp\/v2\/product_tag?post=13287"}],"curies":[{"name":"wp","href":"https:\/\/api.w.org\/{rel}","templated":true}]}}