{"id":13266,"date":"2026-03-04T19:52:11","date_gmt":"2026-03-04T18:52:11","guid":{"rendered":"https:\/\/weinhundert.styleinc.eu\/?post_type=product&#038;p=13266"},"modified":"2026-03-10T21:24:50","modified_gmt":"2026-03-10T20:24:50","slug":"ruinart-blanc-de-blanc-075-l","status":"publish","type":"product","link":"https:\/\/weinhundert.styleinc.eu\/da\/produkt\/ruinart-blanc-de-blanc-075-l\/","title":{"rendered":"Ruinart Blanc de Blanc 0,75 l"},"content":{"rendered":"<p>Dieser Champagne ist pure Chardonnay-Freude \u2013 feinperlig, elegant und dabei einfach erfrischend. Mit seinen zitronigen Noten und feinen Mineralankl\u00e4ngen begeistert er Kennende ebenso wie alle, die sich gerade erst in die Welt des Schaumweins verlieben. Der Blanc de Blanc von Ruinart zeigt, dass guter Champagne nicht kompliziert sein muss, sondern bodenst\u00e4ndig und gleichzeitig supergenie\u00dfbar schmeckt. Dazu passt perfekt leichte Fischk\u00fcche, Austern oder einfach knusprig-salzige Appetizer.<\/p>\n","protected":false},"excerpt":{"rendered":"<p>Feinperlig, frisch und pure Chardonnay-Eleganz \u2013 der ideale Champagne f\u00fcr jeden Anlass und Gaumen.<\/p>\n","protected":false},"featured_media":13267,"comment_status":"open","ping_status":"closed","template":"","meta":{"_acf_changed":false,"_et_pb_use_builder":"","_et_pb_old_content":"","_et_gb_content_width":"","inline_featured_image":false,"_price":"56.90","_stock":"-1","_tribe_ticket_header":"","_tribe_default_ticket_provider":"","_ticket_start_date":"","_ticket_end_date":"","_tribe_ticket_show_description":"","_tribe_ticket_show_not_going":false,"_tribe_ticket_use_global_stock":"","_tribe_ticket_global_stock_level":"","_global_stock_mode":"","_global_stock_cap":"","_tribe_rsvp_for_event":"","_tribe_ticket_going_count":"","_tribe_ticket_not_going_count":"","_tribe_tickets_list":"[]","_tribe_ticket_has_attendee_info_fields":false},"product_brand":[],"product_cat":[136],"product_tag":[],"class_list":{"0":"post-13266","1":"product","2":"type-product","3":"status-publish","4":"has-post-thumbnail","6":"product_cat-schaumwein","8":"first","9":"outofstock","10":"taxable","11":"shipping-taxable","12":"purchasable","13":"product-type-simple"},"acf":[],"_links":{"self":[{"href":"https:\/\/weinhundert.styleinc.eu\/da\/wp-json\/wp\/v2\/product\/13266","targetHints":{"allow":["GET"]}}],"collection":[{"href":"https:\/\/weinhundert.styleinc.eu\/da\/wp-json\/wp\/v2\/product"}],"about":[{"href":"https:\/\/weinhundert.styleinc.eu\/da\/wp-json\/wp\/v2\/types\/product"}],"replies":[{"embeddable":true,"href":"https:\/\/weinhundert.styleinc.eu\/da\/wp-json\/wp\/v2\/comments?post=13266"}],"wp:featuredmedia":[{"embeddable":true,"href":"https:\/\/weinhundert.styleinc.eu\/da\/wp-json\/wp\/v2\/media\/13267"}],"wp:attachment":[{"href":"https:\/\/weinhundert.styleinc.eu\/da\/wp-json\/wp\/v2\/media?parent=13266"}],"wp:term":[{"taxonomy":"product_brand","embeddable":true,"href":"https:\/\/weinhundert.styleinc.eu\/da\/wp-json\/wp\/v2\/product_brand?post=13266"},{"taxonomy":"product_cat","embeddable":true,"href":"https:\/\/weinhundert.styleinc.eu\/da\/wp-json\/wp\/v2\/product_cat?post=13266"},{"taxonomy":"product_tag","embeddable":true,"href":"https:\/\/weinhundert.styleinc.eu\/da\/wp-json\/wp\/v2\/product_tag?post=13266"}],"curies":[{"name":"wp","href":"https:\/\/api.w.org\/{rel}","templated":true}]}}