{"id":13233,"date":"2026-03-04T19:51:35","date_gmt":"2026-03-04T18:51:35","guid":{"rendered":"https:\/\/weinhundert.styleinc.eu\/produkt\/bolla-valpolicella-2015-075-l\/"},"modified":"2026-03-10T21:24:39","modified_gmt":"2026-03-10T20:24:39","slug":"bolla-valpolicella-2015-075-l","status":"publish","type":"product","link":"https:\/\/weinhundert.styleinc.eu\/da\/produkt\/bolla-valpolicella-2015-075-l\/","title":{"rendered":"Bolla Valpolicella 2015 0,75 l"},"content":{"rendered":"<p>Dieser italienische Klassiker aus Venetien bringt dir das echte Valpolicella-Gef\u00fchl ins Glas \u2013 fruchtig, lebhaft und absolut unkompliziert. Die Corvina und Rondinella Trauben schenken dir saftige Noten von roten Beeren und Kirschen mit einem feinen Hauch von Kr\u00e4utern, die perfekt zum leichten K\u00f6rper passen. Bei 12,5 % Alkohol ist er erfrischend und dabei nicht d\u00fcnn \u2013 einfach ein solider Begleiter f\u00fcr entspannte Abende mit Freunden. Probier ihn zu Pizza, Pasta mit Tomatensauce oder auch zu leichteren Fleischgerichten.<\/p>\n","protected":false},"excerpt":{"rendered":"<p>Fruchtiger Klassiker aus Venetien: saftige Beeren, leicht und erfrischend, perfekt zu italienischer K\u00fcche.<\/p>\n","protected":false},"featured_media":13234,"comment_status":"open","ping_status":"closed","template":"","meta":{"_acf_changed":false,"_et_pb_use_builder":"","_et_pb_old_content":"","_et_gb_content_width":"","inline_featured_image":false,"_price":"6.99","_stock":"9","_tribe_ticket_header":"","_tribe_default_ticket_provider":"","_ticket_start_date":"","_ticket_end_date":"","_tribe_ticket_show_description":"","_tribe_ticket_show_not_going":false,"_tribe_ticket_use_global_stock":"","_tribe_ticket_global_stock_level":"","_global_stock_mode":"","_global_stock_cap":"","_tribe_rsvp_for_event":"","_tribe_ticket_going_count":"","_tribe_ticket_not_going_count":"","_tribe_tickets_list":"[]","_tribe_ticket_has_attendee_info_fields":false},"product_brand":[],"product_cat":[119],"product_tag":[],"class_list":{"0":"post-13233","1":"product","2":"type-product","3":"status-publish","4":"has-post-thumbnail","6":"product_cat-rotwein","8":"first","9":"instock","10":"taxable","11":"shipping-taxable","12":"purchasable","13":"product-type-simple"},"acf":[],"_links":{"self":[{"href":"https:\/\/weinhundert.styleinc.eu\/da\/wp-json\/wp\/v2\/product\/13233","targetHints":{"allow":["GET"]}}],"collection":[{"href":"https:\/\/weinhundert.styleinc.eu\/da\/wp-json\/wp\/v2\/product"}],"about":[{"href":"https:\/\/weinhundert.styleinc.eu\/da\/wp-json\/wp\/v2\/types\/product"}],"replies":[{"embeddable":true,"href":"https:\/\/weinhundert.styleinc.eu\/da\/wp-json\/wp\/v2\/comments?post=13233"}],"wp:featuredmedia":[{"embeddable":true,"href":"https:\/\/weinhundert.styleinc.eu\/da\/wp-json\/wp\/v2\/media\/13234"}],"wp:attachment":[{"href":"https:\/\/weinhundert.styleinc.eu\/da\/wp-json\/wp\/v2\/media?parent=13233"}],"wp:term":[{"taxonomy":"product_brand","embeddable":true,"href":"https:\/\/weinhundert.styleinc.eu\/da\/wp-json\/wp\/v2\/product_brand?post=13233"},{"taxonomy":"product_cat","embeddable":true,"href":"https:\/\/weinhundert.styleinc.eu\/da\/wp-json\/wp\/v2\/product_cat?post=13233"},{"taxonomy":"product_tag","embeddable":true,"href":"https:\/\/weinhundert.styleinc.eu\/da\/wp-json\/wp\/v2\/product_tag?post=13233"}],"curies":[{"name":"wp","href":"https:\/\/api.w.org\/{rel}","templated":true}]}}