{"id":13227,"date":"2026-03-04T19:51:22","date_gmt":"2026-03-04T18:51:22","guid":{"rendered":"https:\/\/weinhundert.styleinc.eu\/?post_type=product&#038;p=13227"},"modified":"2026-03-10T21:24:37","modified_gmt":"2026-03-10T20:24:37","slug":"bolla-valpolicella-ripasso-2012-075-l","status":"publish","type":"product","link":"https:\/\/weinhundert.styleinc.eu\/da\/produkt\/bolla-valpolicella-ripasso-2012-075-l\/","title":{"rendered":"Bolla Valpolicella Ripasso 2012 0,75 l"},"content":{"rendered":"<p>Dieser italienische Klassiker aus Venetien zeigt, warum der Valpolicella Ripasso seit Jahren Weinfreunde weltweit begeistert. Das Besondere: Die Trauben werden auf den getrockneten Traubenschalen des edlen Amarone vergoren \u2013 das gibt dem Wein richtig Kraft und eine wunderbar fruchtige Note mit zartem Kirsch- und Pflaumenaroma. Mit seinen 13 Prozent Alkohol sitzt er perfekt im Gleichgewicht und schmeckt weder zu schwer noch d\u00fcnn. Probier ihn zu Pasta mit Rag\u00f9, gegrilltem Fleisch oder kr\u00e4ftigem K\u00e4se \u2013 da zeigt er sein volles Potenzial!<\/p>\n","protected":false},"excerpt":{"rendered":"<p>Venetischer Klassiker mit samtiger Kraft und intensivem Aroma. Perfekt zu italienischem Essen!<\/p>\n","protected":false},"featured_media":13228,"comment_status":"open","ping_status":"closed","template":"","meta":{"_acf_changed":false,"_et_pb_use_builder":"","_et_pb_old_content":"","_et_gb_content_width":"","inline_featured_image":false,"_price":"11.98","_stock":"-1","_tribe_ticket_header":"","_tribe_default_ticket_provider":"","_ticket_start_date":"","_ticket_end_date":"","_tribe_ticket_show_description":"","_tribe_ticket_show_not_going":false,"_tribe_ticket_use_global_stock":"","_tribe_ticket_global_stock_level":"","_global_stock_mode":"","_global_stock_cap":"","_tribe_rsvp_for_event":"","_tribe_ticket_going_count":"","_tribe_ticket_not_going_count":"","_tribe_tickets_list":"[]","_tribe_ticket_has_attendee_info_fields":false},"product_brand":[],"product_cat":[119],"product_tag":[],"class_list":{"0":"post-13227","1":"product","2":"type-product","3":"status-publish","4":"has-post-thumbnail","6":"product_cat-rotwein","8":"first","9":"outofstock","10":"taxable","11":"shipping-taxable","12":"purchasable","13":"product-type-simple"},"acf":[],"_links":{"self":[{"href":"https:\/\/weinhundert.styleinc.eu\/da\/wp-json\/wp\/v2\/product\/13227","targetHints":{"allow":["GET"]}}],"collection":[{"href":"https:\/\/weinhundert.styleinc.eu\/da\/wp-json\/wp\/v2\/product"}],"about":[{"href":"https:\/\/weinhundert.styleinc.eu\/da\/wp-json\/wp\/v2\/types\/product"}],"replies":[{"embeddable":true,"href":"https:\/\/weinhundert.styleinc.eu\/da\/wp-json\/wp\/v2\/comments?post=13227"}],"wp:featuredmedia":[{"embeddable":true,"href":"https:\/\/weinhundert.styleinc.eu\/da\/wp-json\/wp\/v2\/media\/13228"}],"wp:attachment":[{"href":"https:\/\/weinhundert.styleinc.eu\/da\/wp-json\/wp\/v2\/media?parent=13227"}],"wp:term":[{"taxonomy":"product_brand","embeddable":true,"href":"https:\/\/weinhundert.styleinc.eu\/da\/wp-json\/wp\/v2\/product_brand?post=13227"},{"taxonomy":"product_cat","embeddable":true,"href":"https:\/\/weinhundert.styleinc.eu\/da\/wp-json\/wp\/v2\/product_cat?post=13227"},{"taxonomy":"product_tag","embeddable":true,"href":"https:\/\/weinhundert.styleinc.eu\/da\/wp-json\/wp\/v2\/product_tag?post=13227"}],"curies":[{"name":"wp","href":"https:\/\/api.w.org\/{rel}","templated":true}]}}