{"id":13200,"date":"2026-03-04T19:50:57","date_gmt":"2026-03-04T18:50:57","guid":{"rendered":"https:\/\/weinhundert.styleinc.eu\/produkt\/chateau-pierrail-bordeaux-blanc-2014-075-l\/"},"modified":"2026-03-10T21:24:29","modified_gmt":"2026-03-10T20:24:29","slug":"chateau-pierrail-bordeaux-blanc-2014-075-l","status":"publish","type":"product","link":"https:\/\/weinhundert.styleinc.eu\/da\/produkt\/chateau-pierrail-bordeaux-blanc-2014-075-l\/","title":{"rendered":"Ch\u00e2teau Pierrail Bordeaux Blanc 2014 0,75 l"},"content":{"rendered":"<p>Dieser Bordeaux Blanc aus dem Hause Ch\u00e2teau Pierrail zeigt dir, was die Westk\u00fcste Frankreichs mit Sauvignon Blanc und Sauvignon Gris alles hinbekommen kann. Der 2014er hat eine frische, mineralische Art an sich, die nach gr\u00fcnen \u00c4pfeln und Citrus ruft und dabei eine sch\u00f6ne Struktur mitbringt. Mit 14 % Alkohol sitzt er im perfekten Sweetspot \u2013 kr\u00e4ftig genug zum Genie\u00dfen, aber nicht belastend. Das ist ein Wein, der sich sowohl am Glas pur als auch zu Fisch, Meeresfr\u00fcchten oder leichten Nudelgerichten absolut wohlf\u00fchlt.<\/p>\n","protected":false},"excerpt":{"rendered":"<p>Frischer Bordeaux Blanc mit mineralischem Charme \u2013 Sauvignon mit Temperament f\u00fcr jeden Anlass.<\/p>\n","protected":false},"featured_media":13201,"comment_status":"open","ping_status":"closed","template":"","meta":{"_acf_changed":false,"_et_pb_use_builder":"","_et_pb_old_content":"","_et_gb_content_width":"","inline_featured_image":false,"_price":"9.99","_stock":"18","_tribe_ticket_header":"","_tribe_default_ticket_provider":"","_ticket_start_date":"","_ticket_end_date":"","_tribe_ticket_show_description":"","_tribe_ticket_show_not_going":false,"_tribe_ticket_use_global_stock":"","_tribe_ticket_global_stock_level":"","_global_stock_mode":"","_global_stock_cap":"","_tribe_rsvp_for_event":"","_tribe_ticket_going_count":"","_tribe_ticket_not_going_count":"","_tribe_tickets_list":"[]","_tribe_ticket_has_attendee_info_fields":false},"product_brand":[],"product_cat":[120],"product_tag":[],"class_list":{"0":"post-13200","1":"product","2":"type-product","3":"status-publish","4":"has-post-thumbnail","6":"product_cat-weisswein","8":"first","9":"instock","10":"taxable","11":"shipping-taxable","12":"purchasable","13":"product-type-simple"},"acf":[],"_links":{"self":[{"href":"https:\/\/weinhundert.styleinc.eu\/da\/wp-json\/wp\/v2\/product\/13200","targetHints":{"allow":["GET"]}}],"collection":[{"href":"https:\/\/weinhundert.styleinc.eu\/da\/wp-json\/wp\/v2\/product"}],"about":[{"href":"https:\/\/weinhundert.styleinc.eu\/da\/wp-json\/wp\/v2\/types\/product"}],"replies":[{"embeddable":true,"href":"https:\/\/weinhundert.styleinc.eu\/da\/wp-json\/wp\/v2\/comments?post=13200"}],"wp:featuredmedia":[{"embeddable":true,"href":"https:\/\/weinhundert.styleinc.eu\/da\/wp-json\/wp\/v2\/media\/13201"}],"wp:attachment":[{"href":"https:\/\/weinhundert.styleinc.eu\/da\/wp-json\/wp\/v2\/media?parent=13200"}],"wp:term":[{"taxonomy":"product_brand","embeddable":true,"href":"https:\/\/weinhundert.styleinc.eu\/da\/wp-json\/wp\/v2\/product_brand?post=13200"},{"taxonomy":"product_cat","embeddable":true,"href":"https:\/\/weinhundert.styleinc.eu\/da\/wp-json\/wp\/v2\/product_cat?post=13200"},{"taxonomy":"product_tag","embeddable":true,"href":"https:\/\/weinhundert.styleinc.eu\/da\/wp-json\/wp\/v2\/product_tag?post=13200"}],"curies":[{"name":"wp","href":"https:\/\/api.w.org\/{rel}","templated":true}]}}