{"id":13173,"date":"2026-03-04T19:50:30","date_gmt":"2026-03-04T18:50:30","guid":{"rendered":"https:\/\/weinhundert.styleinc.eu\/?post_type=product&#038;p=13173"},"modified":"2026-03-10T21:24:23","modified_gmt":"2026-03-10T20:24:23","slug":"f-x-pichler-gruener-veltliner-urgestein-terrassen-2013-075-l","status":"publish","type":"product","link":"https:\/\/weinhundert.styleinc.eu\/da\/produkt\/f-x-pichler-gruener-veltliner-urgestein-terrassen-2013-075-l\/","title":{"rendered":"F.X. Pichler Gr\u00fcner Veltliner Urgestein Terrassen 2013 0,75 l"},"content":{"rendered":"<p>Das Urgestein aus der Wachau ist ein Gr\u00fcner Veltliner, der zeigt, worum es in \u00d6sterreich geht: mineralische Spannung, Frische und echte Kraft. Der 2013er hat Tiefe gewonnen und entwickelt sich wunderbar \u2013 Noten von Grapefruit und Steinobst treffen auf eine fast salzige Mineralit\u00e4t, die dich im Mund festh\u00e4lt. F.X. Pichler geh\u00f6rt zu den besten MacherInnen dieser Region und dieser Jahrgang ist ein sch\u00f6nes Beispiel daf\u00fcr. Passt perfekt zu Fisch, Meeresfr\u00fcchten oder leichten Nudelgerichten mit Kr\u00e4utern.<\/p>\n","protected":false},"excerpt":{"rendered":"<p>Mineralischer Gr\u00fcner Veltliner aus der Wachau mit Tiefe und Frische \u2013 echter Klassiker vom Top-Weingut F.X. Pichler.<\/p>\n","protected":false},"featured_media":13174,"comment_status":"open","ping_status":"closed","template":"","meta":{"_acf_changed":false,"_et_pb_use_builder":"","_et_pb_old_content":"","_et_gb_content_width":"","inline_featured_image":false,"_price":"24.90","_stock":"-1","_tribe_ticket_header":"","_tribe_default_ticket_provider":"","_ticket_start_date":"","_ticket_end_date":"","_tribe_ticket_show_description":"","_tribe_ticket_show_not_going":false,"_tribe_ticket_use_global_stock":"","_tribe_ticket_global_stock_level":"","_global_stock_mode":"","_global_stock_cap":"","_tribe_rsvp_for_event":"","_tribe_ticket_going_count":"","_tribe_ticket_not_going_count":"","_tribe_tickets_list":"[]","_tribe_ticket_has_attendee_info_fields":false},"product_brand":[],"product_cat":[120],"product_tag":[],"class_list":{"0":"post-13173","1":"product","2":"type-product","3":"status-publish","4":"has-post-thumbnail","6":"product_cat-weisswein","8":"first","9":"outofstock","10":"taxable","11":"shipping-taxable","12":"purchasable","13":"product-type-simple"},"acf":[],"_links":{"self":[{"href":"https:\/\/weinhundert.styleinc.eu\/da\/wp-json\/wp\/v2\/product\/13173","targetHints":{"allow":["GET"]}}],"collection":[{"href":"https:\/\/weinhundert.styleinc.eu\/da\/wp-json\/wp\/v2\/product"}],"about":[{"href":"https:\/\/weinhundert.styleinc.eu\/da\/wp-json\/wp\/v2\/types\/product"}],"replies":[{"embeddable":true,"href":"https:\/\/weinhundert.styleinc.eu\/da\/wp-json\/wp\/v2\/comments?post=13173"}],"wp:featuredmedia":[{"embeddable":true,"href":"https:\/\/weinhundert.styleinc.eu\/da\/wp-json\/wp\/v2\/media\/13174"}],"wp:attachment":[{"href":"https:\/\/weinhundert.styleinc.eu\/da\/wp-json\/wp\/v2\/media?parent=13173"}],"wp:term":[{"taxonomy":"product_brand","embeddable":true,"href":"https:\/\/weinhundert.styleinc.eu\/da\/wp-json\/wp\/v2\/product_brand?post=13173"},{"taxonomy":"product_cat","embeddable":true,"href":"https:\/\/weinhundert.styleinc.eu\/da\/wp-json\/wp\/v2\/product_cat?post=13173"},{"taxonomy":"product_tag","embeddable":true,"href":"https:\/\/weinhundert.styleinc.eu\/da\/wp-json\/wp\/v2\/product_tag?post=13173"}],"curies":[{"name":"wp","href":"https:\/\/api.w.org\/{rel}","templated":true}]}}