{"id":13170,"date":"2026-03-04T19:50:28","date_gmt":"2026-03-04T18:50:28","guid":{"rendered":"https:\/\/weinhundert.styleinc.eu\/?post_type=product&#038;p=13170"},"modified":"2026-03-10T21:24:22","modified_gmt":"2026-03-10T20:24:22","slug":"f-x-pichler-gruener-veltliner-loibner-klostersatz-2013-075-l","status":"publish","type":"product","link":"https:\/\/weinhundert.styleinc.eu\/da\/produkt\/f-x-pichler-gruener-veltliner-loibner-klostersatz-2013-075-l\/","title":{"rendered":"F.X. Pichler Gr\u00fcner Veltliner Loibner Klostersatz 2013 0,75 l"},"content":{"rendered":"<p>Dieser Gr\u00fcner Veltliner aus der Wachau zeigt, warum F.X. Pichler l\u00e4ngst zur Klassiker-Liga geh\u00f6rt. Der Loibner Klostersatz besticht mit lebendigen Steinobst- und Kr\u00e4uternoten, die an die raue Sch\u00f6nheit der Terrassenh\u00e4nge erinnern \u2013 nicht zu schwer, aber mit echtem Charakter. Bei knapp 13 Prozent Alkohol sitzt er perfekt im Gleichgewicht zwischen Frucht und mineralischen Spannungen. Perfekt zu knackigem Salat, Fisch oder auch zu Pasta mit Kr\u00e4utersaucen, wenn dir danach ist.<\/p>\n","protected":false},"excerpt":{"rendered":"<p>Wachau-Klassiker mit Mineralit\u00e4t und Frucht. F.X. Pichler auf den Punkt gebracht \u2013 pr\u00e4zise und lebendig.<\/p>\n","protected":false},"featured_media":13171,"comment_status":"open","ping_status":"closed","template":"","meta":{"_acf_changed":false,"_et_pb_use_builder":"","_et_pb_old_content":"","_et_gb_content_width":"","inline_featured_image":false,"_price":"19.99","_stock":"-1","_tribe_ticket_header":"","_tribe_default_ticket_provider":"","_ticket_start_date":"","_ticket_end_date":"","_tribe_ticket_show_description":"","_tribe_ticket_show_not_going":false,"_tribe_ticket_use_global_stock":"","_tribe_ticket_global_stock_level":"","_global_stock_mode":"","_global_stock_cap":"","_tribe_rsvp_for_event":"","_tribe_ticket_going_count":"","_tribe_ticket_not_going_count":"","_tribe_tickets_list":"[]","_tribe_ticket_has_attendee_info_fields":false},"product_brand":[],"product_cat":[120],"product_tag":[],"class_list":{"0":"post-13170","1":"product","2":"type-product","3":"status-publish","4":"has-post-thumbnail","6":"product_cat-weisswein","8":"first","9":"outofstock","10":"taxable","11":"shipping-taxable","12":"purchasable","13":"product-type-simple"},"acf":[],"_links":{"self":[{"href":"https:\/\/weinhundert.styleinc.eu\/da\/wp-json\/wp\/v2\/product\/13170","targetHints":{"allow":["GET"]}}],"collection":[{"href":"https:\/\/weinhundert.styleinc.eu\/da\/wp-json\/wp\/v2\/product"}],"about":[{"href":"https:\/\/weinhundert.styleinc.eu\/da\/wp-json\/wp\/v2\/types\/product"}],"replies":[{"embeddable":true,"href":"https:\/\/weinhundert.styleinc.eu\/da\/wp-json\/wp\/v2\/comments?post=13170"}],"wp:featuredmedia":[{"embeddable":true,"href":"https:\/\/weinhundert.styleinc.eu\/da\/wp-json\/wp\/v2\/media\/13171"}],"wp:attachment":[{"href":"https:\/\/weinhundert.styleinc.eu\/da\/wp-json\/wp\/v2\/media?parent=13170"}],"wp:term":[{"taxonomy":"product_brand","embeddable":true,"href":"https:\/\/weinhundert.styleinc.eu\/da\/wp-json\/wp\/v2\/product_brand?post=13170"},{"taxonomy":"product_cat","embeddable":true,"href":"https:\/\/weinhundert.styleinc.eu\/da\/wp-json\/wp\/v2\/product_cat?post=13170"},{"taxonomy":"product_tag","embeddable":true,"href":"https:\/\/weinhundert.styleinc.eu\/da\/wp-json\/wp\/v2\/product_tag?post=13170"}],"curies":[{"name":"wp","href":"https:\/\/api.w.org\/{rel}","templated":true}]}}