{"id":13164,"date":"2026-03-04T19:50:24","date_gmt":"2026-03-04T18:50:24","guid":{"rendered":"https:\/\/weinhundert.styleinc.eu\/?post_type=product&#038;p=13164"},"modified":"2026-03-10T21:24:21","modified_gmt":"2026-03-10T20:24:21","slug":"brancaia-il-bianco-2013-075-l","status":"publish","type":"product","link":"https:\/\/weinhundert.styleinc.eu\/da\/produkt\/brancaia-il-bianco-2013-075-l\/","title":{"rendered":"Brancaia Il Bianco 2013 0,75 l"},"content":{"rendered":"<p>Dieser toskanische Wei\u00dfwein ist eine echte \u00dcberraschung aus dem Brancaia-Weingut und beweist, dass Italiens S\u00fcden nicht nur rote Weine im K\u00f6cher hat. Die Mischung aus Sauvignon Blanc, Gew\u00fcrztraminer, Semillon und Viognier ergibt ein spannendes Spiel zwischen Frucht und w\u00fcrzigen Noten \u2013 frisch, lebendig und mit genau der richtigen Mineralit\u00e4t. Mit 12,5% Alkohol sitzt er perfekt zwischen Leichtigkeit und Substanz. Dazu passen Fisch, helle Meeresfr\u00fcchte oder ein klassischer Caprese-Salat wunderbar.<\/p>\n","protected":false},"excerpt":{"rendered":"<p>Italienischer Wei\u00dfwein-Mix aus der Toskana mit Sauvignon, Gew\u00fcrztraminer und Viognier \u2013 frisch und mineralisch.<\/p>\n","protected":false},"featured_media":13165,"comment_status":"open","ping_status":"closed","template":"","meta":{"_acf_changed":false,"_et_pb_use_builder":"","_et_pb_old_content":"","_et_gb_content_width":"","inline_featured_image":false,"_price":"5.99","_stock":"-1","_tribe_ticket_header":"","_tribe_default_ticket_provider":"","_ticket_start_date":"","_ticket_end_date":"","_tribe_ticket_show_description":"","_tribe_ticket_show_not_going":false,"_tribe_ticket_use_global_stock":"","_tribe_ticket_global_stock_level":"","_global_stock_mode":"","_global_stock_cap":"","_tribe_rsvp_for_event":"","_tribe_ticket_going_count":"","_tribe_ticket_not_going_count":"","_tribe_tickets_list":"[]","_tribe_ticket_has_attendee_info_fields":false},"product_brand":[],"product_cat":[120],"product_tag":[],"class_list":{"0":"post-13164","1":"product","2":"type-product","3":"status-publish","4":"has-post-thumbnail","6":"product_cat-weisswein","8":"first","9":"outofstock","10":"taxable","11":"shipping-taxable","12":"purchasable","13":"product-type-simple"},"acf":[],"_links":{"self":[{"href":"https:\/\/weinhundert.styleinc.eu\/da\/wp-json\/wp\/v2\/product\/13164","targetHints":{"allow":["GET"]}}],"collection":[{"href":"https:\/\/weinhundert.styleinc.eu\/da\/wp-json\/wp\/v2\/product"}],"about":[{"href":"https:\/\/weinhundert.styleinc.eu\/da\/wp-json\/wp\/v2\/types\/product"}],"replies":[{"embeddable":true,"href":"https:\/\/weinhundert.styleinc.eu\/da\/wp-json\/wp\/v2\/comments?post=13164"}],"wp:featuredmedia":[{"embeddable":true,"href":"https:\/\/weinhundert.styleinc.eu\/da\/wp-json\/wp\/v2\/media\/13165"}],"wp:attachment":[{"href":"https:\/\/weinhundert.styleinc.eu\/da\/wp-json\/wp\/v2\/media?parent=13164"}],"wp:term":[{"taxonomy":"product_brand","embeddable":true,"href":"https:\/\/weinhundert.styleinc.eu\/da\/wp-json\/wp\/v2\/product_brand?post=13164"},{"taxonomy":"product_cat","embeddable":true,"href":"https:\/\/weinhundert.styleinc.eu\/da\/wp-json\/wp\/v2\/product_cat?post=13164"},{"taxonomy":"product_tag","embeddable":true,"href":"https:\/\/weinhundert.styleinc.eu\/da\/wp-json\/wp\/v2\/product_tag?post=13164"}],"curies":[{"name":"wp","href":"https:\/\/api.w.org\/{rel}","templated":true}]}}