{"id":13140,"date":"2026-03-04T19:50:02","date_gmt":"2026-03-04T18:50:02","guid":{"rendered":"https:\/\/weinhundert.styleinc.eu\/?post_type=product&#038;p=13140"},"modified":"2026-03-10T21:24:14","modified_gmt":"2026-03-10T20:24:14","slug":"terlan-siebeneich-2015-075-l","status":"publish","type":"product","link":"https:\/\/weinhundert.styleinc.eu\/da\/produkt\/terlan-siebeneich-2015-075-l\/","title":{"rendered":"Terlan Siebeneich  2015 0,75 l"},"content":{"rendered":"<p>Dieser Merlot aus S\u00fcdtirol zeigt dir, was italienische Weinmacher wirklich draufhaben \u2013 saftig, voller Saft und ohne gro\u00dfes Tamtam. Der Siebeneich besticht durch dunkle Beerenfr\u00fcchte, eine sch\u00f6ne W\u00fcrzigkeit und eine angenehme Frische, die nicht ablenkt, sondern das Ganze perfekt zusammenh\u00e4lt. Mit vierzehn Prozent Alkohol sitzt er im angenehmen Mittelfeld und l\u00e4sst sich echt variabel trinken. Probier ihn zu Pasta mit Rag\u00f9, Gegrilltem oder einfach pur zum Abh\u00e4ngen \u2013 dieser Wein macht&#8217;s dir nicht schwer.<\/p>\n","protected":false},"excerpt":{"rendered":"<p>S\u00fcdtiroler Merlot mit Biss: fruchtig, w\u00fcrzig und super unkompliziert zu trinken.<\/p>\n","protected":false},"featured_media":13141,"comment_status":"open","ping_status":"closed","template":"","meta":{"_acf_changed":false,"_et_pb_use_builder":"","_et_pb_old_content":"","_et_gb_content_width":"","inline_featured_image":false,"_price":"16.56","_stock":"-1","_tribe_ticket_header":"","_tribe_default_ticket_provider":"","_ticket_start_date":"","_ticket_end_date":"","_tribe_ticket_show_description":"","_tribe_ticket_show_not_going":false,"_tribe_ticket_use_global_stock":"","_tribe_ticket_global_stock_level":"","_global_stock_mode":"","_global_stock_cap":"","_tribe_rsvp_for_event":"","_tribe_ticket_going_count":"","_tribe_ticket_not_going_count":"","_tribe_tickets_list":"[]","_tribe_ticket_has_attendee_info_fields":false},"product_brand":[],"product_cat":[119],"product_tag":[],"class_list":{"0":"post-13140","1":"product","2":"type-product","3":"status-publish","4":"has-post-thumbnail","6":"product_cat-rotwein","8":"first","9":"outofstock","10":"taxable","11":"shipping-taxable","12":"purchasable","13":"product-type-simple"},"acf":[],"_links":{"self":[{"href":"https:\/\/weinhundert.styleinc.eu\/da\/wp-json\/wp\/v2\/product\/13140","targetHints":{"allow":["GET"]}}],"collection":[{"href":"https:\/\/weinhundert.styleinc.eu\/da\/wp-json\/wp\/v2\/product"}],"about":[{"href":"https:\/\/weinhundert.styleinc.eu\/da\/wp-json\/wp\/v2\/types\/product"}],"replies":[{"embeddable":true,"href":"https:\/\/weinhundert.styleinc.eu\/da\/wp-json\/wp\/v2\/comments?post=13140"}],"wp:featuredmedia":[{"embeddable":true,"href":"https:\/\/weinhundert.styleinc.eu\/da\/wp-json\/wp\/v2\/media\/13141"}],"wp:attachment":[{"href":"https:\/\/weinhundert.styleinc.eu\/da\/wp-json\/wp\/v2\/media?parent=13140"}],"wp:term":[{"taxonomy":"product_brand","embeddable":true,"href":"https:\/\/weinhundert.styleinc.eu\/da\/wp-json\/wp\/v2\/product_brand?post=13140"},{"taxonomy":"product_cat","embeddable":true,"href":"https:\/\/weinhundert.styleinc.eu\/da\/wp-json\/wp\/v2\/product_cat?post=13140"},{"taxonomy":"product_tag","embeddable":true,"href":"https:\/\/weinhundert.styleinc.eu\/da\/wp-json\/wp\/v2\/product_tag?post=13140"}],"curies":[{"name":"wp","href":"https:\/\/api.w.org\/{rel}","templated":true}]}}