{"id":13137,"date":"2026-03-04T19:49:59","date_gmt":"2026-03-04T18:49:59","guid":{"rendered":"https:\/\/weinhundert.styleinc.eu\/?post_type=product&#038;p=13137"},"modified":"2026-03-10T21:24:12","modified_gmt":"2026-03-10T20:24:12","slug":"bolla-amarone-2012-075-l","status":"publish","type":"product","link":"https:\/\/weinhundert.styleinc.eu\/da\/produkt\/bolla-amarone-2012-075-l\/","title":{"rendered":"Bolla Amarone 2012 0,75 l"},"content":{"rendered":"<p>Dieser Amarone aus Venetien zeigt dir, warum dieser Wein in Italien so geliebt wird \u2013 vollgepackt mit Kraft und Intensit\u00e4t, aber ohne dabei \u00fcberraschend zu wirken. Die getrockneten Trauben bringen dir Aromen von dunklen Kirschen, Pflaume und einem Hauch von Schokolade, dazu ein w\u00e4rmender Alkoholgehalt von 15 Prozent, der sich perfekt anf\u00fchlt. Der 2012er Jahrgang hat sich wunderbar entwickelt und bietet genau das, was einen gro\u00dfen italienischen Rotwein ausmacht: Tiefe, Charakter und eine angenehme Pr\u00e4senz im Mund. Passt hervorragend zu kr\u00e4ftigen Pasta-Saucen, gereiftem K\u00e4se oder geschmorten Fleischgerichten.<\/p>\n","protected":false},"excerpt":{"rendered":"<p>Venetianische Kraftkerle mit Kirsch- und Schokoladennoten \u2013 perfekt zu kraftvollen Gerichten.<\/p>\n","protected":false},"featured_media":13138,"comment_status":"open","ping_status":"closed","template":"","meta":{"_acf_changed":false,"_et_pb_use_builder":"","_et_pb_old_content":"","_et_gb_content_width":"","inline_featured_image":false,"_price":"20.90","_stock":"-1","_tribe_ticket_header":"","_tribe_default_ticket_provider":"","_ticket_start_date":"","_ticket_end_date":"","_tribe_ticket_show_description":"","_tribe_ticket_show_not_going":false,"_tribe_ticket_use_global_stock":"","_tribe_ticket_global_stock_level":"","_global_stock_mode":"","_global_stock_cap":"","_tribe_rsvp_for_event":"","_tribe_ticket_going_count":"","_tribe_ticket_not_going_count":"","_tribe_tickets_list":"[]","_tribe_ticket_has_attendee_info_fields":false},"product_brand":[],"product_cat":[119],"product_tag":[],"class_list":{"0":"post-13137","1":"product","2":"type-product","3":"status-publish","4":"has-post-thumbnail","6":"product_cat-rotwein","8":"first","9":"outofstock","10":"taxable","11":"shipping-taxable","12":"purchasable","13":"product-type-simple"},"acf":[],"_links":{"self":[{"href":"https:\/\/weinhundert.styleinc.eu\/da\/wp-json\/wp\/v2\/product\/13137","targetHints":{"allow":["GET"]}}],"collection":[{"href":"https:\/\/weinhundert.styleinc.eu\/da\/wp-json\/wp\/v2\/product"}],"about":[{"href":"https:\/\/weinhundert.styleinc.eu\/da\/wp-json\/wp\/v2\/types\/product"}],"replies":[{"embeddable":true,"href":"https:\/\/weinhundert.styleinc.eu\/da\/wp-json\/wp\/v2\/comments?post=13137"}],"wp:featuredmedia":[{"embeddable":true,"href":"https:\/\/weinhundert.styleinc.eu\/da\/wp-json\/wp\/v2\/media\/13138"}],"wp:attachment":[{"href":"https:\/\/weinhundert.styleinc.eu\/da\/wp-json\/wp\/v2\/media?parent=13137"}],"wp:term":[{"taxonomy":"product_brand","embeddable":true,"href":"https:\/\/weinhundert.styleinc.eu\/da\/wp-json\/wp\/v2\/product_brand?post=13137"},{"taxonomy":"product_cat","embeddable":true,"href":"https:\/\/weinhundert.styleinc.eu\/da\/wp-json\/wp\/v2\/product_cat?post=13137"},{"taxonomy":"product_tag","embeddable":true,"href":"https:\/\/weinhundert.styleinc.eu\/da\/wp-json\/wp\/v2\/product_tag?post=13137"}],"curies":[{"name":"wp","href":"https:\/\/api.w.org\/{rel}","templated":true}]}}