{"id":13134,"date":"2026-03-04T19:49:57","date_gmt":"2026-03-04T18:49:57","guid":{"rendered":"https:\/\/weinhundert.styleinc.eu\/produkt\/masi-rosa-dei-masi-rosato-delle-venezie-2015-075-l\/"},"modified":"2026-03-10T21:24:12","modified_gmt":"2026-03-10T20:24:12","slug":"masi-rosa-dei-masi-rosato-delle-venezie-2015-075-l","status":"publish","type":"product","link":"https:\/\/weinhundert.styleinc.eu\/da\/produkt\/masi-rosa-dei-masi-rosato-delle-venezie-2015-075-l\/","title":{"rendered":"Masi Rosa dei Masi Rosato delle Venezie 2015 0,75 l"},"content":{"rendered":"<p>Dieser Ros\u00e9 aus Venetien zeigt, dass italienische Ros\u00e9weine eine ganz eigene Liga spielen. Die Refosco-Traube bringt dir hier eine wunderbar frische S\u00e4ure und dezente Beerennoten mit, die perfekt f\u00fcr warme Tage sind. Mit seinen 12,5% Alkohol sitzt er im Sweet Spot zwischen erfrischend und nachdenklich genug, um auch beim Essen zu punkten. Ob Sommersalate, leichte Fischgerichte oder sogar Pizza \u2013 dieser Venezianer passt flexibel zu deinem Tisch.<\/p>\n","protected":false},"excerpt":{"rendered":"<p>Frischer italienischer Ros\u00e9 mit Biss. Venetianische Refosco f\u00fcr jeden Tag.<\/p>\n","protected":false},"featured_media":13135,"comment_status":"open","ping_status":"closed","template":"","meta":{"_acf_changed":false,"_et_pb_use_builder":"","_et_pb_old_content":"","_et_gb_content_width":"","inline_featured_image":false,"_price":"6.99","_stock":"16","_tribe_ticket_header":"","_tribe_default_ticket_provider":"","_ticket_start_date":"","_ticket_end_date":"","_tribe_ticket_show_description":"","_tribe_ticket_show_not_going":false,"_tribe_ticket_use_global_stock":"","_tribe_ticket_global_stock_level":"","_global_stock_mode":"","_global_stock_cap":"","_tribe_rsvp_for_event":"","_tribe_ticket_going_count":"","_tribe_ticket_not_going_count":"","_tribe_tickets_list":"[]","_tribe_ticket_has_attendee_info_fields":false},"product_brand":[],"product_cat":[135],"product_tag":[],"class_list":{"0":"post-13134","1":"product","2":"type-product","3":"status-publish","4":"has-post-thumbnail","6":"product_cat-rosewein","8":"first","9":"instock","10":"taxable","11":"shipping-taxable","12":"purchasable","13":"product-type-simple"},"acf":[],"_links":{"self":[{"href":"https:\/\/weinhundert.styleinc.eu\/da\/wp-json\/wp\/v2\/product\/13134","targetHints":{"allow":["GET"]}}],"collection":[{"href":"https:\/\/weinhundert.styleinc.eu\/da\/wp-json\/wp\/v2\/product"}],"about":[{"href":"https:\/\/weinhundert.styleinc.eu\/da\/wp-json\/wp\/v2\/types\/product"}],"replies":[{"embeddable":true,"href":"https:\/\/weinhundert.styleinc.eu\/da\/wp-json\/wp\/v2\/comments?post=13134"}],"wp:featuredmedia":[{"embeddable":true,"href":"https:\/\/weinhundert.styleinc.eu\/da\/wp-json\/wp\/v2\/media\/13135"}],"wp:attachment":[{"href":"https:\/\/weinhundert.styleinc.eu\/da\/wp-json\/wp\/v2\/media?parent=13134"}],"wp:term":[{"taxonomy":"product_brand","embeddable":true,"href":"https:\/\/weinhundert.styleinc.eu\/da\/wp-json\/wp\/v2\/product_brand?post=13134"},{"taxonomy":"product_cat","embeddable":true,"href":"https:\/\/weinhundert.styleinc.eu\/da\/wp-json\/wp\/v2\/product_cat?post=13134"},{"taxonomy":"product_tag","embeddable":true,"href":"https:\/\/weinhundert.styleinc.eu\/da\/wp-json\/wp\/v2\/product_tag?post=13134"}],"curies":[{"name":"wp","href":"https:\/\/api.w.org\/{rel}","templated":true}]}}